{"id":712,"date":"2020-04-22T14:01:26","date_gmt":"2020-04-22T12:01:26","guid":{"rendered":"https:\/\/www.magnolio.shop\/onguard-softgels-onguard-softgels-schuetzend\/"},"modified":"2025-12-09T11:10:31","modified_gmt":"2025-12-09T10:10:31","slug":"doterra-on-guard-softgels","status":"publish","type":"product","link":"https:\/\/www.magnolioworld.com\/green-ro\/doterra-on-guard-softgels\/","title":{"rendered":"doTERRA On Guard Softgels"},"content":{"rendered":"<p>doTERRA On Guard Softgels &#8211; reprezint\u0103 o protec\u021bie optim\u0103 pentru corp, minte \u0219i suflet \u00een vremuri turbulente &#8211; sub form\u0103 de capsule moi practice.<\/p>\n<p>\u00cen aceste vremuri speciale, at\u00e2t de multe lucruri vin spre noi din exterior. De aceea, este cu at\u00e2t mai important s\u0103 ne protej\u0103m sistemul imunitar c\u00e2t mai bine posibil, astfel \u00eenc\u00e2t acesta s\u0103 fie echipat \u00een mod optim \u00eempotriva influen\u021belor externe de orice fel.  <\/p>\n<p>Cu toate acestea, perioadele de criz\u0103, stresul \u0219i situa\u021biile stresante din mediul \u00eenconjur\u0103tor sl\u0103besc considerabil acest scut protector. Sistemul nostru imunitar are nevoie de cel mai bun sprijin posibil pe tot parcursul anului. Pentru c\u0103 un sistem imunitar sl\u0103bit v\u0103 poate scoate u\u0219or din circuit \u0219i v\u0103 poate opri pentru s\u0103pt\u0103m\u00e2ni \u00eentregi.<\/p>\n<p>Dac\u0103 \u0219i tu ai impresia c\u0103 sistemul t\u0103u imunitar are nevoie urgent\u0103 de un impuls sau pur \u0219i simplu vrei s\u0103 iei m\u0103suri preventive, atunci apeleaz\u0103 la sprijinul naturii pure cu uleiurile esen\u021biale de \u00eenalt\u0103 calitate din <strong>doTERRA On Guard softgels<\/strong>.<\/p>\n<p><strong>doTERRA On Guard<\/strong> a fost dezvoltat special pentru a v\u0103 \u00eent\u0103ri \u0219i sus\u021bine sistemul imunitar \u00een cel mai bun mod posibil.<br \/>\nAcest amestec este o compozi\u021bie armonizat\u0103 cu precizie de portocal\u0103 s\u0103lbatic\u0103, cui\u0219oare, scoar\u021b\u0103 de scor\u021bi\u0219oar\u0103, eucalipt \u0219i rozmarin. Acest amestec energizant \u0219i de ridicare a st\u0103rii de spirit este o necesitate, mai ales \u00een perioada de tranzi\u021bie, dar este, de asemenea, foarte util ca m\u0103sur\u0103 preventiv\u0103 pe tot parcursul anului.<\/p>\n<p>doTERRA On Guard se \u00eenf\u0103\u0219oar\u0103 \u00een jurul \u00eentregului corp ca un scut protector, ofer\u0103, de asemenea, protec\u021bie energetic\u0103 \u0219i are un efect dezinfectant \u0219i de cur\u0103\u021bare natural\u0103.<\/p>\n<p>Aceste capsule moi vegane doTERRA On Guard, care con\u021bin amestecul protector \u0219i pot fi luate cu u\u0219urin\u021b\u0103, sunt ideale pentru o protec\u021bie rapid\u0103 \u0219i optim\u0103.<\/p>\n<p>Spray-ul On Guard Mist, pic\u0103turile On Guard \u0219i m\u0103rgelele On Guard au fost dezvoltate pentru o utilizare practic\u0103 \u00een timpul c\u0103l\u0103toriilor.  <\/p>\n<p>O varietate de produse de uz casnic On Guard, cum ar fi On Guard Universal Cleaner, On Guard Foaming Hand Soap \u0219i On Guard Laundry Detergent, ofer\u0103 o protec\u021bie optim\u0103 acas\u0103. \u00cengrijirea dentar\u0103 este completat\u0103 de pasta de din\u021bi On Guard, apa de gur\u0103 On Guard \u0219i a\u021ba dentar\u0103 On Guard.<\/p>\n<p>Sprijini\u021bi-v\u0103 organismul cu puterea naturii pure din On Guard \u0219i oferi\u021bi-i un scut protector pentru fiecare zi, av\u00e2nd mereu la dumneavoastr\u0103 gelurile moi protectoare.<\/p>\n<p><strong>Recomandare<br \/>\n<\/strong>Intern: se administreaz\u0103 1 capsul\u0103 moale pe zi. V\u0103 rug\u0103m s\u0103 respecta\u021bi toate precau\u021biile \u0219i avertismentele \u00eenainte de utilizare.<\/p>\n<p><strong>Utilizare sigur\u0103<\/strong><br \/>\nNu dep\u0103\u0219i\u021bi doza zilnic\u0103 recomandat\u0103. A nu se p\u0103stra la \u00eendem\u00e2na copiilor. De\u0219i suplimentele alimentare sunt un plus excelent pentru dieta dumneavoastr\u0103, ele nu pot \u00eenlocui o diet\u0103 variat\u0103 \u0219i echilibrat\u0103 \u0219i un stil de via\u021b\u0103 s\u0103n\u0103tos. Se p\u0103streaz\u0103 \u00eentr-un loc r\u0103coros.<\/p>\n","protected":false},"excerpt":{"rendered":"<h2 style=\"font-size: 28px\">Capsule de protec\u021bie<\/h2>\n<p>doTERRA On Guard Softgels &#8211; Ofer\u0103 o protec\u021bie optim\u0103 \u0219i complet\u0103 pentru corp, minte \u0219i suflet \u00een vremuri tulburi. Sprijin\u0103-\u021bi corpul cu puterea naturii \u0219i ofer\u0103-i un scut protector pentru fiecare zi. Aici, sub form\u0103 de capsule moi vegane practice pentru a fi consumate \u00een deplasare.<\/p>\n","protected":false},"featured_media":4098,"template":"","meta":{"_et_pb_use_builder":"","_et_pb_old_content":"","_et_gb_content_width":""},"product_cat":[15,52,43,46,53,1952,1971,1973],"product_tag":[337,338],"_links":{"self":[{"href":"https:\/\/www.magnolioworld.com\/green-ro\/wp-json\/wp\/v2\/product\/712"}],"collection":[{"href":"https:\/\/www.magnolioworld.com\/green-ro\/wp-json\/wp\/v2\/product"}],"about":[{"href":"https:\/\/www.magnolioworld.com\/green-ro\/wp-json\/wp\/v2\/types\/product"}],"wp:featuredmedia":[{"embeddable":true,"href":"https:\/\/www.magnolioworld.com\/green-ro\/wp-json\/wp\/v2\/media\/4098"}],"wp:attachment":[{"href":"https:\/\/www.magnolioworld.com\/green-ro\/wp-json\/wp\/v2\/media?parent=712"}],"wp:term":[{"taxonomy":"product_cat","embeddable":true,"href":"https:\/\/www.magnolioworld.com\/green-ro\/wp-json\/wp\/v2\/product_cat?post=712"},{"taxonomy":"product_tag","embeddable":true,"href":"https:\/\/www.magnolioworld.com\/green-ro\/wp-json\/wp\/v2\/product_tag?post=712"}],"curies":[{"name":"wp","href":"https:\/\/api.w.org\/{rel}","templated":true}]}}