{"id":711,"date":"2020-04-22T14:01:26","date_gmt":"2020-04-22T12:01:26","guid":{"rendered":"https:\/\/www.magnolio.shop\/onguard-beadlets-onguard-beadlets-schuetzend\/"},"modified":"2026-03-11T11:33:12","modified_gmt":"2026-03-11T10:33:12","slug":"doterra-on-guard-beadlets","status":"publish","type":"product","link":"https:\/\/www.magnolioworld.com\/green-ro\/doterra-on-guard-beadlets\/","title":{"rendered":"DoTERRA On Guard Beadlets"},"content":{"rendered":"<p><strong>doTERRA On Guard Beadlets<\/strong> &#8211; Amestecul de m\u0103rgele protectoare &#8211; reprezint\u0103 o protec\u021bie optim\u0103 \u0219i complet\u0103 pentru corp, minte \u0219i suflet \u00een vremuri tulburi.<\/p>\n<p>\u00cen aceste vremuri speciale, at\u00e2t de multe lucruri vin spre noi din exterior. De aceea, este cu at\u00e2t mai important s\u0103 ne protej\u0103m sistemul imunitar c\u00e2t mai bine posibil, astfel \u00eenc\u00e2t acesta s\u0103 fie echipat \u00een mod optim \u00eempotriva influen\u021belor externe de orice fel.  <\/p>\n<p>Cu toate acestea, perioadele de criz\u0103, stresul \u0219i situa\u021biile stresante din mediul \u00eenconjur\u0103tor sl\u0103besc considerabil acest scut protector. Sistemul nostru imunitar are nevoie de cel mai bun sprijin posibil pe tot parcursul anului. Pentru c\u0103 un sistem imunitar sl\u0103bit v\u0103 poate scoate u\u0219or din circuit \u0219i v\u0103 poate opri pentru s\u0103pt\u0103m\u00e2ni \u00eentregi.<\/p>\n<p>Dac\u0103 \u0219i tu ai impresia c\u0103 sistemul t\u0103u imunitar are nevoie urgent\u0103 de o \u00eent\u0103rire sau pur \u0219i simplu vrei s\u0103 iei m\u0103suri preventive, atunci apeleaz\u0103 la sprijinul naturii pure cu uleiuri esen\u021biale de \u00eenalt\u0103 calitate din amestecul de uleiuri esen\u021biale On Guard.<\/p>\n<p><strong>doTERRA On Guard<\/strong> a fost dezvoltat special pentru a v\u0103 \u00eent\u0103ri \u0219i sus\u021bine sistemul imunitar \u00een cel mai bun mod posibil.<br \/>\nAcest amestec este o compozi\u021bie armonizat\u0103 cu precizie de portocal\u0103 s\u0103lbatic\u0103, cui\u0219oare, scoar\u021b\u0103 de scor\u021bi\u0219oar\u0103, eucalipt \u0219i rozmarin. Acest amestec energizant \u0219i de ridicare a st\u0103rii de spirit este o necesitate, mai ales \u00een perioada de tranzi\u021bie, dar este, de asemenea, foarte util ca m\u0103sur\u0103 preventiv\u0103 pe tot parcursul anului.<\/p>\n<p>doTERRA On Guard se \u00eenf\u0103\u0219oar\u0103 \u00een jurul \u00eentregului corp ca un scut protector, ofer\u0103, de asemenea, protec\u021bie energetic\u0103 \u0219i are un efect dezinfectant \u0219i de cur\u0103\u021bare natural\u0103.<\/p>\n<p>Perlele esen\u021biale de protec\u021bie doTERRA On Guard Beadlets sunt gata de utilizare \u00een mici perle vegane care se dizolv\u0103 \u00een gur\u0103 pentru a elibera amestecul special de protec\u021bie.<\/p>\n<p>On Guard Mist Spray, On Guard Drops \u0219i On Guard Softgels au fost dezvoltate pentru o utilizare practic\u0103 \u00een timpul c\u0103l\u0103toriilor.  <\/p>\n<p>O varietate de produse de uz casnic On Guard, cum ar fi On Guard Universal Cleaner, On Guard Foaming Hand Soap \u0219i On Guard Laundry Detergent, ofer\u0103 o protec\u021bie optim\u0103 acas\u0103. \u00cengrijirea dentar\u0103 este completat\u0103 de pasta de din\u021bi On Guard, apa de gur\u0103 On Guard \u0219i a\u021ba dentar\u0103 On Guard.<\/p>\n<p>Sprijin\u0103-\u021bi corpul cu puterea naturii pure \u00een On Guard \u0219i ofer\u0103-i un scut protector pentru fiecare zi. Aici cu doTERRA On Guard Beadlets pentru a fi mereu \u00een mi\u0219care.<\/p>\n<p><strong>Recomandare<br \/>\n<\/strong>Intern: Se administreaz\u0103 1 &#8211; 3 globule la nevoie. Pentru a \u00eemprosp\u0103ta respira\u021bia, l\u0103sa\u021bi 1 pastil\u0103 s\u0103 se dizolve \u00een gur\u0103. Iarna, \u00een timpul c\u0103l\u0103toriilor sau \u00een contact cu multe persoane, pur \u0219i simplu dizolva\u021bi 1-3 granule \u00een gur\u0103. Pentru a promova s\u0103n\u0103tatea oral\u0103, lua\u021bi doTERRA On Guard Beadlets dup\u0103 mese.  <br \/>\nMaximum 10 m\u0103rgele pe zi.<\/p>\n<p><strong>Utilizare sigur\u0103<\/strong><br \/>\nA nu se p\u0103stra la \u00eendem\u00e2na copiilor. Doza zilnic\u0103 recomandat\u0103 nu trebuie s\u0103 fie dep\u0103\u0219it\u0103. Dac\u0103 sunte\u021bi \u00eens\u0103rcinat\u0103 sau urma\u021bi un tratament medical, v\u0103 rug\u0103m s\u0103 v\u0103 adresa\u021bi medicului dumneavoastr\u0103. A se p\u0103stra \u00eentr-un loc r\u0103coros \u0219i uscat. V\u0103 rug\u0103m s\u0103 \u00eel p\u0103stra\u021bi \u00eenchis \u00eentr-un loc r\u0103coros.<\/p>\n","protected":false},"excerpt":{"rendered":"<h2 style=\"font-size: 28px\">Perle de protec\u021bie<\/h2>\n<p>doTERRA On Guard Beadlets &#8211; sunt o protec\u021bie optim\u0103 pentru corp, minte \u0219i suflet \u00een vremuri tulburi. Sprijin\u0103-\u021bi corpul cu puterea naturii pure \u0219i ofer\u0103-i un scut protector pentru fiecare zi. De asemenea, este ideal pentru c\u0103l\u0103torii.<\/p>\n","protected":false},"featured_media":4082,"template":"","meta":{"_et_pb_use_builder":"","_et_pb_old_content":"","_et_gb_content_width":""},"product_cat":[15,51,1925,36,43,46,53,1952,1971],"product_tag":[335,336],"_links":{"self":[{"href":"https:\/\/www.magnolioworld.com\/green-ro\/wp-json\/wp\/v2\/product\/711"}],"collection":[{"href":"https:\/\/www.magnolioworld.com\/green-ro\/wp-json\/wp\/v2\/product"}],"about":[{"href":"https:\/\/www.magnolioworld.com\/green-ro\/wp-json\/wp\/v2\/types\/product"}],"wp:featuredmedia":[{"embeddable":true,"href":"https:\/\/www.magnolioworld.com\/green-ro\/wp-json\/wp\/v2\/media\/4082"}],"wp:attachment":[{"href":"https:\/\/www.magnolioworld.com\/green-ro\/wp-json\/wp\/v2\/media?parent=711"}],"wp:term":[{"taxonomy":"product_cat","embeddable":true,"href":"https:\/\/www.magnolioworld.com\/green-ro\/wp-json\/wp\/v2\/product_cat?post=711"},{"taxonomy":"product_tag","embeddable":true,"href":"https:\/\/www.magnolioworld.com\/green-ro\/wp-json\/wp\/v2\/product_tag?post=711"}],"curies":[{"name":"wp","href":"https:\/\/api.w.org\/{rel}","templated":true}]}}