{"id":710,"date":"2020-04-22T14:01:26","date_gmt":"2020-04-22T12:01:26","guid":{"rendered":"https:\/\/www.magnolio.shop\/onguard-onguard-schuetzend\/"},"modified":"2026-02-18T14:39:42","modified_gmt":"2026-02-18T13:39:42","slug":"doterra-on-guard","status":"publish","type":"product","link":"https:\/\/www.magnolioworld.com\/green-ro\/doterra-on-guard\/","title":{"rendered":"doTERRA On Guard"},"content":{"rendered":"<p><strong>doTERRA On Guard<\/strong> &#8211; The Protective Mixture &#8211; Protec\u021bie optim\u0103 \u0219i complet\u0103 pentru corp, minte \u0219i suflet \u00een vremuri tulburi.<\/p>\n<p>Cu toate acestea, perioadele de criz\u0103, stresul \u0219i situa\u021biile stresante din mediul \u00eenconjur\u0103tor sl\u0103besc considerabil acest scut protector. Sistemul nostru imunitar are nevoie de cel mai bun sprijin posibil pe tot parcursul anului. Pentru c\u0103 un sistem imunitar sl\u0103bit v\u0103 poate scoate u\u0219or din circuit \u0219i v\u0103 poate opri pentru s\u0103pt\u0103m\u00e2ni \u00eentregi.<\/p>\n<p>Dac\u0103 \u0219i tu ai impresia c\u0103 sistemul t\u0103u imunitar are nevoie urgent\u0103 de o \u00eent\u0103rire sau pur \u0219i simplu vrei s\u0103 iei m\u0103suri preventive, atunci apeleaz\u0103 la sprijinul naturii pure cu uleiuri esen\u021biale de \u00eenalt\u0103 calitate din amestecul esen\u021bial doTERRA On Guard.<\/p>\n<p><strong>doTERRA On Guard<\/strong> a fost dezvoltat special pentru a v\u0103 \u00eent\u0103ri \u0219i sus\u021bine sistemul imunitar \u00een cel mai bun mod posibil.<br \/>\nAcest amestec este o compozi\u021bie armonizat\u0103 cu precizie de portocal\u0103 s\u0103lbatic\u0103, cui\u0219oare, scoar\u021b\u0103 de scor\u021bi\u0219oar\u0103, eucalipt \u0219i rozmarin. Acest amestec energizant \u0219i de ridicare a st\u0103rii de spirit este o necesitate, mai ales \u00een perioada de tranzi\u021bie, dar este, de asemenea, foarte util ca m\u0103sur\u0103 preventiv\u0103 pe tot parcursul anului.<\/p>\n<p>doTERRA On Guard se \u00eenf\u0103\u0219oar\u0103 \u00een jurul \u00eentregului corp ca un scut protector, ofer\u0103, de asemenea, protec\u021bie energetic\u0103 \u0219i are un efect dezinfectant \u0219i de cur\u0103\u021bare natural\u0103.<br \/>\nAmestecul esen\u021bial de protec\u021bie On Guard poate fi administrat intern sau nebulizat \u00eentr-un difuzor. Folosit \u00eentr-un difuzor, purific\u0103 \u00een mod natural aerul de acas\u0103 sau de la birou \u0219i cabinet.<\/p>\n<p>On Guard Mist Spray, On Guard Drops, On Guard Beads \u0219i On Guard Softgels au fost create pentru o utilizare practic\u0103 \u00een timpul c\u0103l\u0103toriilor.  <\/p>\n<p>O varietate de produse de uz casnic On Guard, cum ar fi On Guard Universal Cleaner, On Guard Foaming Hand Soap \u0219i On Guard Laundry Detergent, ofer\u0103 o protec\u021bie optim\u0103 acas\u0103. \u00cengrijirea dentar\u0103 este completat\u0103 de pasta de din\u021bi On Guard, apa de gur\u0103 On Guard \u0219i a\u021ba dentar\u0103 On Guard.<\/p>\n<p>Sprijin\u0103-\u021bi corpul cu puterea naturii pure \u00een On Guard \u0219i ofer\u0103-i un scut protector pentru fiecare zi.<\/p>\n<p><strong>Recomandare<\/strong><br \/>\nAromatic: Pentru a sus\u021bine un climat ambiental protejat, ad\u0103uga\u021bi 3-4 pic\u0103turi \u00een difuzor.<br \/>\nGib intern max.1 Pic\u0103turi de doTERRA On Guard \u00een 125 ml de lichid \u0219i bea-l ca m\u0103sur\u0103 preventiv\u0103 sau \u00een caz de nevoie acut\u0103. Potrivit pentru o arom\u0103 intens\u0103 \u0219i cald\u0103 \u00een b\u0103uturile calde.  <\/p>\n<p><strong>Utilizare sigur\u0103<\/strong><br \/>\nV\u0103 rug\u0103m s\u0103 ave\u021bi grij\u0103 s\u0103 nu folosi\u021bi mai mult de 1 pic\u0103tur\u0103 pe zi pe cale intern\u0103. A nu se p\u0103stra la \u00eendem\u00e2na copiilor. Dac\u0103 sunte\u021bi \u00eens\u0103rcinat\u0103 \u0219i urma\u021bi un tratament medical, v\u0103 rug\u0103m s\u0103 v\u0103 adresa\u021bi medicului dumneavoastr\u0103. Evita\u021bi contactul cu ochii, urechile interne, fa\u021ba, zonele sensibile \u0219i membranele mucoase. \u00cen caz de contact cu pielea, evita\u021bi lumina soarelui \u0219i radia\u021biile UV timp de cel pu\u021bin 12 ore dup\u0103 aplicare.<\/p>\n","protected":false},"excerpt":{"rendered":"<h2 style=\"font-size: 28px\">Amestec de protec\u021bie<\/h2>\n<p>doTERRA On Guard &#8211; este o protec\u021bie optim\u0103 \u0219i complet\u0103 pentru corp, minte \u0219i suflet \u00een vremuri tulburi. Amestecul protector sus\u021bine sistemul imunitar 24 de ore din 24 \u0219i ofer\u0103, de asemenea, protec\u021bie preventiv\u0103 \u0219i energetic\u0103. Ac\u021bioneaz\u0103 ca un scut protector complet.<\/p>\n","protected":false},"featured_media":4195,"template":"","meta":{"_et_pb_use_builder":"","_et_pb_old_content":"","_et_gb_content_width":""},"product_cat":[15,51,36,43,46,53,1937,1952,1971,1973,1980],"product_tag":[333,334],"_links":{"self":[{"href":"https:\/\/www.magnolioworld.com\/green-ro\/wp-json\/wp\/v2\/product\/710"}],"collection":[{"href":"https:\/\/www.magnolioworld.com\/green-ro\/wp-json\/wp\/v2\/product"}],"about":[{"href":"https:\/\/www.magnolioworld.com\/green-ro\/wp-json\/wp\/v2\/types\/product"}],"wp:featuredmedia":[{"embeddable":true,"href":"https:\/\/www.magnolioworld.com\/green-ro\/wp-json\/wp\/v2\/media\/4195"}],"wp:attachment":[{"href":"https:\/\/www.magnolioworld.com\/green-ro\/wp-json\/wp\/v2\/media?parent=710"}],"wp:term":[{"taxonomy":"product_cat","embeddable":true,"href":"https:\/\/www.magnolioworld.com\/green-ro\/wp-json\/wp\/v2\/product_cat?post=710"},{"taxonomy":"product_tag","embeddable":true,"href":"https:\/\/www.magnolioworld.com\/green-ro\/wp-json\/wp\/v2\/product_tag?post=710"}],"curies":[{"name":"wp","href":"https:\/\/api.w.org\/{rel}","templated":true}]}}