{"id":706,"date":"2020-04-22T14:01:23","date_gmt":"2020-04-22T12:01:23","guid":{"rendered":"https:\/\/www.magnolio.shop\/hope-touch-hope-touch-hoffnungsvoll\/"},"modified":"2025-11-17T18:07:57","modified_gmt":"2025-11-17T17:07:57","slug":"doterra-hope","status":"publish","type":"product","link":"https:\/\/www.magnolioworld.com\/green-ro\/doterra-hope\/","title":{"rendered":"doTERRA Hope"},"content":{"rendered":"<p><strong>doTERRA Hope<\/strong> &#8211; Amestecul plin de speran\u021b\u0103 &#8211; Uleiul de \u00eenving\u0103tor.  <\/p>\n<p>Amestecul a fost conceput pentru a aduce lumin\u0103 \u00een \u00eentuneric \u0219i pentru a dep\u0103\u0219i momentele \u0219i situa\u021biile dificile. Ne d\u0103 o nou\u0103 \u00eencredere \u0219i o dispozi\u021bie pozitiv\u0103 pentru a privi din nou \u00eenainte. Pentru c\u0103, cu pu\u021bin\u0103 speran\u021b\u0103, putem fi cea mai bun\u0103 versiune a noastr\u0103 \u0219i ne putem str\u0103dui pentru o lume mai bun\u0103.<\/p>\n<p>\u00cen special, doTERRA Hope a fost folosit\u0103 pentru a sprijini salvarea copiilor afla\u021bi \u00een situa\u021bii disperate, ca parte a Funda\u021biei doTERRA Healing Hands. Pentru ca acest lucru s\u0103 fie posibil, \u00eencas\u0103rile din doTERRA Hope merg c\u0103tre funda\u021bie.<\/p>\n<p>Face\u021bi binele \u0219i folosi\u021bi chiar \u0219i amestecul plin de speran\u021b\u0103 pentru a dep\u0103\u0219i negativul \u0219i \u00eentunericul.<\/p>\n<p>Uleiurile esen\u021biale de lemn de cedru, portocal\u0103 s\u0103lbatic\u0103, bergamot\u0103, piper roz, l\u0103m\u00e2ie, iasomie, vetiver \u0219i Petit Grain v\u0103 sus\u021bin \u00een acest amestec.  <br \/>\nAmestecul are o arom\u0103 lemnoas\u0103 dulce, care v\u0103 va men\u021bine plin de speran\u021b\u0103 \u0219i optimism pe tot parcursul zilei.  <\/p>\n<p>Aplica\u021bi doTERRA Hope pe g\u00e2t \u0219i pe \u00eencheieturi. Parfumul atr\u0103g\u0103tor va atrage aten\u021bia asupra dumneavoastr\u0103.  <\/p>\n<p>Amestecul de uleiuri esen\u021biale doTERRA Hope este gata de utilizare, amestecat cu ulei de cocos frac\u021bionat \u0219i conceput pentru buzunarul t\u0103u.<\/p>\n<p><strong>Recomandare<\/strong><br \/>\nAromatic: Pur \u0219i simplu inhala\u021bi doTERRA Hope pe palmele m\u00e2inilor pentru un pic de fericire \u00eentre timp.<br \/>\nTopical: Aplica\u021bi pe t\u0103lpile picioarelor diminea\u021ba pentru sentimente de speran\u021b\u0103 \u0219i \u00eencredere. Se aplic\u0103 pe g\u00e2t \u0219i pe \u00eencheieturi pentru a promova optimismul \u0219i bucuria de a tr\u0103i. <br \/>\nSe aplic\u0103 ca parfum pe g\u00e2t \u0219i pe \u00eencheieturi.<\/p>\n<p><strong>Utilizare sigur\u0103<\/strong><br \/>\nEste posibil\u0103 iritarea pielii. A nu se p\u0103stra la \u00eendem\u00e2na copiilor. Dac\u0103 sunte\u021bi \u00eens\u0103rcinat\u0103 sau urma\u021bi un tratament medical, v\u0103 rug\u0103m s\u0103 v\u0103 adresa\u021bi medicului dumneavoastr\u0103. Evita\u021bi contactul cu ochii, urechile interne, fa\u021ba, zonele sensibile \u0219i membranele mucoase. Evita\u021bi lumina soarelui \u0219i razele UV timp de cel pu\u021bin 12 ore dup\u0103 aplicare. Numai pentru uz extern.<\/p>\n","protected":false},"excerpt":{"rendered":"<h2 style=\"font-size: 28px\">Amestec plin de speran\u021b\u0103 &#8211; Uleiul de \u00eenving\u0103tor<\/h2>\n<p>doTERRA Hope &#8211; Ajut\u0103 la dep\u0103\u0219irea \u00eentunericului \u0219i la intrarea \u00eentr-o lume nou\u0103, mai luminoas\u0103 \u0219i plin\u0103 de speran\u021b\u0103. Sprijini\u021bi Funda\u021bia Healing Hands de la doTERRA, care folose\u0219te \u00eencas\u0103rile pentru a sus\u021bine proiecte de ajutorare a copiilor \u0219i pentru a le aduce din nou lumina.<\/p>\n","protected":false},"featured_media":4116,"template":"","meta":{"_et_pb_use_builder":"","_et_pb_old_content":"","_et_gb_content_width":""},"product_cat":[15,51,36,38],"product_tag":[312,313],"_links":{"self":[{"href":"https:\/\/www.magnolioworld.com\/green-ro\/wp-json\/wp\/v2\/product\/706"}],"collection":[{"href":"https:\/\/www.magnolioworld.com\/green-ro\/wp-json\/wp\/v2\/product"}],"about":[{"href":"https:\/\/www.magnolioworld.com\/green-ro\/wp-json\/wp\/v2\/types\/product"}],"wp:featuredmedia":[{"embeddable":true,"href":"https:\/\/www.magnolioworld.com\/green-ro\/wp-json\/wp\/v2\/media\/4116"}],"wp:attachment":[{"href":"https:\/\/www.magnolioworld.com\/green-ro\/wp-json\/wp\/v2\/media?parent=706"}],"wp:term":[{"taxonomy":"product_cat","embeddable":true,"href":"https:\/\/www.magnolioworld.com\/green-ro\/wp-json\/wp\/v2\/product_cat?post=706"},{"taxonomy":"product_tag","embeddable":true,"href":"https:\/\/www.magnolioworld.com\/green-ro\/wp-json\/wp\/v2\/product_tag?post=706"}],"curies":[{"name":"wp","href":"https:\/\/api.w.org\/{rel}","templated":true}]}}