{"id":704,"date":"2020-04-22T14:01:23","date_gmt":"2020-04-22T12:01:23","guid":{"rendered":"https:\/\/www.magnolio.shop\/forgive-forgive-vergebend\/"},"modified":"2025-11-17T17:59:13","modified_gmt":"2025-11-17T16:59:13","slug":"doterra-forgive","status":"publish","type":"product","link":"https:\/\/www.magnolioworld.com\/green-ro\/doterra-forgive\/","title":{"rendered":"doTERRA Forgive"},"content":{"rendered":"<p><strong>doTERRA Forgive<\/strong> &#8211; Amestecul de re\u00eennoire &#8211; Uleiul iert\u0103rii<\/p>\n<p>Vre\u021bi s\u0103 privi\u021bi din nou \u00eenainte, s\u0103 v\u0103 elibera\u021bi de poveri \u0219i s\u0103 p\u0103\u0219i\u021bi \u00een viitor cu u\u0219urare? Atunci uleiurile esen\u021biale de arbori \u0219i plante din amestecul <strong>doTERRA Forgive<\/strong> sunt alegerea potrivit\u0103. Ele elibereaz\u0103 \u0219i ajut\u0103 la dep\u0103\u0219irea, iertarea \u0219i uitarea poverilor vechi \u0219i noi. Cu doTERRA Forgive, trecutul poate fi \u00eenchis cu dragoste \u0219i pute\u021bi merge cu putere \u00eenainte.<\/p>\n<p>Uleiurile esen\u021biale Bergamot, Juniper Berry, Myrrh, Arborvitae \u0219i Thyme aduc re\u00eennoire \u0219i sentimente de mul\u021bumire, u\u0219urare \u0219i r\u0103bdare.<\/p>\n<p>Amestecul poate fi inhalat fie pe cale aromatic\u0103 prin intermediul difuzorului, fie direct prin intermediul flaconului sau al palmelor.<\/p>\n<p><strong>Recomandare<\/strong><br \/>\nAromatic: Pentru o senza\u021bie de u\u0219urare \u0219i un \u00eenceput de zi puternic, inhala\u021bi amestecul pe palmele m\u00e2inilor. Pentru mul\u021bumire \u0219i senin\u0103tate, nebuliza\u021bi 3-4 pic\u0103turi de amestec \u00een difuzor.  <br \/>\nDe asemenea, ideal pentru medita\u021bie sau pentru practica yoga. <br \/>\nTopic\u0103: Aplica\u021bi pe t\u0103lpile picioarelor diminea\u021ba pentru senza\u021bii de senin\u0103tate \u0219i u\u0219urin\u021b\u0103. Pentru a promova \u00eemp\u0103m\u00e2ntarea \u0219i stabilitatea pe parcursul zilei, aplica\u021bi amestecul pe \u00eencheieturile m\u00e2inilor \u0219i pe inim\u0103.  <br \/>\nCa parfum, se amestec\u0103 1 pic\u0103tur\u0103 cu 10 pic\u0103turi de ulei purt\u0103tor \u0219i se poart\u0103 cu u\u0219urin\u021b\u0103 pe tot parcursul zilei.<\/p>\n<p><strong>Utilizare sigur\u0103<\/strong><br \/>\nEste posibil\u0103 iritarea pielii. A nu se p\u0103stra la \u00eendem\u00e2na copiilor. Dac\u0103 sunte\u021bi \u00eens\u0103rcinat\u0103 sau urma\u021bi un tratament medical, v\u0103 rug\u0103m s\u0103 v\u0103 adresa\u021bi medicului dumneavoastr\u0103. Evita\u021bi contactul cu ochii, urechile interne, fa\u021ba, zonele sensibile \u0219i membranele mucoase. Evita\u021bi lumina soarelui \u0219i razele UV timp de cel pu\u021bin 12 ore dup\u0103 aplicare. Numai pentru uz extern.<\/p>\n<section id=\"ProductBenefitsSection\" class=\"product-benefits product-benefits--reverse product-benefits--dark\">\n<div class=\"ui container\">\n<div class=\"product-benefits__wrap\">\n<div class=\"product-benefits__wrap-item product-benefits__wrap-item--fw\">\n<div class=\"product-benefits__body\">\n<div class=\"product-benefits__info\"> <\/div>\n<\/div>\n<\/div>\n<\/div>\n<\/div>\n<\/section>\n","protected":false},"excerpt":{"rendered":"<h2 style=\"font-size: 28px\">Amestec de \u00eennoire &#8211; Uleiul iert\u0103rii<\/h2>\n<p>doTERRA Forgive &#8211; Ajut\u0103 la eliminarea vechilor poveri emo\u021bionale \u0219i la modelarea viitorului \u00eentr-un mod pozitiv. Amestecul creeaz\u0103 re\u00eennoire \u0219i sentimente de satisfac\u021bie, u\u0219urare \u0219i r\u0103bdare. Prive\u0219te \u00eenainte \u0219i mergi pe drumul t\u0103u cu inima u\u0219oar\u0103.<\/p>\n","protected":false},"featured_media":4108,"template":"","meta":{"_et_pb_use_builder":"","_et_pb_old_content":"","_et_gb_content_width":""},"product_cat":[15,51,40],"product_tag":[308,309],"_links":{"self":[{"href":"https:\/\/www.magnolioworld.com\/green-ro\/wp-json\/wp\/v2\/product\/704"}],"collection":[{"href":"https:\/\/www.magnolioworld.com\/green-ro\/wp-json\/wp\/v2\/product"}],"about":[{"href":"https:\/\/www.magnolioworld.com\/green-ro\/wp-json\/wp\/v2\/types\/product"}],"wp:featuredmedia":[{"embeddable":true,"href":"https:\/\/www.magnolioworld.com\/green-ro\/wp-json\/wp\/v2\/media\/4108"}],"wp:attachment":[{"href":"https:\/\/www.magnolioworld.com\/green-ro\/wp-json\/wp\/v2\/media?parent=704"}],"wp:term":[{"taxonomy":"product_cat","embeddable":true,"href":"https:\/\/www.magnolioworld.com\/green-ro\/wp-json\/wp\/v2\/product_cat?post=704"},{"taxonomy":"product_tag","embeddable":true,"href":"https:\/\/www.magnolioworld.com\/green-ro\/wp-json\/wp\/v2\/product_tag?post=704"}],"curies":[{"name":"wp","href":"https:\/\/api.w.org\/{rel}","templated":true}]}}