{"id":697,"date":"2020-04-22T14:01:22","date_gmt":"2020-04-22T12:01:22","guid":{"rendered":"https:\/\/www.magnolio.shop\/clary-calm-clary-calm-monatliche-mischung-fuer-frauen\/"},"modified":"2025-12-09T11:19:03","modified_gmt":"2025-12-09T10:19:03","slug":"doterra-clary-calm","status":"publish","type":"product","link":"https:\/\/www.magnolioworld.com\/green-ro\/doterra-clary-calm\/","title":{"rendered":"doTERRA Clary Calm"},"content":{"rendered":"<p><strong>doTERRA Clary Calm<\/strong> &#8211; Echilibrat prin zile \u0219i schimb\u0103ri<\/p>\n<p>Echilibrul emo\u021bional este restabilit cu amestecul lunar pentru femei<strong> doTERRA Clary Calm <\/strong>. Efectul calmant \u0219i lini\u0219titor poate fi resim\u021bit pe piele ca o pelicul\u0103 r\u0103coritoare \u0219i amelioreaz\u0103 perioadele de bufeuri. Amestecul de uleiuri este alc\u0103tuit din uleiuri esen\u021biale de salvie, lavand\u0103, bergamot\u0103, mu\u0219e\u021bel roman, lemn de cedru, ylang ylang \u0219i geraniu.<\/p>\n<p>Ca o atingere ideal\u0103 pentru c\u0103l\u0103torii \u0219i ca un companion relaxant \u00een zilele de excursie sau \u00een timpul schimb\u0103rii.<\/p>\n<p>De asemenea, este ideal \u00eempreun\u0103 cu Bone Nutrient Complex (consolidarea oaselor) \u0219i Phytoestrogen Lifetime Complex (echilibrare hormonal\u0103) pentru o via\u021b\u0103 u\u0219oar\u0103 \u0219i relaxat\u0103 pe parcursul ciclului sau al schimb\u0103rii.<\/p>\n<p>De asemenea, ideal \u00een kitul accesibil pentru s\u0103n\u0103tatea femeii.<\/p>\n<p><strong>Recomandare<\/strong><br \/>\nAromatic: Pentru un \u00eenceput de zi echilibrant \u0219i calmant, inhala\u021bi amestecul pe \u00eencheieturile m\u00e2inilor. Repeta\u021bi dac\u0103 este necesar \u00een timpul zilei.  <br \/>\nTopical: Aplica\u021bi pe g\u00e2t, t\u00e2mple \u0219i t\u0103lpile picioarelor pentru a v\u0103 ajuta s\u0103 trece\u021bi ziua \u00eentr-o stare de echilibru. Se aplic\u0103 pe piele \u00een timpul bufeurilor fierbin\u021bi pentru un efect r\u0103coritor \u0219i calmant. R\u0103sf\u0103\u021ba\u021bi-v\u0103 cu un masaj calmant \u0219i lini\u0219titor \u00een zona abdominal\u0103.<\/p>\n<p><strong>Utilizare sigur\u0103<\/strong><br \/>\nEste posibil\u0103 iritarea pielii. A nu se p\u0103stra la \u00eendem\u00e2na copiilor. Dac\u0103 sunte\u021bi \u00eens\u0103rcinat\u0103 sau urma\u021bi un tratament medical, v\u0103 rug\u0103m s\u0103 v\u0103 adresa\u021bi medicului dumneavoastr\u0103. Evita\u021bi contactul cu ochii, urechile interne, fa\u021ba, zonele sensibile \u0219i membranele mucoase. Numai pentru uz extern.<\/p>\n","protected":false},"excerpt":{"rendered":"<h2 style=\"font-size: 28px\">Mix lunar pentru femei<\/h2>\n<p>doTERRA Clary Calm &#8211; Este amestecul lunar pentru femei \u0219i se maseaz\u0103 pe abdomen. Este lini\u0219titor \u0219i calmant \u0219i aduce echilibru emo\u021bional.<\/p>\n","protected":false},"featured_media":4402,"template":"","meta":{"_et_pb_use_builder":"","_et_pb_old_content":"","_et_gb_content_width":""},"product_cat":[15,51,42,1968,1970],"product_tag":[294,295],"_links":{"self":[{"href":"https:\/\/www.magnolioworld.com\/green-ro\/wp-json\/wp\/v2\/product\/697"}],"collection":[{"href":"https:\/\/www.magnolioworld.com\/green-ro\/wp-json\/wp\/v2\/product"}],"about":[{"href":"https:\/\/www.magnolioworld.com\/green-ro\/wp-json\/wp\/v2\/types\/product"}],"wp:featuredmedia":[{"embeddable":true,"href":"https:\/\/www.magnolioworld.com\/green-ro\/wp-json\/wp\/v2\/media\/4402"}],"wp:attachment":[{"href":"https:\/\/www.magnolioworld.com\/green-ro\/wp-json\/wp\/v2\/media?parent=697"}],"wp:term":[{"taxonomy":"product_cat","embeddable":true,"href":"https:\/\/www.magnolioworld.com\/green-ro\/wp-json\/wp\/v2\/product_cat?post=697"},{"taxonomy":"product_tag","embeddable":true,"href":"https:\/\/www.magnolioworld.com\/green-ro\/wp-json\/wp\/v2\/product_tag?post=697"}],"curies":[{"name":"wp","href":"https:\/\/api.w.org\/{rel}","templated":true}]}}