{"id":696,"date":"2020-04-22T14:01:22","date_gmt":"2020-04-22T12:01:22","guid":{"rendered":"https:\/\/www.magnolio.shop\/citrus-bliss-citrus-bliss-belebend\/"},"modified":"2026-02-06T13:38:45","modified_gmt":"2026-02-06T12:38:45","slug":"doterra-citrus-bliss","status":"publish","type":"product","link":"https:\/\/www.magnolioworld.com\/green-ro\/doterra-citrus-bliss\/","title":{"rendered":"doTERRA Citrus Bliss"},"content":{"rendered":"<p><strong>doTERRA Citrus Bliss<\/strong> &#8211; Creativitate \u0219i dispozi\u021bie pozitiv\u0103<\/p>\n<p>Acest amestec este o combina\u021bie unic\u0103 de diferite uleiuri de citrice. Ofer\u0103 amestecul de uleiuri esen\u021biale<strong> <\/strong>  un efect natural \u0219i puternic de cur\u0103\u021bare. Esen\u021bele de portocal\u0103 s\u0103lbatic\u0103, l\u0103m\u00e2ie, grapefruit, mandarin\u0103 ro\u0219ie, bergamot\u0103, mandarin\u0103 verde \u0219i l\u0103m\u00e2ie verde, cu o not\u0103 de vanilie absolut\u0103, \u00ee\u0219i dezv\u0103luie \u00eentreaga armonie \u00een acest amestec de uleiuri esen\u021biale.<\/p>\n<p>Din punct de vedere emo\u021bional, acest amestec sus\u021bine creativitatea. Ajut\u0103 la eliberarea creativit\u0103\u021bii \u00een\u0103bu\u0219ite sau blocate \u0219i sprijin\u0103 exprimarea de sine. De asemenea, creeaz\u0103 un echilibru emo\u021bional \u0219i o dorin\u021b\u0103 pozitiv\u0103 de a tr\u0103i.<\/p>\n<p>Ideal pentru a fi pulverizat \u00eentr-un difuzor sau pentru a fi inhalat intensiv prin intermediul punctelor de puls. De asemenea, minunat ca o crea\u021bie de parfum inspirat pentru o zi.<\/p>\n<p><strong>Recomandare<br \/>\n<\/strong>Aromatic: Ad\u0103uga\u021bi 3-4 pic\u0103turi \u00een difuzor pentru un aer ambiental pl\u0103cut care favorizeaz\u0103 creativitatea \u0219i buna dispozi\u021bie.  <br \/>\nAdministrare local\u0103: \u00cencepe\u021bi ziua cu o stare de bun\u0103 dispozi\u021bie \u0219i aplica\u021bi 1 &#8211; 2 pic\u0103turi de Citrus Bliss diluate cu ulei purt\u0103tor pe t\u0103lpile picioarelor. Amesteca\u021bi 5 pic\u0103turi cu 10 ml de ulei purt\u0103tor pentru un masaj relaxant de binefacere. Pentru o baie de bun\u0103stare \u0219i bun\u0103 dispozi\u021bie, amesteca\u021bi 5 pic\u0103turi cu 5 ml de ulei purt\u0103tor sau lapte de migdale.  <br \/>\nCa o crea\u021bie de parfum, amesteca\u021bi 1 pic\u0103tur\u0103 cu 10 pic\u0103turi de ulei purt\u0103tor sau folosi\u021bi acest raport de amestec pentru a crea un roll-on.<\/p>\n<p><strong>Utilizare sigur\u0103<\/strong><br \/>\nEste posibil\u0103 iritarea pielii. A nu se p\u0103stra la \u00eendem\u00e2na copiilor. Dac\u0103 sunte\u021bi \u00eens\u0103rcinat\u0103 sau urma\u021bi un tratament medical, v\u0103 rug\u0103m s\u0103 v\u0103 adresa\u021bi medicului dumneavoastr\u0103. Evita\u021bi contactul cu ochii, urechile interne, fa\u021ba, zonele sensibile \u0219i membranele mucoase. Evita\u021bi lumina soarelui \u0219i razele UV timp de cel pu\u021bin 12 ore dup\u0103 aplicare. Numai pentru uz extern.<\/p>\n","protected":false},"excerpt":{"rendered":"<h2 style=\"font-size: 28px\">Amestec r\u0103coritor<\/h2>\n<p>  doTERRA Citrus Bliss &#8211; Amestecul de uleiuri revigorante ridic\u0103 starea de spirit \u0219i ofer\u0103 o nou\u0103 creativitate. O baz\u0103 bun\u0103 pentru o zi pozitiv\u0103. De asemenea, este ideal ca supliment la produsele de \u00eengrijire corporal\u0103, pentru masaje de wellness sau pentru o baie de binefacere.<\/p>\n","protected":false},"featured_media":4142,"template":"","meta":{"_et_pb_use_builder":"","_et_pb_old_content":"","_et_gb_content_width":""},"product_cat":[15,51,36,1951,1985],"product_tag":[292,293],"_links":{"self":[{"href":"https:\/\/www.magnolioworld.com\/green-ro\/wp-json\/wp\/v2\/product\/696"}],"collection":[{"href":"https:\/\/www.magnolioworld.com\/green-ro\/wp-json\/wp\/v2\/product"}],"about":[{"href":"https:\/\/www.magnolioworld.com\/green-ro\/wp-json\/wp\/v2\/types\/product"}],"wp:featuredmedia":[{"embeddable":true,"href":"https:\/\/www.magnolioworld.com\/green-ro\/wp-json\/wp\/v2\/media\/4142"}],"wp:attachment":[{"href":"https:\/\/www.magnolioworld.com\/green-ro\/wp-json\/wp\/v2\/media?parent=696"}],"wp:term":[{"taxonomy":"product_cat","embeddable":true,"href":"https:\/\/www.magnolioworld.com\/green-ro\/wp-json\/wp\/v2\/product_cat?post=696"},{"taxonomy":"product_tag","embeddable":true,"href":"https:\/\/www.magnolioworld.com\/green-ro\/wp-json\/wp\/v2\/product_tag?post=696"}],"curies":[{"name":"wp","href":"https:\/\/api.w.org\/{rel}","templated":true}]}}