{"id":692,"date":"2020-04-22T14:01:22","date_gmt":"2020-04-22T12:01:22","guid":{"rendered":"https:\/\/www.magnolio.shop\/brave-brave-ermutigend\/"},"modified":"2026-02-06T13:38:41","modified_gmt":"2026-02-06T12:38:41","slug":"doterra-brave","status":"publish","type":"product","link":"https:\/\/www.magnolioworld.com\/green-ro\/doterra-brave\/","title":{"rendered":"doTERRA Brave"},"content":{"rendered":"<p><strong>doTERRA Brave<\/strong> &#8211; amestec \u00eencurajator pentru copii &#8211; ideal pentru a le oferi micilor eroi din via\u021ba de zi cu zi curaj \u0219i siguran\u021b\u0103<\/p>\n<p>Acest mix al colec\u021biei Kids Collection aminte\u0219te de Motivate pentru copii \u0219i adolescen\u021bi. Dar compozi\u021bia este foarte diferit\u0103.<\/p>\n<p>Acest amestec de uleiuri \u00eencurajatoare pentru copii ajut\u0103 la cre\u0219terea energiei \u0219i la revitalizarea sim\u021burilor. De asemenea, creeaz\u0103 o atmosfer\u0103 echilibrat\u0103 \u0219i pozitiv\u0103. Ofer\u0103 \u00eencredere \u00een sine, curaj \u0219i putere \u0219i ajut\u0103 la gestionarea stresului \u0219i a anxiet\u0103\u021bii. Promoveaz\u0103 c\u0103ldura interioar\u0103, protec\u021bia \u0219i securitatea.<\/p>\n<p>doTERRA Brave este starea de spirit ideal\u0103 pentru a-i \u00eencuraja pe copii \u0219i tineri s\u0103 stea cu ambele picioare pe p\u0103m\u00e2nt \u0219i s\u0103-\u0219i piard\u0103 temerile. Nu este vorba de a fi puternic \u00een exterior \u00een sensul c\u0103 &#8220;trebuie s\u0103 fii puternic&#8221;, ci de o for\u021b\u0103 interioar\u0103 ad\u00e2nc \u00eenr\u0103d\u0103cinat\u0103 care te poart\u0103 prin via\u021b\u0103.<\/p>\n<p>Uleiurile con\u021binute \u00een doTERRA Brave creeaz\u0103 un amestec proasp\u0103t, fructat \u0219i floral pe care copiii &#8211; \u0219i nu numai ei! &#8211; va iubi.<\/p>\n<p><u>Brave con\u021bine urm\u0103toarele uleiuri:<br \/>\n<\/u><br \/>\n&#8211; Portocaliu s\u0103lbatic (promoveaz\u0103 \u00eencrederea \u00een sine, puterea \u0219i bucuria de a tr\u0103i)<br \/>\n&#8211; Amyris (creeaz\u0103 calm \u0219i relaxare, precum \u0219i o stare de spirit relaxat\u0103 \u00een perioadele agitate)<br \/>\n&#8211; Osmanthus (spore\u0219te bucuria de a tr\u0103i, ideile creative, promoveaz\u0103 armonia \u0219i readuce z\u00e2mbetul)<br \/>\n&#8211; Scoar\u021b\u0103 de scor\u021bi\u0219oar\u0103 (ne pune cu putere pe picioare, echilibreaz\u0103 psihicul, ofer\u0103 motiva\u021bie \u0219i \u00eenc\u0103lze\u0219te interiorul \u00een perioadele de frig exterior)<\/p>\n<p>Un amestec minunat de \u00eencurajare \u0219i motivare pentru corp \u0219i minte &#8211; nu numai pentru tineri \u0219i adolescen\u021bi, ci \u0219i ca o alternativ\u0103 pentru to\u021bi adul\u021bii c\u0103rora nu le place Motivate.<\/p>\n<p>Cel mai bine este s\u0103 aplica\u021bi Brave pe g\u00e2t, pe stomac \u0219i sub picioare diminea\u021ba, pentru un \u00eenceput optim de zi \u0219i de via\u021b\u0103.<\/p>\n<p><span style=\"text-decoration: underline\">\u00cen plus, exist\u0103 acum amestecuri de parfumuri pentru toate provoc\u0103rile cu care se confrunt\u0103 cei mici:<\/span><\/p>\n<p>Amestec calmant &#8211; doTERRA Rescuer<br \/>\nAmestec protector &#8211; doTERRA Stronger<br \/>\nAmestec pentru focalizare &#8211; doTERRA Thinker<br \/>\nAmestec de \u00eemp\u0103m\u00e2ntare &#8211; doTERRA Steady<br \/>\nAmestec digestiv &#8211; doTERRA Tamer  <br \/>\nAmestec de relaxare &#8211; doTERRA Calmer<\/p>\n<p>Folosi\u021bi setul de colec\u021bie pentru copii (Kids Collection) ieftin, cu geant\u0103 de transport practic\u0103, c\u00e2rlige colorate \u0219i cartona\u0219e.<\/p>\n<p><span style=\"text-decoration: underline\">Uleiurile sunt clasificate \u00een urm\u0103toarele domenii:<\/span><br \/>\n<u><\/u>&#8211; Minte (doTERRA Thinker &amp; doTERRA Calmer)<br \/>\n&#8211; Corp (doTERRA Stronger &amp; doTERRA Rescuer &amp; doTERRA Tamer)<br \/>\n&#8211; Inim\u0103 (doTERRAS Steady &amp; doTERRA Brave)<br \/>\n<strong><br \/>\nRecomandare<br \/>\n<\/strong>Aromatic: Inhala\u021bi amestecul peste \u00eencheieturi pentru un sentiment de \u00eencredere \u00een sine \u0219i curaj. Repeta\u021bi pe parcursul zilei, dac\u0103 este necesar. Se aplic\u0103 pe bijuteriile pentru difuzoare, pe dolomita natural\u0103 sau pe pietrele pentru difuzoare din lav\u0103.  <br \/>\nTopical: Aplica\u021bi pe ceaf\u0103 \u0219i pe t\u0103lpile picioarelor pentru un \u00eenceput de zi calm \u0219i revigorant. Destinat utiliz\u0103rii sub supravegherea unui adult.<\/p>\n<div class=\"product-uses__directions-for-use\">\n<div class=\"product-uses__directions-for-use-item\">\n<div class=\"product-uses__directions-for-use-copy\"><strong>Utilizare sigur\u0103<\/strong><br \/>\nEste posibil\u0103 iritarea pielii. A nu se p\u0103stra la \u00eendem\u00e2na copiilor cu v\u00e2rsta sub 3 ani. Dac\u0103 sunte\u021bi \u00eens\u0103rcinat\u0103 sau urma\u021bi un tratament medical, v\u0103 rug\u0103m s\u0103 v\u0103 adresa\u021bi medicului dumneavoastr\u0103. Evita\u021bi contactul cu ochii, urechile interne, fa\u021ba, zonele sensibile \u0219i membranele mucoase. Numai pentru uz extern.<\/div>\n<\/div>\n<\/div>\n","protected":false},"excerpt":{"rendered":"<h2 style=\"font-size: 28px\">Amestec \u00eencurajator pentru copii<\/h2>\n<p>doTERRA Brave &#8211; ideal pentru a le oferi curaj \u0219i siguran\u021b\u0103 micilor eroi din via\u021ba de zi cu zi. Este uleiul de \u00eencurajare \u0219i ascute sim\u021burile. Emo\u021biile negative sunt \u00eenlocuite \u00een mod pozitiv de \u00eencredere. \u00centr-o not\u0103 practic\u0103 \u0219i prietenoas\u0103 pentru copii, pentru \u0219coal\u0103, sport \u0219i acas\u0103.<\/p>\n","protected":false},"featured_media":4199,"template":"","meta":{"_et_pb_use_builder":"","_et_pb_old_content":"","_et_gb_content_width":""},"product_cat":[15,51,38,46,1940,1959,1979],"product_tag":[284,285],"_links":{"self":[{"href":"https:\/\/www.magnolioworld.com\/green-ro\/wp-json\/wp\/v2\/product\/692"}],"collection":[{"href":"https:\/\/www.magnolioworld.com\/green-ro\/wp-json\/wp\/v2\/product"}],"about":[{"href":"https:\/\/www.magnolioworld.com\/green-ro\/wp-json\/wp\/v2\/types\/product"}],"wp:featuredmedia":[{"embeddable":true,"href":"https:\/\/www.magnolioworld.com\/green-ro\/wp-json\/wp\/v2\/media\/4199"}],"wp:attachment":[{"href":"https:\/\/www.magnolioworld.com\/green-ro\/wp-json\/wp\/v2\/media?parent=692"}],"wp:term":[{"taxonomy":"product_cat","embeddable":true,"href":"https:\/\/www.magnolioworld.com\/green-ro\/wp-json\/wp\/v2\/product_cat?post=692"},{"taxonomy":"product_tag","embeddable":true,"href":"https:\/\/www.magnolioworld.com\/green-ro\/wp-json\/wp\/v2\/product_tag?post=692"}],"curies":[{"name":"wp","href":"https:\/\/api.w.org\/{rel}","templated":true}]}}