{"id":691,"date":"2020-04-22T14:01:22","date_gmt":"2020-04-22T12:01:22","guid":{"rendered":"https:\/\/www.magnolio.shop\/balance-balance-ausgleichend\/"},"modified":"2026-03-11T11:18:25","modified_gmt":"2026-03-11T10:18:25","slug":"doterra-balance","status":"publish","type":"product","link":"https:\/\/www.magnolioworld.com\/green-ro\/doterra-balance\/","title":{"rendered":"doTERRA Balance"},"content":{"rendered":"<p><strong>doTERRA Balance<\/strong> &#8211; Echilibrat \u0219i relaxat \u00een via\u021b\u0103<\/p>\n<p>Dac\u0103 sunte\u021bi \u00een c\u0103utarea p\u0103cii \u0219i a st\u0103rii de bine, atunci amestecul de echilibrare este cea mai bun\u0103 alegere. Parfumul seduc\u0103tor al amestecului de uleiuri esen\u021biale de molid, Ho-Wood, t\u0103m\u00e2ie, t\u0103t\u0103neas\u0103 albastr\u0103, mu\u0219e\u021bel albastru \u0219i ulei de cocos frac\u021bionat transmite calm \u0219i relaxare.  <\/p>\n<p>Molidul a fost adesea folosit de indieni ca un motiv spiritual, dar \u0219i de s\u0103n\u0103tate, care armonizeaz\u0103 corpul \u0219i mintea.  <br \/>\nHo-Wood, Blue Tansy \u0219i Blue Chamomile ajut\u0103 \u00eempotriva sentimentelor de anxietate. T\u0103m\u00e2ia are un efect de \u00eemp\u0103m\u00e2ntare \u0219i de echilibrare asupra emo\u021biilor noastre.<\/p>\n<p>doTERRA Balance pentru calm \u0219i senin\u0103tate chiar \u0219i \u00een vremuri furtunoase.<br \/>\n<strong><br \/>\nRecomandare<\/strong><br \/>\nAromatic: Nebuliza\u021bi 3-4 pic\u0103turi \u00een difuzor pentru un mediu calm \u0219i relaxant.<br \/>\nDe asemenea, ideal pentru medita\u021bie sau pentru practica yoga.<br \/>\nTopical: Aplica\u021bi pe t\u0103lpile picioarelor diminea\u021ba pentru o zi echilibrat\u0103. Se aplic\u0103 pe g\u00e2t \u0219i pe \u00eencheieturi pentru a promova calmul \u0219i echilibrul interior.  <br \/>\nSe aplic\u0103 pe piele \u00eenainte de a merge la culcare pentru a g\u0103si lini\u0219tea \u0219i a stimula visele frumoase.<br \/>\nPentru masaje, se amestec\u0103 5 pic\u0103turi cu 10 ml de ulei purt\u0103tor. \u00cempreun\u0103 cu sarea Epsom ca o baie relaxant\u0103 dup\u0103 o zi lung\u0103. Ca parfum, se amestec\u0103 1 pic\u0103tur\u0103 cu 10 pic\u0103turi de ulei purt\u0103tor.<\/p>\n<p><strong>Utilizare sigur\u0103<\/strong><br \/>\nEste posibil\u0103 iritarea pielii. A nu se p\u0103stra la \u00eendem\u00e2na copiilor. Dac\u0103 sunte\u021bi \u00eens\u0103rcinat\u0103 sau urma\u021bi un tratament medical, v\u0103 rug\u0103m s\u0103 v\u0103 adresa\u021bi medicului dumneavoastr\u0103. Evita\u021bi contactul cu ochii, urechile interne, fa\u021ba, zonele sensibile \u0219i membranele mucoase. Numai pentru uz extern.<\/p>\n","protected":false},"excerpt":{"rendered":"<h2 style=\"font-size: 28px\">Amestec de echilibrare &#8211; Uleiul de \u00eemp\u0103m\u00e2ntare<\/h2>\n<p>doTERRA Balance &#8211; Este uleiul echilibrului \u0219i al armoniei pentru corp \u0219i minte. Ideal pentru pace \u0219i senin\u0103tate chiar \u0219i \u00een vremuri furtunoase.<\/p>\n","protected":false},"featured_media":4196,"template":"","meta":{"_et_pb_use_builder":"","_et_pb_old_content":"","_et_gb_content_width":""},"product_cat":[15,51,36,38,41,42,46,48,45,47,1940,1948,1960,1972,1974,1975,1982,1985,1989],"product_tag":[282,283],"_links":{"self":[{"href":"https:\/\/www.magnolioworld.com\/green-ro\/wp-json\/wp\/v2\/product\/691"}],"collection":[{"href":"https:\/\/www.magnolioworld.com\/green-ro\/wp-json\/wp\/v2\/product"}],"about":[{"href":"https:\/\/www.magnolioworld.com\/green-ro\/wp-json\/wp\/v2\/types\/product"}],"wp:featuredmedia":[{"embeddable":true,"href":"https:\/\/www.magnolioworld.com\/green-ro\/wp-json\/wp\/v2\/media\/4196"}],"wp:attachment":[{"href":"https:\/\/www.magnolioworld.com\/green-ro\/wp-json\/wp\/v2\/media?parent=691"}],"wp:term":[{"taxonomy":"product_cat","embeddable":true,"href":"https:\/\/www.magnolioworld.com\/green-ro\/wp-json\/wp\/v2\/product_cat?post=691"},{"taxonomy":"product_tag","embeddable":true,"href":"https:\/\/www.magnolioworld.com\/green-ro\/wp-json\/wp\/v2\/product_tag?post=691"}],"curies":[{"name":"wp","href":"https:\/\/api.w.org\/{rel}","templated":true}]}}