{"id":689,"date":"2020-04-22T14:01:21","date_gmt":"2020-04-22T12:01:21","guid":{"rendered":"https:\/\/www.magnolio.shop\/arise-arise-erleuchtend\/"},"modified":"2026-02-06T13:38:59","modified_gmt":"2026-02-06T12:38:59","slug":"doterra-arise","status":"publish","type":"product","link":"https:\/\/www.magnolioworld.com\/green-ro\/doterra-arise\/","title":{"rendered":"doTERRA Arise"},"content":{"rendered":"<p><strong>doTERRA Arise<\/strong> &#8211; Iluminare \u0219i \u00een\u0103l\u021bare a sufletului<\/p>\n<p>\u00cen drumul t\u0103u spre realizarea viselor \u0219i atingerea obiectivelor tale, s-ar putea s\u0103 te confrun\u021bi cu mari provoc\u0103ri, dar \u0219i cu dezam\u0103giri. Po\u021bi dep\u0103\u0219i aceste obstacole bucur\u00e2ndu-te de amestecul iluminator din Colec\u021bia doTERRA Yoga ca parfum de arom\u0103 \u00een timpul exerci\u021biilor tale de yoga restauratoare.<\/p>\n<p>Uleiurile esen\u021biale de grapefruit, l\u0103m\u00e2ie, osmanthus, melisa \u0219i brad siberian, \u00eentr-o baz\u0103 de ulei de cocos frac\u021bionat, v\u0103 vor ajuta s\u0103 ob\u021bine\u021bi acest lucru. Acestea ofer\u0103 stabilitate, precum \u0219i libertate \u0219i rezisten\u021b\u0103 pentru corpul dumneavoastr\u0103. Ele aduc curaj \u0219i bucurie \u00een inima ta.<\/p>\n<p><strong>doTERRA Arise<\/strong> este ideal pentru practica yoga, medita\u021bie sau practic\u0103 spiritual\u0103 \u0219i oriunde ai nevoie de iluminare.<\/p>\n<p>De asemenea, minunat \u00een combina\u021bie cu celelalte uleiuri de yoga Align \u0219i Anchor sau ca set \u00een colec\u021bia Yoga. De asemenea, potrivit ca un cadou pentru cei dragi.<br \/>\n<strong><br \/>\nRecomandare<\/strong><br \/>\nAromatic: Nebuliza\u021bi 3-4 pic\u0103turi \u00een difuzor pentru un aer respirabil \u00een\u0103l\u021b\u0103tor \u0219i vesel. Pentru un efect emo\u021bional optim, inhala\u021bi ad\u00e2nc 1-2 pic\u0103turi pe \u00eencheieturile m\u00e2inilor sau \u00een palme \u0219i utiliza\u021bi \u00eenainte sau \u00een timpul exerci\u021biilor de yoga. Folosi\u021bi doTERRA Arise \u00een timpul practicii de yoga sau \u00een orice moment al zilei.<br \/>\nExerci\u021biile yoga ideale pentru Arise sunt toate pozi\u021biile \u00een picioare \u0219i semiluna.<br \/>\nTopical: Aplica\u021bi amestecul pe t\u00e2mple, \u00eencheieturi \u0219i g\u00e2t pentru a spori senza\u021bia de pl\u0103cere.<br \/>\nPentru masaje, se amestec\u0103 5 pic\u0103turi cu 10 ml de ulei purt\u0103tor. Ca aditiv pentru baie, se amestec\u0103 5 pic\u0103turi cu 5 ml de ulei purt\u0103tor. Pentru a parfuma, se amestec\u0103 1 pic\u0103tur\u0103 cu 10 pic\u0103turi de ulei purt\u0103tor.<\/p>\n<p><strong>Utilizare sigur\u0103<\/strong><br \/>\nEste posibil\u0103 iritarea pielii. A nu se p\u0103stra la \u00eendem\u00e2na copiilor. Dac\u0103 sunte\u021bi \u00eens\u0103rcinat\u0103 sau urma\u021bi un tratament medical, v\u0103 rug\u0103m s\u0103 v\u0103 adresa\u021bi medicului dumneavoastr\u0103. Evita\u021bi contactul cu ochii, urechile interne, fa\u021ba, zonele sensibile \u0219i membranele mucoase. Evita\u021bi lumina soarelui \u0219i razele UV timp de cel pu\u021bin 12 ore dup\u0103 aplicare. Numai pentru uz extern.<\/p>\n","protected":false},"excerpt":{"rendered":"<h2 style=\"font-size: 28px\">Amestec l\u0103muritor<\/h2>\n<p>doTERRA Arise &#8211; Este uleiul esen\u021bial al ilumin\u0103rii \u0219i este partenerul ideal pentru practica yoga, medita\u021bie \u0219i oriunde este nevoie de un sentiment de \u00een\u0103l\u021bare. V\u0103 ofer\u0103 u\u0219urin\u021ba \u0219i \u00eencrederea necesare pentru a st\u0103p\u00e2ni situa\u021biile dificile.<\/p>\n","protected":false},"featured_media":4144,"template":"","meta":{"_et_pb_use_builder":"","_et_pb_old_content":"","_et_gb_content_width":""},"product_cat":[15,51,48,1942,1982],"product_tag":[278,279],"_links":{"self":[{"href":"https:\/\/www.magnolioworld.com\/green-ro\/wp-json\/wp\/v2\/product\/689"}],"collection":[{"href":"https:\/\/www.magnolioworld.com\/green-ro\/wp-json\/wp\/v2\/product"}],"about":[{"href":"https:\/\/www.magnolioworld.com\/green-ro\/wp-json\/wp\/v2\/types\/product"}],"wp:featuredmedia":[{"embeddable":true,"href":"https:\/\/www.magnolioworld.com\/green-ro\/wp-json\/wp\/v2\/media\/4144"}],"wp:attachment":[{"href":"https:\/\/www.magnolioworld.com\/green-ro\/wp-json\/wp\/v2\/media?parent=689"}],"wp:term":[{"taxonomy":"product_cat","embeddable":true,"href":"https:\/\/www.magnolioworld.com\/green-ro\/wp-json\/wp\/v2\/product_cat?post=689"},{"taxonomy":"product_tag","embeddable":true,"href":"https:\/\/www.magnolioworld.com\/green-ro\/wp-json\/wp\/v2\/product_tag?post=689"}],"curies":[{"name":"wp","href":"https:\/\/api.w.org\/{rel}","templated":true}]}}