{"id":684,"date":"2020-04-22T14:01:21","date_gmt":"2020-04-22T12:01:21","guid":{"rendered":"https:\/\/www.magnolio.shop\/turmeric-kurkuma\/"},"modified":"2025-10-11T13:50:56","modified_gmt":"2025-10-11T11:50:56","slug":"ulei-de-turmeric-doterra-turmeric","status":"publish","type":"product","link":"https:\/\/www.magnolioworld.com\/green-ro\/ulei-de-turmeric-doterra-turmeric\/","title":{"rendered":"Ulei de turmeric &#8211; doTERRA Turmeric"},"content":{"rendered":"<p><strong>doTERRA Turmeric<\/strong> &#8211; Uleiul de restaurare<\/p>\n<p>Cresc\u00e2nd p\u00e2n\u0103 la 1 metru \u00een\u0103l\u021bime, turmericul este originar din Asia de Sud. Rizomul acestei plante, cunoscut \u0219i sub numele de ghimbir galben sau r\u0103d\u0103cin\u0103 de \u0219ofran, este transformat \u00een <strong>turmeric<\/strong> esen\u021bial <strong>doTERRA Turmeric<\/strong> prin distilare cu aburi. R\u0103sp\u00e2nde\u0219te o arom\u0103 cald\u0103, condimentat\u0103 \u0219i lemnoas\u0103-p\u0103m\u00e2ntoas\u0103. Turmericul este de ne\u00eenlocuit \u00een buc\u0103t\u0103ria chinezeasc\u0103 \u0219i indian\u0103.  <\/p>\n<p>\u00cen naturismul indonezian, uleiul esen\u021bial de turmeric este folosit pentru a \u00eent\u0103ri sistemul imunitar \u0219i tractul respirator. De asemenea, are un efect de regenerare celular\u0103 \u0219i, prin urmare, este ideal pentru toate aplica\u021biile de regenerare \u0219i anti-\u00eemb\u0103tr\u00e2nire.<\/p>\n<p>Din punct de vedere emo\u021bional, acest ulei are un efect de \u00eent\u0103rire \u0219i \u00een\u0103l\u021bare \u0219i ne ofer\u0103 siguran\u021b\u0103 \u0219i \u00eencredere \u00een noi \u00een\u0219ine, mai ales \u00een perioadele dificile.<\/p>\n<p>\u00cen mod ideal, doTERRA Turmeric poate fi folosit \u00een mod aromat \u00eentr-un difuzor, pe palmele m\u00e2inilor sau pe punctele de puls. De asemenea, poate fi aplicat direct pe zonele stresate ale corpului sau pe zonele reflexe ale picioarelor sau poate fi administrat sub form\u0103 de capsule. \u00cen buc\u0103t\u0103rie, rafineaz\u0103 multe feluri de m\u00e2ncare \u0219i b\u0103uturi indiene.<\/p>\n<p><strong>Recomandare<\/strong><br \/>\nAromatic: Pentru bun\u0103stare \u0219i puritate spiritual\u0103, ad\u0103uga\u021bi 3-4 pic\u0103turi de doTERRA Turmeric \u00een difuzor sau inhala\u021bi profund prin \u00eencheieturi. Ideal pentru practica spiritual\u0103.  <br \/>\nIntern: Folosi\u021bi o pic\u0103tur\u0103 pentru o arom\u0103 picant\u0103 \u0219i piperat\u0103 \u00een m\u00e2nc\u0103rurile dumneavoastr\u0103, cum ar fi supele, ou\u0103le amestecate sau orezul. Mai pu\u021bin \u00eenseamn\u0103 mai mult: un v\u00e2rf de scobitoare de ulei este adesea suficient. Pur \u0219i simplu se umeze\u0219te o scobitoare cu ulei \u0219i se amestec\u0103 \u00een m\u00e2ncare. F\u0103-\u021bi propriul ceai de turmeric amestec\u00e2nd lapte de cocos, ap\u0103, miere, ceai \u0219i 1 &#8211; 2 pic\u0103turi de ulei esen\u021bial de turmeric.  <br \/>\nTopic: Folosi\u021bi propriet\u0103\u021bile de cur\u0103\u021bare ale uleiului \u0219i ad\u0103uga\u021bi 1-2 pic\u0103turi \u00een \u00eengrijirea fe\u021bei sau face\u021bi o masc\u0103 de fa\u021b\u0103 clarificatoare. Maseaz\u0103 5 pic\u0103turi de ulei \u00eempreun\u0103 cu 10 ml de ulei purt\u0103tor \u0219i las\u0103-\u021bi corpul s\u0103 se regenereze. Ad\u0103uga\u021bi 5 pic\u0103turi la o baie de relaxare lini\u0219titoare cu ulei purt\u0103tor, lapte de migdale sau crem\u0103.<\/p>\n<p><strong>Utilizare sigur\u0103<\/strong><br \/>\nPoate provoca irita\u021bii ale pielii. A nu se p\u0103stra la \u00eendem\u00e2na copiilor. Dac\u0103 sunte\u021bi \u00eens\u0103rcinat\u0103 sau urma\u021bi un tratament medical, v\u0103 rug\u0103m s\u0103 v\u0103 adresa\u021bi medicului dumneavoastr\u0103. Evita\u021bi contactul cu ochii, urechile interne, fa\u021ba, zonele sensibile \u0219i membranele mucoase. Pentru uz topic, v\u0103 rug\u0103m s\u0103 dilua\u021bi \u00eentotdeauna uleiurile cu un ulei purt\u0103tor (de exemplu, ulei de cocos frac\u021bionat).<\/p>\n","protected":false},"excerpt":{"rendered":"<h2 style=\"font-size: 28px\">Uleiul de restaurare<\/h2>\n<p>doTERRA Turmeric &#8211; Ajut\u0103 la restabilirea s\u0103n\u0103t\u0103\u021bii fizice \u0219i mentale \u0219i, astfel, la optimizarea st\u0103rii de bine. Pur \u0219i simplu inhala\u021bi cu poft\u0103 uleiul de turmeric sau lua\u021bi-l intern pentru a trece prin momentele dificile cu o vigoare re\u00eennoit\u0103. Din punct de vedere emo\u021bional, acest ulei are un efect de \u00eent\u0103rire \u0219i \u00een\u0103l\u021bare \u0219i ne ofer\u0103 siguran\u021b\u0103 \u0219i \u00eencredere \u00een noi \u00een\u0219ine, mai ales \u00een perioadele dificile.<\/p>\n","protected":false},"featured_media":4200,"template":"","meta":{"_et_pb_use_builder":"","_et_pb_old_content":"","_et_gb_content_width":""},"product_cat":[15,50],"product_tag":[269,268],"_links":{"self":[{"href":"https:\/\/www.magnolioworld.com\/green-ro\/wp-json\/wp\/v2\/product\/684"}],"collection":[{"href":"https:\/\/www.magnolioworld.com\/green-ro\/wp-json\/wp\/v2\/product"}],"about":[{"href":"https:\/\/www.magnolioworld.com\/green-ro\/wp-json\/wp\/v2\/types\/product"}],"wp:featuredmedia":[{"embeddable":true,"href":"https:\/\/www.magnolioworld.com\/green-ro\/wp-json\/wp\/v2\/media\/4200"}],"wp:attachment":[{"href":"https:\/\/www.magnolioworld.com\/green-ro\/wp-json\/wp\/v2\/media?parent=684"}],"wp:term":[{"taxonomy":"product_cat","embeddable":true,"href":"https:\/\/www.magnolioworld.com\/green-ro\/wp-json\/wp\/v2\/product_cat?post=684"},{"taxonomy":"product_tag","embeddable":true,"href":"https:\/\/www.magnolioworld.com\/green-ro\/wp-json\/wp\/v2\/product_tag?post=684"}],"curies":[{"name":"wp","href":"https:\/\/api.w.org\/{rel}","templated":true}]}}