{"id":678,"date":"2020-04-22T14:01:18","date_gmt":"2020-04-22T12:01:18","guid":{"rendered":"https:\/\/www.magnolio.shop\/neroli-touch-neroli-touch\/"},"modified":"2025-11-17T14:49:04","modified_gmt":"2025-11-17T13:49:04","slug":"ulei-de-neroli-roll-on-doterra-neroli-touch","status":"publish","type":"product","link":"https:\/\/www.magnolioworld.com\/green-ro\/ulei-de-neroli-roll-on-doterra-neroli-touch\/","title":{"rendered":"Ulei de Neroli Roll-On &#8211; doTERRA Neroli Touch"},"content":{"rendered":"<p><strong>doTERRA Neroli Touch<\/strong> &#8211; \u00cenvior\u0103tor \u0219i eficient \u00eempotriva stresului \u0219i anxiet\u0103\u021bii<\/p>\n<p>Portocala amar\u0103 este o plant\u0103 de citrice ve\u0219nic verde care cre\u0219te p\u00e2n\u0103 la 10 metri \u00een\u0103l\u021bime. Probabil c\u0103 provine dintr-o \u00eencruci\u0219are \u00eentre grapefruit \u0219i mandarin\u0103. Uleiul esen\u021bial de portocale amare Neroli este produs din flori prin distilare cu aburi. Uleiul esen\u021bial de Petitgrain este extras din crengu\u021bele \u0219i frunzele de portocal amar.<\/p>\n<p>Aroma lini\u0219titoare promoveaz\u0103 bun\u0103starea mental\u0103 \u0219i emo\u021bional\u0103 \u0219i are un efect \u00een\u0103l\u021b\u0103tor asupra emo\u021biilor. Uleiul de neroli este, de asemenea, unul dintre uleiurile care sprijin\u0103 stimularea glandei pineale vitale. De asemenea, are un efect de activare \u0219i echilibrare asupra chakrei spr\u00e2ncenelor. Aplica\u021bi uleiul pe chakra frun\u021bii sau pe \u00eencheieturile m\u00e2inilor.<\/p>\n<p>Uleiul de neroli roll-on poate fi folosit, de asemenea, pentru a sus\u021bine irita\u021biile pielii \u0219i pentru a calma pielea. Din punct de vedere emo\u021bional, neroli contracareaz\u0103 stresul \u0219i anxietatea \u0219i ajut\u0103 la relaxare.<\/p>\n<p>Conceput aici ca un doTERRA Neroli Touch gata de utilizare pentru buzunarul t\u0103u.<\/p>\n<p><strong>Recomandare<\/strong><br \/>\nAromatic: Inhala\u021bi <strong>doTERRA Neroli Touch<\/strong> pe \u00eencheieturile m\u00e2inilor sau \u00een palme pentru a ridica starea de spirit \u0219i a combate stresul, anxietatea \u0219i panica.<br \/>\nTopic: Aplica\u021bi pe g\u00e2t sau pe zonele reflexe ale picioarelor \u0219i pe chakrele dorite (\u00een special al treilea ochi). Se aplic\u0103 pe glanda pineal\u0103 pentru activare.<br \/>\nPentru a fi folosit ca parfum exotic.<\/p>\n<p><strong>Utilizare sigur\u0103<\/strong><br \/>\nA nu se p\u0103stra la \u00eendem\u00e2na copiilor. Dac\u0103 sunte\u021bi \u00eens\u0103rcinat\u0103 sau urma\u021bi un tratament medical, v\u0103 rug\u0103m s\u0103 v\u0103 adresa\u021bi medicului dumneavoastr\u0103. Evita\u021bi contactul cu ochii, urechile interne, fa\u021ba, zonele sensibile \u0219i membranele mucoase.<\/p>\n","protected":false},"excerpt":{"rendered":"<h2 style=\"font-size: 28px;\">Uleiul pentru parteneriat \u0219i obiective comune<\/h2>\n<p>doTERRA Neroli Touch &#8211; \u00eembun\u0103t\u0103\u021be\u0219te starea de spirit \u0219i combate stresul \u0219i anxietatea. Aplica\u021bi Neroli Roll-On pe t\u00e2mple \u0219i pe t\u0103lpile picioarelor pentru o senza\u021bie de calm \u0219i relaxare sau inspira\u021bi ad\u00e2nc pe punctele de puls. Se aplic\u0103 pe glanda pineal\u0103 pentru activare.<\/p>\n","protected":false},"featured_media":4155,"template":"","meta":{"_et_pb_use_builder":"","_et_pb_old_content":"","_et_gb_content_width":""},"product_cat":[15,50,1939,1941],"product_tag":[239],"_links":{"self":[{"href":"https:\/\/www.magnolioworld.com\/green-ro\/wp-json\/wp\/v2\/product\/678"}],"collection":[{"href":"https:\/\/www.magnolioworld.com\/green-ro\/wp-json\/wp\/v2\/product"}],"about":[{"href":"https:\/\/www.magnolioworld.com\/green-ro\/wp-json\/wp\/v2\/types\/product"}],"wp:featuredmedia":[{"embeddable":true,"href":"https:\/\/www.magnolioworld.com\/green-ro\/wp-json\/wp\/v2\/media\/4155"}],"wp:attachment":[{"href":"https:\/\/www.magnolioworld.com\/green-ro\/wp-json\/wp\/v2\/media?parent=678"}],"wp:term":[{"taxonomy":"product_cat","embeddable":true,"href":"https:\/\/www.magnolioworld.com\/green-ro\/wp-json\/wp\/v2\/product_cat?post=678"},{"taxonomy":"product_tag","embeddable":true,"href":"https:\/\/www.magnolioworld.com\/green-ro\/wp-json\/wp\/v2\/product_tag?post=678"}],"curies":[{"name":"wp","href":"https:\/\/api.w.org\/{rel}","templated":true}]}}