{"id":677,"date":"2020-04-22T14:01:17","date_gmt":"2020-04-22T12:01:17","guid":{"rendered":"https:\/\/www.magnolio.shop\/melaleuca-touch-teebaum-touch\/"},"modified":"2026-03-27T12:44:39","modified_gmt":"2026-03-27T11:44:39","slug":"ulei-de-arbore-de-ceai-roll-on-doterra-tea-tree-touch","status":"publish","type":"product","link":"https:\/\/www.magnolioworld.com\/green-ro\/ulei-de-arbore-de-ceai-roll-on-doterra-tea-tree-touch\/","title":{"rendered":"Ulei de arbore de ceai Roll-On &#8211; doTERRA Tea Tree Touch"},"content":{"rendered":"<p><strong>doTERRA Tea Tree Touch<\/strong> &#8211; Geniul complet al uleiurilor<\/p>\n<p>Arborele de ceai (Melaleuca \u00een latin\u0103) este un arbust sau un copac mic din Australia, cu frunze ve\u0219nic verzi, care cre\u0219te p\u00e2n\u0103 la o \u00een\u0103l\u021bime de 2,5-14 metri. Uleiul esen\u021bial de arbore de ceai extras din frunze este caracterizat de un parfum proasp\u0103t \u0219i are propriet\u0103\u021bi excelente de cur\u0103\u021bare. <br \/>\nB\u0103\u0219tina\u0219ii inhalau frunzele zdrobite pentru a putea respira din nou liber sau foloseau efectul de r\u0103corire pe piele. <\/p>\n<p>Folosi\u021bi doTERRA Tea Tree Touch pentru m\u00e2nc\u0103rimi dup\u0103 mu\u0219c\u0103turi de insecte \u0219i pentru tratarea impurit\u0103\u021bilor pielii. Problemele cu unghiile de la m\u00e2ini sau de la picioare ar putea fi un alt punct de aplicare. <\/p>\n<p>The Touch este conceput cu ulei de nuc\u0103 de cocos frac\u021bionat, gata de utilizare \u00een buzunar.<\/p>\n<p><strong>Recomandare<\/strong><br \/>\nAromatic: inhala\u021bi doTERRA Tea Tree Touch peste \u00eencheieturile m\u00e2inilor pentru demarca\u021bie extern\u0103 \u0219i protec\u021bie energetic\u0103.<br \/>\nTopic: Aplica\u021bi pe zonele afectate ale pielii sau unghiilor sau pe g\u00e2t \u0219i zonele dorite pentru protec\u021bie \u00een timpul activit\u0103\u021bilor \u00een aer liber.<\/p>\n<p><strong>Utilizare sigur\u0103<\/strong><br \/>\nA nu se p\u0103stra la \u00eendem\u00e2na copiilor. Dac\u0103 sunte\u021bi \u00eens\u0103rcinat\u0103 sau urma\u021bi un tratament medical, v\u0103 rug\u0103m s\u0103 v\u0103 adresa\u021bi medicului dumneavoastr\u0103. Evita\u021bi contactul cu ochii, urechile interne, fa\u021ba, zonele sensibile \u0219i membranele mucoase.<\/p>\n","protected":false},"excerpt":{"rendered":"<h2>Uleiul de demarca\u021bie energetic\u0103<\/h2>\n<p>doTERRA Tea Tree Touch &#8211; Este cunoscut pentru efectul s\u0103u de cur\u0103\u021bare \u0219i de calmare. Este un ulei pentru toate ocaziile. Datorit\u0103 semnifica\u021biei sale emo\u021bionale, roll-on-ul de arbore de ceai poate fi folosit de minune pentru demarca\u021bie extern\u0103 \u0219i protec\u021bie energetic\u0103. Ideal pentru practica spiritual\u0103 \u0219i terapeutic\u0103.<\/p>\n","protected":false},"featured_media":4164,"template":"","meta":{"_et_pb_use_builder":"","_et_pb_old_content":"","_et_gb_content_width":""},"product_cat":[15,50,43],"product_tag":[237,238],"_links":{"self":[{"href":"https:\/\/www.magnolioworld.com\/green-ro\/wp-json\/wp\/v2\/product\/677"}],"collection":[{"href":"https:\/\/www.magnolioworld.com\/green-ro\/wp-json\/wp\/v2\/product"}],"about":[{"href":"https:\/\/www.magnolioworld.com\/green-ro\/wp-json\/wp\/v2\/types\/product"}],"wp:featuredmedia":[{"embeddable":true,"href":"https:\/\/www.magnolioworld.com\/green-ro\/wp-json\/wp\/v2\/media\/4164"}],"wp:attachment":[{"href":"https:\/\/www.magnolioworld.com\/green-ro\/wp-json\/wp\/v2\/media?parent=677"}],"wp:term":[{"taxonomy":"product_cat","embeddable":true,"href":"https:\/\/www.magnolioworld.com\/green-ro\/wp-json\/wp\/v2\/product_cat?post=677"},{"taxonomy":"product_tag","embeddable":true,"href":"https:\/\/www.magnolioworld.com\/green-ro\/wp-json\/wp\/v2\/product_tag?post=677"}],"curies":[{"name":"wp","href":"https:\/\/api.w.org\/{rel}","templated":true}]}}