{"id":676,"date":"2020-04-22T14:01:17","date_gmt":"2020-04-22T12:01:17","guid":{"rendered":"https:\/\/www.magnolio.shop\/lavender-touch-lavendel-touch\/"},"modified":"2026-04-10T13:27:23","modified_gmt":"2026-04-10T11:27:23","slug":"ulei-de-lavanda-roll-on-doterra-lavender-touch","status":"publish","type":"product","link":"https:\/\/www.magnolioworld.com\/green-ro\/ulei-de-lavanda-roll-on-doterra-lavender-touch\/","title":{"rendered":"Ulei de lavand\u0103 Roll-On &#8211; doTERRA Lavender Touch"},"content":{"rendered":"<p><strong>doTERRA Lavender Touch<\/strong> &#8211; relaxare oriunde<\/p>\n<p>Lev\u0103n\u021bica este un arbust gri, pufos \u0219i p\u0103ros, care cre\u0219te p\u00e2n\u0103 la o \u00een\u0103l\u021bime de aproximativ 1 metru \u0219i provine din regiunea mediteranean\u0103. <\/p>\n<p>Uleiul esen\u021bial de lavand\u0103 are o arom\u0103 distinctiv\u0103 \u0219i are un efect floral, proasp\u0103t \u0219i calmant. Are nenum\u0103rate aplica\u021bii, nu numai \u00een domeniul cosmeticelor \u0219i al parfumurilor. Este adesea folosit pentru a reduce imperfec\u021biunile pielii \u0219i pentru a \u00eembun\u0103t\u0103\u021bi nelini\u0219tea \u0219i problemele de somn. <br \/>\ndoTERRA Lavender Touch este ideal pentru c\u0103l\u0103torii, chiar \u0219i pentru irita\u021bii minore ale pielii \u0219i dup\u0103 lumina puternic\u0103 a soarelui sau \u00een\u021bep\u0103turi de insecte.<\/p>\n<p>Conceput aici ca o atingere gata de utilizare pentru buzunarul dumneavoastr\u0103.<\/p>\n<p><strong>Recomandare<\/strong><br \/>\nAromatic: Inhala\u021bi doTERRA Lavender Touch peste \u00eencheieturi sau palme pentru a echilibra \u0219i \u00eent\u0103ri comunicarea.<br \/>\nTopic: Se aplic\u0103 pe zonele afectate ale pielii pentru a calma. Pentru un somn relaxat, aplica\u021bi seara pe t\u0103lpile picioarelor sau pe g\u00e2t. Se aplic\u0103 pe zona dorit\u0103 dup\u0103 expunerea la soare sau \u00een\u021bep\u0103turi de insecte.<\/p>\n<p><strong>Utilizare sigur\u0103<\/strong><br \/>\nA nu se p\u0103stra la \u00eendem\u00e2na copiilor. Dac\u0103 sunte\u021bi \u00eens\u0103rcinat\u0103 sau urma\u021bi un tratament medical, v\u0103 rug\u0103m s\u0103 v\u0103 adresa\u021bi medicului dumneavoastr\u0103. Evita\u021bi contactul cu ochii, urechile interne, fa\u021ba, zonele sensibile \u0219i membranele mucoase.<\/p>\n","protected":false},"excerpt":{"rendered":"<h2>Uleiul de comunicare<\/h2>\n<p>doTERRA Lavender Touch &#8211; relaxare pur\u0103 \u0219i calmare. Se aplic\u0103 pur \u0219i simplu dup\u0103 expunerea la soare \u0219i dup\u0103 mu\u0219c\u0103turile de insecte. Din punct de vedere emo\u021bional, are un efect calmant \u0219i echilibrant \u0219i favorizeaz\u0103 o comunicare armonioas\u0103. Ideal la locul de munc\u0103 \u0219i acas\u0103.<\/p>\n","protected":false},"featured_media":4212,"template":"","meta":{"_et_pb_use_builder":"","_et_pb_old_content":"","_et_gb_content_width":""},"product_cat":[15,50,36,38,2103,1948,1960],"product_tag":[236,235],"_links":{"self":[{"href":"https:\/\/www.magnolioworld.com\/green-ro\/wp-json\/wp\/v2\/product\/676"}],"collection":[{"href":"https:\/\/www.magnolioworld.com\/green-ro\/wp-json\/wp\/v2\/product"}],"about":[{"href":"https:\/\/www.magnolioworld.com\/green-ro\/wp-json\/wp\/v2\/types\/product"}],"wp:featuredmedia":[{"embeddable":true,"href":"https:\/\/www.magnolioworld.com\/green-ro\/wp-json\/wp\/v2\/media\/4212"}],"wp:attachment":[{"href":"https:\/\/www.magnolioworld.com\/green-ro\/wp-json\/wp\/v2\/media?parent=676"}],"wp:term":[{"taxonomy":"product_cat","embeddable":true,"href":"https:\/\/www.magnolioworld.com\/green-ro\/wp-json\/wp\/v2\/product_cat?post=676"},{"taxonomy":"product_tag","embeddable":true,"href":"https:\/\/www.magnolioworld.com\/green-ro\/wp-json\/wp\/v2\/product_tag?post=676"}],"curies":[{"name":"wp","href":"https:\/\/api.w.org\/{rel}","templated":true}]}}