{"id":674,"date":"2020-04-22T14:01:17","date_gmt":"2020-04-22T12:01:17","guid":{"rendered":"https:\/\/www.magnolio.shop\/magnolia-touch-magnolie\/"},"modified":"2025-12-19T17:55:36","modified_gmt":"2025-12-19T16:55:36","slug":"ulei-de-magnolie-roll-on-doterra-magnolia-touch","status":"publish","type":"product","link":"https:\/\/www.magnolioworld.com\/green-ro\/ulei-de-magnolie-roll-on-doterra-magnolia-touch\/","title":{"rendered":"Ulei de magnolie Roll-On &#8211; doTERRA Magnolia Touch"},"content":{"rendered":"<p><strong>doTERRA Magnolia Touch<\/strong> &#8211; senza\u021bie exotic\u0103 de relaxare<\/p>\n<p>Magnolia este originar\u0103 din Asia de Est \u0219i din America \u0219i este adesea numit\u0103 arborele cu orhidee alb\u0103 de jad. Esen\u021bialul doTERRA Magnolia Touch este extras din petalele sec\u021biunii Michelia prin distilare cu aburi. Aroma r\u0103coritoare de fructe \u0219i flori ofer\u0103 o senza\u021bie de relaxare \u0219i este folosit\u0103 \u00een medicina tradi\u021bional\u0103 chinez\u0103 (TCM) pentru a restabili echilibrul interior.<\/p>\n<p>Ideal pentru a fi inhalat peste punctele de puls sau aplicat pe t\u00e2mple \u0219i pe t\u0103lpile picioarelor \u00eenainte de somn.<\/p>\n<p>Din punct de vedere emo\u021bional, este uleiul compasiunii \u0219i ne poate armoniza interac\u021biunile \u0219i ne poate scoate \u00een eviden\u021b\u0103 sentimentele. Ideal pentru coaching \u0219i practic\u0103 terapeutic\u0103.<\/p>\n<p>Sub form\u0103 de stick gata de utilizare, amestecat cu ulei frac\u021bionat de nuc\u0103 de cocos, <strong>Magnolia Roll-On<\/strong> are un efect calmant asupra pielii.<\/p>\n<p><strong>Recomandare<\/strong><br \/>\nAromatic: Inhala\u021bi <strong>doTERRA Magnolia Touch<\/strong> pe punctele de puls sau \u00een palmele m\u00e2inilor pentru a ridica starea de spirit \u0219i a promova calmul \u0219i relaxarea.<br \/>\nTopic: Aplica\u021bi pe g\u00e2t sau pe zonele reflexe ale picioarelor \u0219i pe chakrele dorite.<br \/>\nPentru a fi folosit ca parfum exotic.<\/p>\n<p><strong>Utilizare sigur\u0103<\/strong><br \/>\nA nu se p\u0103stra la \u00eendem\u00e2na copiilor. Dac\u0103 sunte\u021bi \u00eens\u0103rcinat\u0103 sau urma\u021bi un tratament medical, v\u0103 rug\u0103m s\u0103 v\u0103 adresa\u021bi medicului dumneavoastr\u0103. Evita\u021bi contactul cu ochii, urechile interne, fa\u021ba, zonele sensibile \u0219i membranele mucoase.<\/p>\n","protected":false},"excerpt":{"rendered":"<h2 style=\"font-size: 28px;\">Uleiul compasiunii<\/h2>\n<p>doTERRA Magnolia Touch &#8211; Ofer\u0103 un sentiment de calm \u0219i relaxare. Ideal pentru a fi inhalat peste punctele de puls sau aplicat pe t\u00e2mple \u0219i pe t\u0103lpile picioarelor \u00eenainte de somn. O experien\u021b\u0103 exotic\u0103 de bun-sim\u021b &#8211; ideal\u0103 \u0219i ca parfum.<\/p>\n","protected":false},"featured_media":4140,"template":"","meta":{"_et_pb_use_builder":"","_et_pb_old_content":"","_et_gb_content_width":""},"product_cat":[15,50,42,1939,1941,1968],"product_tag":[231,232],"_links":{"self":[{"href":"https:\/\/www.magnolioworld.com\/green-ro\/wp-json\/wp\/v2\/product\/674"}],"collection":[{"href":"https:\/\/www.magnolioworld.com\/green-ro\/wp-json\/wp\/v2\/product"}],"about":[{"href":"https:\/\/www.magnolioworld.com\/green-ro\/wp-json\/wp\/v2\/types\/product"}],"wp:featuredmedia":[{"embeddable":true,"href":"https:\/\/www.magnolioworld.com\/green-ro\/wp-json\/wp\/v2\/media\/4140"}],"wp:attachment":[{"href":"https:\/\/www.magnolioworld.com\/green-ro\/wp-json\/wp\/v2\/media?parent=674"}],"wp:term":[{"taxonomy":"product_cat","embeddable":true,"href":"https:\/\/www.magnolioworld.com\/green-ro\/wp-json\/wp\/v2\/product_cat?post=674"},{"taxonomy":"product_tag","embeddable":true,"href":"https:\/\/www.magnolioworld.com\/green-ro\/wp-json\/wp\/v2\/product_tag?post=674"}],"curies":[{"name":"wp","href":"https:\/\/api.w.org\/{rel}","templated":true}]}}