{"id":673,"date":"2020-04-22T14:01:17","date_gmt":"2020-04-22T12:01:17","guid":{"rendered":"https:\/\/www.magnolio.shop\/green-mandarin-gruene-mandarine\/"},"modified":"2026-02-06T20:06:08","modified_gmt":"2026-02-06T19:06:08","slug":"ulei-de-mandarina-verde-doterra-green-mandarin","status":"publish","type":"product","link":"https:\/\/www.magnolioworld.com\/green-ro\/ulei-de-mandarina-verde-doterra-green-mandarin\/","title":{"rendered":"Ulei de mandarin\u0103 verde &#8211; doTERRA Green Mandarin"},"content":{"rendered":"<p><strong>doTERRA Green Mandarin<\/strong> &#8211; Uleiul inimii juc\u0103u\u0219e<\/p>\n<p>Mandarinul este un mic arbore ve\u0219nic verde din familia citricelor. Esen\u021bialul <strong>doTERRA Green Mandarin<\/strong> presat din coaja de fructe verzi necoapte are o arom\u0103 fructat\u0103 \u0219i u\u0219or dulce, cu efect stimulator \u0219i \u00een\u0103l\u021b\u0103tor. Deoarece mandarinele necoapte sunt \u00een mod normal distruse atunci c\u00e2nd se optimizeaz\u0103 produc\u021bia de fructe, \u00eentreaga produc\u021bie a unui copac poate fi utilizat\u0103 prin extragerea uleiului de mandarine verzi.<\/p>\n<p>Uleiul de mandarine este excelent pentru calmarea \u0219i ameliorarea stresului \u0219i a anxiet\u0103\u021bii \u0219i atunci c\u00e2nd inima este grea. Uleiul esen\u021bial sus\u021bine sistemul cardiovascular \u0219i are un efect pozitiv asupra digestiei.<br \/>\nSpre deosebire de alte uleiuri de citrice, acesta nu este fotosensibil \u0219i, prin urmare, poate fi utilizat \u00een siguran\u021b\u0103 la lumina soarelui.<br \/>\n<strong><br \/>\nRecomandare<\/strong><br \/>\nAromatic: Ad\u0103uga\u021bi 3-4 pic\u0103turi \u00eentr-un difuzor pentru a purifica aerul \u0219i a elimina mirosurile nepl\u0103cute. Inhala\u021bi profund uleiul prin punctele de puls pentru efectul emo\u021bional al inimii u\u0219oare.<br \/>\nIntern: Ad\u0103uga\u021bi 1 pic\u0103tur\u0103 la 125 ml de lichid. doTERRA Green Mandarin este ideal pentru a ad\u0103uga o arom\u0103 fin\u0103 b\u0103uturilor amestecate, deserturilor sau smoothie-urilor.<br \/>\nTopic: Amesteca\u021bi 1-2 pic\u0103turi cu lo\u021biunea de fa\u021b\u0103 sau de \u00eengrijire corporal\u0103 pentru a ob\u021bine o piele proasp\u0103t\u0103 \u0219i curat\u0103 \u0219i l\u0103sa\u021bi parfumul unic s\u0103 v\u0103 \u00eenso\u021beasc\u0103 pe tot parcursul zilei.<\/p>\n<p><strong>Utilizare sigur\u0103<\/strong><br \/>\nPoate provoca irita\u021bii ale pielii. A nu se p\u0103stra la \u00eendem\u00e2na copiilor. Dac\u0103 sunte\u021bi \u00eens\u0103rcinat\u0103 sau urma\u021bi un tratament medical, v\u0103 rug\u0103m s\u0103 v\u0103 adresa\u021bi medicului dumneavoastr\u0103. Evita\u021bi contactul cu ochii, urechile interne, fa\u021ba, zonele sensibile \u0219i membranele mucoase. Pentru uz topic, v\u0103 rug\u0103m s\u0103 dilua\u021bi \u00eentotdeauna uleiurile cu un ulei purt\u0103tor (de exemplu, ulei de cocos frac\u021bionat).<\/p>\n","protected":false},"excerpt":{"rendered":"<h2 style=\"font-size: 28px\">Uleiul inimii juc\u0103u\u0219e<\/h2>\n<p>doTERRA Green Mandarin &#8211; Extras din coaja de mandarine necoapte \u0219i este foarte antiinflamator \u0219i antiviral. Coaja verde \u00eei confer\u0103 o arom\u0103 de citrice u\u0219or acri\u0219oar\u0103 \u0219i proasp\u0103t\u0103. Uleiul de mandarin\u0103 verde are un efect puternic de ridicare a dispozi\u021biei \u0219i permite inimii s\u0103 tresalte de bucurie. Prin urmare, este o surs\u0103 de lumin\u0103 binevenit\u0103, mai ales \u00een zilele \u00eentunecate.<\/p>\n","protected":false},"featured_media":4137,"template":"","meta":{"_et_pb_use_builder":"","_et_pb_old_content":"","_et_gb_content_width":""},"product_cat":[15,50,1965],"product_tag":[229,230],"_links":{"self":[{"href":"https:\/\/www.magnolioworld.com\/green-ro\/wp-json\/wp\/v2\/product\/673"}],"collection":[{"href":"https:\/\/www.magnolioworld.com\/green-ro\/wp-json\/wp\/v2\/product"}],"about":[{"href":"https:\/\/www.magnolioworld.com\/green-ro\/wp-json\/wp\/v2\/types\/product"}],"wp:featuredmedia":[{"embeddable":true,"href":"https:\/\/www.magnolioworld.com\/green-ro\/wp-json\/wp\/v2\/media\/4137"}],"wp:attachment":[{"href":"https:\/\/www.magnolioworld.com\/green-ro\/wp-json\/wp\/v2\/media?parent=673"}],"wp:term":[{"taxonomy":"product_cat","embeddable":true,"href":"https:\/\/www.magnolioworld.com\/green-ro\/wp-json\/wp\/v2\/product_cat?post=673"},{"taxonomy":"product_tag","embeddable":true,"href":"https:\/\/www.magnolioworld.com\/green-ro\/wp-json\/wp\/v2\/product_tag?post=673"}],"curies":[{"name":"wp","href":"https:\/\/api.w.org\/{rel}","templated":true}]}}