{"id":672,"date":"2020-04-22T14:01:17","date_gmt":"2020-04-22T12:01:17","guid":{"rendered":"https:\/\/www.magnolio.shop\/ylang-ylang-ylang-ylang\/"},"modified":"2026-03-11T11:18:01","modified_gmt":"2026-03-11T10:18:01","slug":"ulei-de-ylang-ylang-doterra-ylang-ylang","status":"publish","type":"product","link":"https:\/\/www.magnolioworld.com\/green-ro\/ulei-de-ylang-ylang-doterra-ylang-ylang\/","title":{"rendered":"Ulei de Ylang Ylang &#8211; doTERRA Ylang Ylang"},"content":{"rendered":"<p><strong>doTERRA Ylang Ylang<\/strong> &#8211; O binecuv\u00e2ntare pentru inim\u0103 \u0219i suflet<\/p>\n<p>Ylang ylang este un arbore ve\u0219nic verde care cre\u0219te \u00een natur\u0103 p\u00e2n\u0103 la 25 de metri \u00een\u0103l\u021bime \u0219i este originar din Filipine \u0219i Indonezia. Florile de culoare verde-g\u0103lbuie sunt distilate \u0219i dau uleiul esen\u021bial <strong>doTERRA Ylang Ylang<\/strong> dulce \u0219i picant. \u00cen aromoterapie, uleiul esen\u021bial este folosit pentru a reduce tensiunea, promov\u00e2nd \u00een acela\u0219i timp o atitudine pozitiv\u0103. Pe plan intern, ylang ylang are un efect antioxidant.<\/p>\n<p>\u00cenc\u0103lze\u0219te inima \u0219i sufletul, revitalizeaz\u0103 copilul interior \u0219i face inima s\u0103 tresalte de bucurie. De asemenea, este ideal pentru yoga \u0219i practica spiritual\u0103.<\/p>\n<p>Efectul calmant \u0219i \u00eenc\u0103lzitor al acestui ulei exotic de ylang ylang poate fi creat mai ales prin intermediul difuzorului. Poate fi, de asemenea, inhalat pe \u00eencheieturi sau aplicat \u00eempreun\u0103 cu ulei purt\u0103tor pe zona inimii \u00een caz de nelini\u0219te nervoas\u0103.<br \/>\nFolosi\u021bi ca tratament balnear lini\u0219titor \u00een apa de baie sau cu ulei purt\u0103tor pentru masaj pentru o senza\u021bie de calm \u0219i relaxare.<\/p>\n<p><strong>Recomandare<\/strong><br \/>\nAromatic: Ad\u0103uga\u021bi 3-4 pic\u0103turi de doTERRA Ylang Ylang pentru a v\u0103 \u00eenc\u00e2nta inima \u0219i sufletul \u0219i pentru a v\u0103 trezi copilul interior. Pentru un efect emo\u021bional optim, inhala\u021bi uleiul pe punctele de puls sau \u00een palme. Ideal pentru coaching \u0219i practic\u0103 terapeutic\u0103 \u0219i spiritual\u0103. <br \/>\nTopic: Folosi\u021bi uleiul \u00een \u00eengrijirea zilnic\u0103 a corpului pentru un efect parfumat \u0219i \u00een\u0103l\u021b\u0103tor. De asemenea, este ideal pentru \u00eent\u0103rirea scalpului \u0219i pentru un p\u0103r str\u0103lucitor atunci c\u00e2nd este ad\u0103ugat la \u0219ampon sau balsam. <br \/>\nPentru un masaj relaxant dup\u0103 o zi lung\u0103 de munc\u0103, amesteca\u021bi 5 pic\u0103turi de doTERRA Ylang Ylang cu 10 ml de ulei purt\u0103tor.<br \/>\nParfum: Crea\u021bi-v\u0103 propria experien\u021b\u0103 de parfumare individual\u0103 prin amestecarea parfumului floral intens cu bergamot\u0103 \u0219i alte uleiuri preferate.<\/p>\n<p><strong>Utilizare sigur\u0103<\/strong><br \/>\nPoate provoca irita\u021bii ale pielii. A nu se p\u0103stra la \u00eendem\u00e2na copiilor. Dac\u0103 sunte\u021bi \u00eens\u0103rcinat\u0103 sau urma\u021bi un tratament medical, v\u0103 rug\u0103m s\u0103 v\u0103 adresa\u021bi medicului dumneavoastr\u0103. Evita\u021bi contactul cu ochii, urechile interne, fa\u021ba, zonele sensibile \u0219i membranele mucoase. Pentru uz topic, v\u0103 rug\u0103m s\u0103 dilua\u021bi \u00eentotdeauna uleiurile cu un ulei purt\u0103tor (de exemplu, ulei de cocos frac\u021bionat).<\/p>\n","protected":false},"excerpt":{"rendered":"<h2 style=\"font-size: 28px;\">Uleiul copilului interior<\/h2>\n<p>doTERRA Ylang Ylang &#8211; \u00cenc\u0103lze\u0219te inima \u0219i sufletul \u0219i revitalizeaz\u0103 copilul interior. Pentru a face acest lucru, inhala\u021bi profund uleiul de ylang ylang pe punctele de puls sau nebuliza\u021bi-l \u00een difuzor. Folosi\u021bi ca tratament balnear lini\u0219titor \u00een apa de baie sau cu ulei purt\u0103tor pentru masaj pentru o senza\u021bie de calm \u0219i relaxare. De asemenea, este ideal pentru yoga \u0219i practica spiritual\u0103.<\/p>\n","protected":false},"featured_media":4134,"template":"","meta":{"_et_pb_use_builder":"","_et_pb_old_content":"","_et_gb_content_width":""},"product_cat":[15,50,38,42,1939,1941,1968,1970],"product_tag":[224],"_links":{"self":[{"href":"https:\/\/www.magnolioworld.com\/green-ro\/wp-json\/wp\/v2\/product\/672"}],"collection":[{"href":"https:\/\/www.magnolioworld.com\/green-ro\/wp-json\/wp\/v2\/product"}],"about":[{"href":"https:\/\/www.magnolioworld.com\/green-ro\/wp-json\/wp\/v2\/types\/product"}],"wp:featuredmedia":[{"embeddable":true,"href":"https:\/\/www.magnolioworld.com\/green-ro\/wp-json\/wp\/v2\/media\/4134"}],"wp:attachment":[{"href":"https:\/\/www.magnolioworld.com\/green-ro\/wp-json\/wp\/v2\/media?parent=672"}],"wp:term":[{"taxonomy":"product_cat","embeddable":true,"href":"https:\/\/www.magnolioworld.com\/green-ro\/wp-json\/wp\/v2\/product_cat?post=672"},{"taxonomy":"product_tag","embeddable":true,"href":"https:\/\/www.magnolioworld.com\/green-ro\/wp-json\/wp\/v2\/product_tag?post=672"}],"curies":[{"name":"wp","href":"https:\/\/api.w.org\/{rel}","templated":true}]}}