{"id":671,"date":"2020-04-22T14:01:17","date_gmt":"2020-04-22T12:01:17","guid":{"rendered":"https:\/\/www.magnolio.shop\/yarrow-pom-schafgarbe-granatapfel\/"},"modified":"2025-11-18T13:00:11","modified_gmt":"2025-11-18T12:00:11","slug":"doterra-yarrow-pom","status":"publish","type":"product","link":"https:\/\/www.magnolioworld.com\/green-ro\/doterra-yarrow-pom\/","title":{"rendered":"doTERRA Yarrow Pom"},"content":{"rendered":"<p><strong>doTERRA Yarrow Pom &#8211; <\/strong>Experien\u021ba spa de lux la domiciliu  <\/p>\n<p>Acesta este un amestec valoros de iarb\u0103 albastr\u0103 \u0219i semin\u021be de rodie, care con\u021bine nutrien\u021bi botanici activi. De asemenea, m\u0103ce\u0219ul confer\u0103 acestui amestec bogat culoarea alb\u0103struie.<\/p>\n<p>Iarba de g\u0103lbenele, care cre\u0219te p\u00e2n\u0103 la 80 cm \u00een\u0103l\u021bime, este recomandat\u0103 \u00een naturism pentru irita\u021bii ale pielii, probleme digestive \u0219i afec\u021biuni musculo-scheletice.  <\/p>\n<p>Pomu\u0219orul de rodie atinge o \u00een\u0103l\u021bime de p\u00e2n\u0103 la 5 metri \u0219i produce fructe cu un diametru de p\u00e2n\u0103 la 10 cm. Uleiul de semin\u021be presat la rece a fost folosit din timpuri imemoriale pentru a trata o varietate de afec\u021biuni \u0219i afec\u021biuni, a c\u0103ror list\u0103 ar dep\u0103\u0219i sfera de aplicare a acestui articol.  <\/p>\n<p>Amestecul brevetat doTERRA Yarrow Pom \u00eenfrumuse\u021beaz\u0103 pielea, \u00eei confer\u0103 o str\u0103lucire tinereasc\u0103 \u0219i reduce imperfec\u021biunile. Hr\u0103ne\u0219te \u0219i \u00eengrije\u0219te pielea \u0219i \u00eei ofer\u0103 o hidratare de lung\u0103 durat\u0103.<\/p>\n<p>Deoarece are \u0219i propriet\u0103\u021bi calmante \u0219i regeneratoare datorit\u0103 nutrien\u021bilor biologici pe care \u00eei con\u021bine, poate fi folosit pentru un masaj relaxant.<\/p>\n<p>Bucura\u021bi-v\u0103 de aceast\u0103 experien\u021b\u0103 spa valoroas\u0103 acas\u0103 cu doTERRA Yarrow Pom.<\/p>\n<p><strong>Recomandare<\/strong><br \/>\nTopic\u0103: Pentru o piele s\u0103n\u0103toas\u0103 \u0219i cu aspect t\u00e2n\u0103r, ad\u0103uga\u021bi 1-2 pic\u0103turi \u00een crema hidratant\u0103. \u00cencorpora\u021bi uleiul \u00een rutina zilnic\u0103 de \u00eengrijire a pielii pentru un efect regenerator. Aplica\u021bi 1-2 pic\u0103turi pe fa\u021b\u0103, g\u00e2t, decolteu, piept \u0219i m\u00e2ini. Pentru a proteja pielea sensibil\u0103, v\u0103 rug\u0103m s\u0103 dilua\u021bi cu un ulei purt\u0103tor. Se aplic\u0103 pe zonele afectate pentru a calma \u0219i a preveni iritarea pielii.<br \/>\nSe aplic\u0103 pe umeri \u0219i pe spate pentru a v\u0103 relaxa dup\u0103 o zi lung\u0103. Se amestec\u0103 5 pic\u0103turi cu 10 ml de ulei purt\u0103tor. Ca aditiv pentru baie, se amestec\u0103 5 pic\u0103turi cu 5 ml de ulei purt\u0103tor sau lapte sau crem\u0103 de migdale.  <\/p>\n<p><strong>Utilizare sigur\u0103<\/strong><br \/>\nPoate provoca irita\u021bii ale pielii. A nu se p\u0103stra la \u00eendem\u00e2na copiilor. Dac\u0103 sunte\u021bi \u00eens\u0103rcinat\u0103 sau urma\u021bi un tratament medical, v\u0103 rug\u0103m s\u0103 v\u0103 adresa\u021bi medicului dumneavoastr\u0103. Evita\u021bi contactul cu ochii, urechile interne, fa\u021ba, zonele sensibile \u0219i membranele mucoase.<\/p>\n","protected":false},"excerpt":{"rendered":"<h2 style=\"font-size: 28px\">Amestecul de re\u00eennoire a corpului<\/h2>\n<p>doTERRA Yarrow Pom &#8211; Con\u021bine ulei de yarrow \u0219i ulei de rodie \u0219i creeaz\u0103 o piele t\u00e2n\u0103r\u0103 prin hr\u0103nire intens\u0103 \u0219i regenerarea pielii. Bucura\u021bi-v\u0103 de aceast\u0103 experien\u021b\u0103 spa valoroas\u0103 acas\u0103.<\/p>\n","protected":false},"featured_media":4131,"template":"","meta":{"_et_pb_use_builder":"","_et_pb_old_content":"","_et_gb_content_width":""},"product_cat":[15,50],"product_tag":[223,222],"_links":{"self":[{"href":"https:\/\/www.magnolioworld.com\/green-ro\/wp-json\/wp\/v2\/product\/671"}],"collection":[{"href":"https:\/\/www.magnolioworld.com\/green-ro\/wp-json\/wp\/v2\/product"}],"about":[{"href":"https:\/\/www.magnolioworld.com\/green-ro\/wp-json\/wp\/v2\/types\/product"}],"wp:featuredmedia":[{"embeddable":true,"href":"https:\/\/www.magnolioworld.com\/green-ro\/wp-json\/wp\/v2\/media\/4131"}],"wp:attachment":[{"href":"https:\/\/www.magnolioworld.com\/green-ro\/wp-json\/wp\/v2\/media?parent=671"}],"wp:term":[{"taxonomy":"product_cat","embeddable":true,"href":"https:\/\/www.magnolioworld.com\/green-ro\/wp-json\/wp\/v2\/product_cat?post=671"},{"taxonomy":"product_tag","embeddable":true,"href":"https:\/\/www.magnolioworld.com\/green-ro\/wp-json\/wp\/v2\/product_tag?post=671"}],"curies":[{"name":"wp","href":"https:\/\/api.w.org\/{rel}","templated":true}]}}