{"id":669,"date":"2020-04-22T14:01:17","date_gmt":"2020-04-22T12:01:17","guid":{"rendered":"https:\/\/www.magnolio.shop\/wild-orange-wildorange\/"},"modified":"2026-02-09T17:41:10","modified_gmt":"2026-02-09T16:41:10","slug":"ulei-de-portocale-doterra-wild-orange","status":"publish","type":"product","link":"https:\/\/www.magnolioworld.com\/green-ro\/ulei-de-portocale-doterra-wild-orange\/","title":{"rendered":"Ulei de portocale &#8211; doTERRA Wild Orange"},"content":{"rendered":"<p><strong>doTERRA Wild Orange<\/strong> &#8211; Uleiul pentru abunden\u021b\u0103 \u0219i bog\u0103\u021bie<\/p>\n<p>Portocalul s\u0103lbatic este o plant\u0103 de citrice ve\u0219nic verde, care cre\u0219te p\u00e2n\u0103 la 10 metri \u00een\u0103l\u021bime. Ca \u0219i portocala amar\u0103 (petitgrain), provine probabil dintr-o \u00eencruci\u0219are \u00eentre grapefruit \u0219i mandarin\u0103.<\/p>\n<p><strong>doTERRA Wild Orange<\/strong> este presat la rece din coaja celor mai bune portocale siciliene. Pentru 15 ml de <strong>ulei de<\/strong> portocale se folosesc aproximativ 155 de portocale coapte.  <br \/>\nUleiul de portocale are o concentra\u021bie mare de monoterpene \u0219i este bogat \u00een antioxidan\u021bi. \u00cen naturopatie, uleiurile esen\u021biale de portocale s\u0103lbatice sunt recomandate pentru propriet\u0103\u021bile lor stimulatoare \u0219i energizante. De asemenea, are propriet\u0103\u021bi de cur\u0103\u021bare \u0219i de \u00eemprosp\u0103tare.<\/p>\n<p>Mai ales \u00een vremuri mohor\u00e2te \u0219i dificile, acest ulei care ridic\u0103 starea de spirit este o binecuv\u00e2ntare pentru suflet. Dac\u0103 \u00eenchizi ochii, ai impresia c\u0103 te plimbi printr-o livad\u0103 de portocali.<\/p>\n<p>Acest ulei aromat, dulce \u0219i delicat este foarte popular printre copii.<\/p>\n<p><strong>Recomandare<\/strong><br \/>\nAromatic: Nebuliza\u021bi 3-4 pic\u0103turi de doTERRA Wild Orange \u00een difuzor pentru a cre\u0219te starea de bine \u0219i a crea un climat ambiant revigorant. Inhala\u021bi uleiul pe \u00eencheieturile m\u00e2inilor sau \u00een palme pentru un efect emo\u021bional optim. De asemenea, este ideal ca un stimulent energetic \u00een timpul \u00eenv\u0103\u021b\u0103rii sau pentru motiva\u021bie.<br \/>\nPe plan intern: Portocala este ideal\u0103 pentru mai mult\u0103 energie \u0219i vigilen\u021b\u0103. Pentru a face acest lucru, v\u0103 recomand\u0103m s\u0103 ad\u0103uga\u021bi 1-2 pic\u0103turi de ulei la 125 ml de ap\u0103 \u0219i s\u0103 face\u021bi acest lucru parte din rutina zilnic\u0103 \u0219i la nevoie.  <br \/>\nCa o lovitur\u0103 olfactiv\u0103 special\u0103 pentru camer\u0103, amesteca\u021bi 10-15 pic\u0103turi de ulei cu 125 ml de ap\u0103 \u00eentr-o sticl\u0103 cu pulverizator \u0219i \u00eemprosp\u0103ta\u021bi aerul din camer\u0103.<br \/>\nPortocala s\u0103lbatic\u0103 doTERRA Wild Orange poate fi folosit\u0103 foarte bine \u0219i la g\u0103tit \u0219i copt \u0219i este un adaos minunat la b\u0103uturile amestecate.<br \/>\nTopic: Ad\u0103uga\u021bi 1-2 pic\u0103turi \u00een lo\u021biunea de corp sau \u00een gelul de du\u0219 \u0219i bucura\u021bi-v\u0103 de parfumul mediteranean care v\u0103 va \u00eenso\u021bi pe tot parcursul zilei. Pentru un masaj relaxant dup\u0103 o zi lung\u0103, amesteca\u021bi 5 pic\u0103turi de ulei cu un ulei purt\u0103tor. Amesteca\u021bi 5 pic\u0103turi cu 5 ml de ulei purt\u0103tor, lapte de migdale sau crem\u0103 pentru o baie revitalizant\u0103 \u0219i de binefacere.<br \/>\nParfum: Crea\u021bi-v\u0103 propriul parfum amestec\u00e2nd uleiul de portocale cu uleiuri de flori care \u00eenc\u0103lzesc inima \u0219i cu uleiuri de arbori cu efect de \u00eemp\u0103m\u00e2ntare.<\/p>\n<p><strong>Aplica\u021bie sigur\u0103<\/strong><br \/>\nPoate provoca irita\u021bii ale pielii. A nu se p\u0103stra la \u00eendem\u00e2na copiilor. Dac\u0103 sunte\u021bi \u00eens\u0103rcinat\u0103 sau urma\u021bi un tratament medical, v\u0103 rug\u0103m s\u0103 v\u0103 adresa\u021bi medicului dumneavoastr\u0103. Evita\u021bi contactul cu ochii, urechile interne, fa\u021ba, zonele sensibile \u0219i membranele mucoase. \u00centotdeauna dilua\u021bi uleiurile extern cu un ulei purt\u0103tor (de exemplu, ulei de cocos frac\u021bionat). Deoarece uleiurile de citrice sunt fotosensibile, nu v\u0103 expune\u021bi la lumina soarelui sau la radia\u021bii UV timp de cel pu\u021bin 12 ore dup\u0103 contactul cu pielea.<\/p>\n","protected":false},"excerpt":{"rendered":"<h2 style=\"font-size: 28px\">Uleiul pentru abunden\u021b\u0103 \u0219i bog\u0103\u021bie<\/h2>\n<p>doTERRA Wild Orange &#8211; Pentru mai mult\u0103 vigilen\u021b\u0103 \u0219i energie, inhala\u021bi ad\u00e2nc peste punctele de puls sau ad\u0103uga\u021bi-l \u00eentr-un pahar de ap\u0103 pentru o arom\u0103 deosebit\u0103. Din punct de vedere emo\u021bional, creeaz\u0103 un sentiment de plenitudine a vie\u021bii \u0219i de bog\u0103\u021bie interioar\u0103 prin intermediul difuzorului sau prin inhalare. De asemenea, este foarte popular printre copii.<\/p>\n","protected":false},"featured_media":4207,"template":"","meta":{"_et_pb_use_builder":"","_et_pb_old_content":"","_et_gb_content_width":""},"product_cat":[15,50,36,38,46,45,2103,1937,1938,1951,1959,1967,1974,1979,1985,1904],"product_tag":[218,219],"_links":{"self":[{"href":"https:\/\/www.magnolioworld.com\/green-ro\/wp-json\/wp\/v2\/product\/669"}],"collection":[{"href":"https:\/\/www.magnolioworld.com\/green-ro\/wp-json\/wp\/v2\/product"}],"about":[{"href":"https:\/\/www.magnolioworld.com\/green-ro\/wp-json\/wp\/v2\/types\/product"}],"wp:featuredmedia":[{"embeddable":true,"href":"https:\/\/www.magnolioworld.com\/green-ro\/wp-json\/wp\/v2\/media\/4207"}],"wp:attachment":[{"href":"https:\/\/www.magnolioworld.com\/green-ro\/wp-json\/wp\/v2\/media?parent=669"}],"wp:term":[{"taxonomy":"product_cat","embeddable":true,"href":"https:\/\/www.magnolioworld.com\/green-ro\/wp-json\/wp\/v2\/product_cat?post=669"},{"taxonomy":"product_tag","embeddable":true,"href":"https:\/\/www.magnolioworld.com\/green-ro\/wp-json\/wp\/v2\/product_tag?post=669"}],"curies":[{"name":"wp","href":"https:\/\/api.w.org\/{rel}","templated":true}]}}