{"id":668,"date":"2020-04-22T14:01:16","date_gmt":"2020-04-22T12:01:16","guid":{"rendered":"https:\/\/www.magnolio.shop\/vetiver-vetiver\/"},"modified":"2025-11-17T14:16:33","modified_gmt":"2025-11-17T13:16:33","slug":"ulei-de-vetiver-doterra-vetiver","status":"publish","type":"product","link":"https:\/\/www.magnolioworld.com\/green-ro\/ulei-de-vetiver-doterra-vetiver\/","title":{"rendered":"Ulei de vetiver &#8211; doTERRA Vetiver"},"content":{"rendered":"<p><strong>doTERRA Vetiver<\/strong> &#8211; St\u00e2nca \u00een valuri chiar \u0219i \u00een vremuri furtunoase<\/p>\n<p>Vetiver este o iarb\u0103 dulce tropical\u0103 care cre\u0219te p\u00e2n\u0103 la 1,5 metri \u00een\u0103l\u021bime. Sistemul radicular foarte dens p\u0103trunde p\u00e2n\u0103 la ad\u00e2ncimi de 3 metri \u0219i stabilizeaz\u0103 echilibrul de umiditate \u00een subteran. Parfumul exotic, greu \u0219i p\u0103m\u00e2ntesc al uleiului de vetiver aminte\u0219te de patchouli \u0219i are un efect pozitiv asupra emo\u021biilor.  <\/p>\n<p>Uleiul extras din r\u0103d\u0103cinile de iarb\u0103 dulce haitian\u0103 este, de asemenea, descris ca fiind calmant \u0219i \u00eemp\u0103m\u00e2ntenitor. Naturopatia, pe de alt\u0103 parte, laud\u0103 \u00eent\u0103rirea sistemului imunitar \u0219i un somn s\u0103n\u0103tos ca fiind principalele beneficii.<\/p>\n<p><strong>doTERRA Vetiver<\/strong> &#8211; Pentru calm, echilibru \u0219i o noapte lini\u0219tit\u0103. Ofer\u0103 r\u0103d\u0103cini ad\u00e2nci, ofer\u0103 orientare \u0219i v\u0103 permite s\u0103 trece\u021bi cu \u00eencredere chiar \u0219i prin cele mai puternice furtuni ale vie\u021bii. De asemenea, este minunat pentru centrare \u00een timpul \u00eenv\u0103\u021b\u0103rii \u0219i \u00eempotriva nelini\u0219tii.<\/p>\n<p><strong>Recomandare<\/strong><br \/>\nAromatic: Pentru calm \u0219i echilibru, ad\u0103uga\u021bi 3-4 pic\u0103turi de doTERRA Vetiver \u00een difuzor sau inhala\u021bi ad\u00e2nc prin \u00eencheieturi. Ideal \u00eempreun\u0103 cu Lavender, doTERRA Serenity \u0219i doTERRA Balance. Pentru rutina zilnic\u0103 de somn, aplica\u021bi 1-2 pic\u0103turi de ulei pe t\u0103lpile picioarelor. \u00cen cazul copiilor agita\u021bi \u0219i distra\u0219i, aplica\u021bi 1-2 pic\u0103turi diluate pe picioare diminea\u021ba, pentru un \u00eenceput calm.<br \/>\nTopic: Masa\u021bi 5 pic\u0103turi de ulei \u00eempreun\u0103 cu 10 ml de ulei purt\u0103tor \u0219i l\u0103sa\u021bi corpul s\u0103 se relaxeze profund dup\u0103 o zi lung\u0103. Ad\u0103uga\u021bi 5 pic\u0103turi de doTERRA Vetiver cu ulei purt\u0103tor, lapte de migdale sau crem\u0103 la o baie de relaxare lini\u0219titoare.<br \/>\nPentru o aplicare mai u\u0219oar\u0103. Deoarece uleiul de vetiver, la fel ca \u0219i smirna, este foarte v\u00e2scos \u0219i iese din flacon cam greu, este mai u\u0219or s\u0103 face\u021bi un roll-on cu 5-10 pic\u0103turi de ulei completat cu ulei de cocos frac\u021bionat pentru uz zilnic.<\/p>\n<p><strong>Utilizare sigur\u0103<\/strong><br \/>\nPoate provoca irita\u021bii ale pielii. A nu se p\u0103stra la \u00eendem\u00e2na copiilor. Dac\u0103 sunte\u021bi \u00eens\u0103rcinat\u0103 sau urma\u021bi un tratament medical, v\u0103 rug\u0103m s\u0103 v\u0103 adresa\u021bi medicului dumneavoastr\u0103. Evita\u021bi contactul cu ochii, urechile interne, fa\u021ba, zonele sensibile \u0219i membranele mucoase. Pentru uz topic, v\u0103 rug\u0103m s\u0103 dilua\u021bi \u00eentotdeauna uleiurile cu un ulei purt\u0103tor (de exemplu, ulei de cocos frac\u021bionat).<\/p>\n","protected":false},"excerpt":{"rendered":"<h2 style=\"font-size: 28px\">Uleiul de centrare \u0219i de origine<\/h2>\n<p>doTERRA Vetiver &#8211; Pentru pace \u0219i echilibru \u0219i o noapte lini\u0219tit\u0103. Uleiul de vetiver ofer\u0103 r\u0103d\u0103cini ad\u00e2nci, ofer\u0103 orientare \u0219i v\u0103 permite s\u0103 \u00eenfrunta\u021bi cu \u00eencredere chiar \u0219i cele mai puternice furtuni ale vie\u021bii. De asemenea, este minunat pentru centrare \u00een timpul \u00eenv\u0103\u021b\u0103rii \u0219i \u00eempotriva nelini\u0219tii.<\/p>\n","protected":false},"featured_media":4143,"template":"","meta":{"_et_pb_use_builder":"","_et_pb_old_content":"","_et_gb_content_width":""},"product_cat":[15,50,38,46,45,1958,1974,1984],"product_tag":[217],"_links":{"self":[{"href":"https:\/\/www.magnolioworld.com\/green-ro\/wp-json\/wp\/v2\/product\/668"}],"collection":[{"href":"https:\/\/www.magnolioworld.com\/green-ro\/wp-json\/wp\/v2\/product"}],"about":[{"href":"https:\/\/www.magnolioworld.com\/green-ro\/wp-json\/wp\/v2\/types\/product"}],"wp:featuredmedia":[{"embeddable":true,"href":"https:\/\/www.magnolioworld.com\/green-ro\/wp-json\/wp\/v2\/media\/4143"}],"wp:attachment":[{"href":"https:\/\/www.magnolioworld.com\/green-ro\/wp-json\/wp\/v2\/media?parent=668"}],"wp:term":[{"taxonomy":"product_cat","embeddable":true,"href":"https:\/\/www.magnolioworld.com\/green-ro\/wp-json\/wp\/v2\/product_cat?post=668"},{"taxonomy":"product_tag","embeddable":true,"href":"https:\/\/www.magnolioworld.com\/green-ro\/wp-json\/wp\/v2\/product_tag?post=668"}],"curies":[{"name":"wp","href":"https:\/\/api.w.org\/{rel}","templated":true}]}}