{"id":667,"date":"2020-04-22T14:01:16","date_gmt":"2020-04-22T12:01:16","guid":{"rendered":"https:\/\/www.magnolio.shop\/thyme-thymian\/"},"modified":"2026-03-27T12:44:47","modified_gmt":"2026-03-27T11:44:47","slug":"ulei-de-cimbru-doterra-thyme","status":"publish","type":"product","link":"https:\/\/www.magnolioworld.com\/green-ro\/ulei-de-cimbru-doterra-thyme\/","title":{"rendered":"Ulei de cimbru &#8211; doTERRA Thyme"},"content":{"rendered":"<p><strong>DoTERRA Thyme<\/strong> &#8211; Uleiul de renun\u021bare \u0219i de noi \u00eenceputuri  <\/p>\n<p>Cimbrul este un semiarbust puternic ramificat, care cre\u0219te p\u00e2n\u0103 la 40 cm \u00een\u0103l\u021bime \u0219i este originar din regiunea mediteranean\u0103 a Europei de Vest.  <\/p>\n<p>Din frunze se distileaz\u0103 uleiul esen\u021bial antibacterian \u0219i antiviral. Aroma puternic\u0103 a cimbrului poate fi descris\u0103 ca fiind cald\u0103 \u0219i ierboas\u0103. Se spune c\u0103 cimbrul are un efect de cur\u0103\u021bare \u0219i purificare a pielii \u0219i a organelor respiratorii.<\/p>\n<p><strong>Cimbru doTERRA<\/strong> &#8211; uleiul pentru aceste vremuri de schimbare \u0219i bulversare.<\/p>\n<p><strong>Recomandare<br \/>\n<\/strong>Aromatic: Ad\u0103uga\u021bi 3-4 pic\u0103turi de ulei \u00een difuzor pentru nebulizare sau inhala\u021bi-l direct din flacon sau prin \u00eencheieturi.<br \/>\nIntern: Ad\u0103uga\u021bi cimbru doTERRA Thyme \u00een loc de cimbru proasp\u0103t sau cimbru uscat pentru a aromatiza m\u00e2nc\u0103rurile. V\u0103 rug\u0103m s\u0103 re\u021bine\u021bi: Mai pu\u021bin \u00eenseamn\u0103 mai mult. O cantitate mic\u0103 de ulei (v\u00e2rful unei scobitori) este adesea suficient\u0103.<br \/>\nPentru \u00eent\u0103rirea sistemului respirator \u0219i imunitar, se administreaz\u0103 1 pic\u0103tur\u0103 \u00een 125 ml de ap\u0103 sau \u00eentr-o capsul\u0103 vegan\u0103.<\/p>\n<p><strong>Utilizare sigur\u0103<\/strong><br \/>\nA nu se p\u0103stra la \u00eendem\u00e2na copiilor. Se utilizeaz\u0103 intern maximum 1 pic\u0103tur\u0103 pe zi. Dac\u0103 sunte\u021bi \u00eens\u0103rcinat\u0103 sau urma\u021bi un tratament medical, v\u0103 rug\u0103m s\u0103 v\u0103 adresa\u021bi medicului dumneavoastr\u0103. Evita\u021bi contactul cu ochii, urechile interne, fa\u021ba, zonele sensibile \u0219i membranele mucoase Dilua\u021bi \u00eentotdeauna uleiurile topic cu un ulei purt\u0103tor (de exemplu, ulei de cocos frac\u021bionat).<\/p>\n","protected":false},"excerpt":{"rendered":"<h2 style=\"font-size: 28px\">Uleiul de a renun\u021ba<\/h2>\n<p>DoTERRA Thyme &#8211; Este un bun companion \u00een sezonul rece \u0219i mohor\u00e2t. De asemenea, este ideal pentru rafinarea m\u00e2nc\u0103rurilor. Din punct de vedere emo\u021bional, este cel mai important ulei pentru a renun\u021ba \u0219i a o lua de la cap\u0103t &#8211; at\u00e2t de valoros \u00een aceste vremuri.<\/p>\n","protected":false},"featured_media":4180,"template":"","meta":{"_et_pb_use_builder":"","_et_pb_old_content":"","_et_gb_content_width":""},"product_cat":[15,50,37,1938,1954,1955],"product_tag":[215,216],"_links":{"self":[{"href":"https:\/\/www.magnolioworld.com\/green-ro\/wp-json\/wp\/v2\/product\/667"}],"collection":[{"href":"https:\/\/www.magnolioworld.com\/green-ro\/wp-json\/wp\/v2\/product"}],"about":[{"href":"https:\/\/www.magnolioworld.com\/green-ro\/wp-json\/wp\/v2\/types\/product"}],"wp:featuredmedia":[{"embeddable":true,"href":"https:\/\/www.magnolioworld.com\/green-ro\/wp-json\/wp\/v2\/media\/4180"}],"wp:attachment":[{"href":"https:\/\/www.magnolioworld.com\/green-ro\/wp-json\/wp\/v2\/media?parent=667"}],"wp:term":[{"taxonomy":"product_cat","embeddable":true,"href":"https:\/\/www.magnolioworld.com\/green-ro\/wp-json\/wp\/v2\/product_cat?post=667"},{"taxonomy":"product_tag","embeddable":true,"href":"https:\/\/www.magnolioworld.com\/green-ro\/wp-json\/wp\/v2\/product_tag?post=667"}],"curies":[{"name":"wp","href":"https:\/\/api.w.org\/{rel}","templated":true}]}}