{"id":666,"date":"2020-04-22T14:01:16","date_gmt":"2020-04-22T12:01:16","guid":{"rendered":"https:\/\/www.magnolio.shop\/tangerine-mandarine\/"},"modified":"2026-03-04T17:44:54","modified_gmt":"2026-03-04T16:44:54","slug":"ulei-de-mandarine-doterra-tangerine","status":"publish","type":"product","link":"https:\/\/www.magnolioworld.com\/green-ro\/ulei-de-mandarine-doterra-tangerine\/","title":{"rendered":"Ulei de mandarine &#8211; doTERRA Tangerine"},"content":{"rendered":"<p><strong>doTERRA Tangerine<\/strong> &#8211; Uleiul de joie de vivre<\/p>\n<p>Mandarinul este un mic arbore ve\u0219nic verde din familia citricelor. Distilat din coaja fructului, uleiul esen\u021bial <strong>doTERRA Tangerine <\/strong>are o arom\u0103 proasp\u0103t\u0103, dulce \u0219i acri\u0219oar\u0103, care este stimulant\u0103 \u0219i \u00een\u0103l\u021b\u0103toare. Acest ulei este un ulei esen\u021bial excelent pentru reducerea stresului \u0219i a anxiet\u0103\u021bii \u0219i este, de asemenea, bogat \u00een antioxidantul D-limonen.<\/p>\n<p>Uleiul este ideal pentru a ridica starea de spirit \u0219i pentru a inversa emo\u021biile negative. Pentru a face acest lucru, inhala\u021bi uleiul pe punctele de puls sau nebuliza\u021bi-l \u00eentr-un difuzor.<\/p>\n<p><strong>Recomandare<\/strong><br \/>\nAromatic: Ad\u0103uga\u021bi 3-4 pic\u0103turi \u00eentr-un difuzor pentru o senza\u021bie de lejeritate \u0219i bucurie de a tr\u0103i.<br \/>\nIntern: Ad\u0103uga\u021bi 1 pic\u0103tur\u0103 la 125 ml de lichid. DoTERRA Tangerine este, de asemenea, ideal\u0103 pentru rafinarea produselor de patiserie, deserturilor \u0219i b\u0103uturilor, precum \u0219i pentru b\u0103uturi exotice amestecate. \u00cempreun\u0103 cu limonada, pute\u021bi face \u0219i o acadea de ghea\u021b\u0103 r\u0103coritoare.<\/p>\n<p><strong>Utilizare sigur\u0103<\/strong><br \/>\nA nu se p\u0103stra la \u00eendem\u00e2na copiilor. Dac\u0103 sunte\u021bi \u00eens\u0103rcinat\u0103 sau urma\u021bi un tratament medical, v\u0103 rug\u0103m s\u0103 v\u0103 adresa\u021bi medicului dumneavoastr\u0103. Evita\u021bi contactul cu ochii, urechile interne, fa\u021ba, zonele sensibile \u0219i membranele mucoase Dilua\u021bi \u00eentotdeauna uleiurile topic cu un ulei purt\u0103tor (de exemplu, ulei de cocos frac\u021bionat). Deoarece uleiurile de citrice sunt fotosensibile, nu v\u0103 expune\u021bi la lumina soarelui sau la radia\u021bii UV timp de cel pu\u021bin 12 ore dup\u0103 contactul cu pielea.<\/p>\n","protected":false},"excerpt":{"rendered":"<h2 style=\"font-size: 28px\">Uleiul de joie de vivre<\/h2>\n<p>doTERRA Tangerine &#8211; Creeaz\u0103 un sentiment de pace \u0219i fericire \u0219i amelioreaz\u0103 stresul \u0219i anxietatea. Ajut\u0103 la transformarea emo\u021biilor negative \u00een cele opuse \u0219i la sim\u021birea bucuriei pure de a tr\u0103i. De asemenea, este ideal pentru rafinarea b\u0103uturilor mixte \u0219i a deserturilor.<\/p>\n","protected":false},"featured_media":4165,"template":"","meta":{"_et_pb_use_builder":"","_et_pb_old_content":"","_et_gb_content_width":""},"product_cat":[15,50,36,1937,1938,1951],"product_tag":[214,213],"_links":{"self":[{"href":"https:\/\/www.magnolioworld.com\/green-ro\/wp-json\/wp\/v2\/product\/666"}],"collection":[{"href":"https:\/\/www.magnolioworld.com\/green-ro\/wp-json\/wp\/v2\/product"}],"about":[{"href":"https:\/\/www.magnolioworld.com\/green-ro\/wp-json\/wp\/v2\/types\/product"}],"wp:featuredmedia":[{"embeddable":true,"href":"https:\/\/www.magnolioworld.com\/green-ro\/wp-json\/wp\/v2\/media\/4165"}],"wp:attachment":[{"href":"https:\/\/www.magnolioworld.com\/green-ro\/wp-json\/wp\/v2\/media?parent=666"}],"wp:term":[{"taxonomy":"product_cat","embeddable":true,"href":"https:\/\/www.magnolioworld.com\/green-ro\/wp-json\/wp\/v2\/product_cat?post=666"},{"taxonomy":"product_tag","embeddable":true,"href":"https:\/\/www.magnolioworld.com\/green-ro\/wp-json\/wp\/v2\/product_tag?post=666"}],"curies":[{"name":"wp","href":"https:\/\/api.w.org\/{rel}","templated":true}]}}