{"id":663,"date":"2020-04-22T14:01:16","date_gmt":"2020-04-22T12:01:16","guid":{"rendered":"https:\/\/www.magnolio.shop\/siberian-fir-sibirische-tanne\/"},"modified":"2026-04-20T13:45:24","modified_gmt":"2026-04-20T11:45:24","slug":"ulei-de-brad-siberian-doterra-siberian-fir","status":"publish","type":"product","link":"https:\/\/www.magnolioworld.com\/green-ro\/ulei-de-brad-siberian-doterra-siberian-fir\/","title":{"rendered":"Ulei de brad siberian &#8211; doTERRA Siberian Fir"},"content":{"rendered":"<p><strong>doTERRA Siberian Fir <\/strong>&#8211; Calmarea \u0219i \u00eemp\u0103m\u00e2ntarea \u00een toate situa\u021biile<\/p>\n<p>Bradul siberian este un pin ve\u0219nic verde care cre\u0219te p\u00e2n\u0103 la 40 de metri \u00een\u0103l\u021bime. Aria lor de distribu\u021bie se \u00eentinde din nordul Europei p\u00e2n\u0103 \u00een Kamchatka. Acesta este expus la temperaturi mai mici de -60\u00b0C. Uleiul esen\u021bial <strong>doTERRA de brad siberian<\/strong> r\u0103coros \u0219i lemnos, cunoscut pentru propriet\u0103\u021bile sale calmante \u0219i relaxante, este distilat din acele \u0219i crengu\u021bele sale.<\/p>\n<p>\u00cen naturopatie, uleiul de brad siberian este men\u021bionat \u0219i pentru probleme ale c\u0103ilor respiratorii. De asemenea, are un efect calmant asupra pielii \u00een timpul masajului \u0219i are un efect de \u00eemp\u0103m\u00e2ntare asupra emo\u021biilor.<\/p>\n<p>Din punct de vedere emo\u021bional, uleiul de \u00eemb\u0103tr\u00e2nire \u0219i de perspectiv\u0103 contracareaz\u0103 ag\u0103\u021barea de trecut prin crearea unei st\u0103ri de spirit pozitive \u0219i orientate spre viitor. Din punct de vedere emo\u021bional, sus\u021bine acceptarea pozitiv\u0103 a procesului de \u00eemb\u0103tr\u00e2nire \u0219i ajut\u0103 la toate aplica\u021biile anti-\u00eemb\u0103tr\u00e2nire.<\/p>\n<p>Este ca \u0219i cum ai face baie \u00een p\u0103dure acas\u0103.<\/p>\n<p><strong>Recomandare<\/strong><br \/>\nAromatic: Ad\u0103uga\u021bi 3-4 pic\u0103turi de doTERRA Siberian Fir pentru o baie de p\u0103dure relaxant\u0103 la domiciliu. Pentru un efect emo\u021bional optim, inhala\u021bi profund uleiul prin \u00eencheieturi.<br \/>\nTopic: Aplica\u021bi diluat pe zonele dorite pentru a atenua imperfec\u021biunile pielii. Dup\u0103 o zi lung\u0103 \u0219i obositoare, bucura\u021bi-v\u0103 de un masaj relaxant, amestec\u00e2nd 5 pic\u0103turi de ulei cu 10 ml de ulei purt\u0103tor. Ad\u0103uga\u021bi 5 pic\u0103turi \u00een apa de baie cu 5 ml de ulei purt\u0103tor sau lapte sau crem\u0103 de migdale ca baie de wellness.<br \/>\nParfum: Amesteca\u021bi 1-2 pic\u0103turi din parfumul proasp\u0103t lemnos cu uleiurile dvs. preferate \u0219i crea\u021bi o experien\u021b\u0103 special\u0103 de parfumare individual\u0103. Pur \u0219i simplu umple\u021bi amestecul finit \u00eentr-un roll-on cu ulei de cocos frac\u021bionat. Parfumul de dus este gata.<\/p>\n<p><strong>Utilizare sigur\u0103<\/strong><br \/>\nPoate provoca irita\u021bii ale pielii. A nu se p\u0103stra la \u00eendem\u00e2na copiilor. Dac\u0103 sunte\u021bi \u00eens\u0103rcinat\u0103 sau urma\u021bi un tratament medical, v\u0103 rug\u0103m s\u0103 v\u0103 adresa\u021bi medicului dumneavoastr\u0103. Evita\u021bi contactul cu ochii, urechile interne, fa\u021ba, zonele sensibile \u0219i membranele mucoase. Pentru uz topic, v\u0103 rug\u0103m s\u0103 dilua\u021bi \u00eentotdeauna uleiurile cu un ulei purt\u0103tor (de exemplu, ulei de cocos frac\u021bionat).<\/p>\n","protected":false},"excerpt":{"rendered":"<h2 style=\"font-size: 28px\">Uleiul de \u00eemb\u0103tr\u00e2nire \u0219i perspectiva<\/h2>\n<p>doTERRA Siberian Fir &#8211; Calmant \u0219i \u00eemp\u0103m\u00e2ntenitor \u00een toate situa\u021biile. Ideal pentru masaj \u0219i relaxare muscular\u0103. \u00cen difuzor, uleiul de brad siberian ajut\u0103 la eliberarea c\u0103ilor respiratorii. Din punct de vedere emo\u021bional, sprijin\u0103 acceptarea pozitiv\u0103 a procesului de \u00eemb\u0103tr\u00e2nire \u0219i ajut\u0103 la toate aplica\u021biile anti-\u00eemb\u0103tr\u00e2nire.<\/p>\n","protected":false},"featured_media":4198,"template":"","meta":{"_et_pb_use_builder":"","_et_pb_old_content":"","_et_gb_content_width":""},"product_cat":[15,50,1937],"product_tag":[207,208],"_links":{"self":[{"href":"https:\/\/www.magnolioworld.com\/green-ro\/wp-json\/wp\/v2\/product\/663"}],"collection":[{"href":"https:\/\/www.magnolioworld.com\/green-ro\/wp-json\/wp\/v2\/product"}],"about":[{"href":"https:\/\/www.magnolioworld.com\/green-ro\/wp-json\/wp\/v2\/types\/product"}],"wp:featuredmedia":[{"embeddable":true,"href":"https:\/\/www.magnolioworld.com\/green-ro\/wp-json\/wp\/v2\/media\/4198"}],"wp:attachment":[{"href":"https:\/\/www.magnolioworld.com\/green-ro\/wp-json\/wp\/v2\/media?parent=663"}],"wp:term":[{"taxonomy":"product_cat","embeddable":true,"href":"https:\/\/www.magnolioworld.com\/green-ro\/wp-json\/wp\/v2\/product_cat?post=663"},{"taxonomy":"product_tag","embeddable":true,"href":"https:\/\/www.magnolioworld.com\/green-ro\/wp-json\/wp\/v2\/product_tag?post=663"}],"curies":[{"name":"wp","href":"https:\/\/api.w.org\/{rel}","templated":true}]}}