{"id":661,"date":"2020-04-22T14:01:15","date_gmt":"2020-04-22T12:01:15","guid":{"rendered":"https:\/\/www.magnolio.shop\/rosemary-rosmarin\/"},"modified":"2026-04-10T13:25:42","modified_gmt":"2026-04-10T11:25:42","slug":"ulei-de-rozmarin-doterra-rosemary","status":"publish","type":"product","link":"https:\/\/www.magnolioworld.com\/green-ro\/ulei-de-rozmarin-doterra-rosemary\/","title":{"rendered":"Ulei de rozmarin &#8211; doTERRA Rosemary"},"content":{"rendered":"<p><strong>doTERRA Rosemary<\/strong> &#8211; Experien\u021ba de \u00eenc\u0103lzire \u0219i de binefacere<\/p>\n<p>Rozmarinul este un arbust stufos, ve\u0219nic verde, care cre\u0219te p\u00e2n\u0103 la 2 metri \u00een\u0103l\u021bime \u0219i are un miros intens de plant\u0103 erbacee. Acele sunt distilate pentru uleiul esen\u021bial de rozmarin doTERRA.  <\/p>\n<p>Rozmarinul este o plant\u0103 medicinal\u0103 \u0219i aromatic\u0103 str\u0103veche, care este folosit\u0103 \u00een orice buc\u0103t\u0103rie, mai ales \u00een preparatele din carne. Naturopatia folose\u0219te uleiul esen\u021bial de rozmarin \u00eentr-o varietate de moduri, de exemplu, pentru oboseal\u0103, afec\u021biuni ale pielii \u0219i probleme cardiace.  <\/p>\n<p><strong>Recomandare<br \/>\n<\/strong>Aromatic: Ad\u0103uga\u021bi 3-4 pic\u0103turi de ulei \u00een difuzor pentru nebulizare sau inhala\u021bi uleiul direct din flacon sau prin punctele de puls.<br \/>\nIntern: Ad\u0103uga\u021bi ulei de rozmarin la m\u00e2nc\u0103rurile cu carne, piureul de cartofi sau la m\u00e2nc\u0103rurile italiene\u0219ti \u00een loc de rozmarin proasp\u0103t sau uscat. V\u0103 rug\u0103m s\u0103 re\u021bine\u021bi: Mai pu\u021bin \u00eenseamn\u0103 mai mult. O cantitate mic\u0103 de ulei (v\u00e2rful unei scobitori) este adesea suficient\u0103.<br \/>\nLua\u021bi 1 pic\u0103tur\u0103 \u00een 125 ml de ap\u0103 sau \u00eentr-o capsul\u0103 vegan\u0103.<\/p>\n<p><strong>Utilizare sigur\u0103<\/strong><br \/>\nV\u0103 rug\u0103m s\u0103 ave\u021bi grij\u0103 s\u0103 nu folosi\u021bi mai mult de 1 pic\u0103tur\u0103 pe zi pe cale intern\u0103. A nu se p\u0103stra la \u00eendem\u00e2na copiilor. Dac\u0103 sunte\u021bi \u00eens\u0103rcinat\u0103 sau urma\u021bi un tratament medical, v\u0103 rug\u0103m s\u0103 v\u0103 adresa\u021bi medicului dumneavoastr\u0103. Evita\u021bi contactul cu ochii, urechile interne, fa\u021ba, zonele sensibile \u0219i membranele mucoase. Pentru aplicarea local\u0103, dilua\u021bi uleiul cu un ulei purt\u0103tor (de exemplu, ulei de cocos frac\u021bionat).<\/p>\n","protected":false},"excerpt":{"rendered":"<h2 style=\"font-size: 28px\">Petrolul cunoa\u0219terii \u0219i al tranzi\u021biei<\/h2>\n<p>Rozmarin doTERRA &#8211; Este ideal pentru aromatizarea preparatelor din carne \u0219i a buc\u0103t\u0103riei italiene. Aromatic\u0103, ofer\u0103 o senza\u021bie de \u00eenc\u0103lzire \u0219i protec\u021bie. Din punct de vedere emo\u021bional, ajut\u0103 la ancorarea a ceea ce a fost \u00eenv\u0103\u021bat \u00een memoria de \u00eenv\u0103\u021bare. De asemenea, faciliteaz\u0103 procesele de tranzi\u021bie \u00een via\u021b\u0103.<\/p>\n","protected":false},"featured_media":4174,"template":"","meta":{"_et_pb_use_builder":"","_et_pb_old_content":"","_et_gb_content_width":""},"product_cat":[15,50,38,43,46,2103,1938,1974,1978],"product_tag":[203,204],"_links":{"self":[{"href":"https:\/\/www.magnolioworld.com\/green-ro\/wp-json\/wp\/v2\/product\/661"}],"collection":[{"href":"https:\/\/www.magnolioworld.com\/green-ro\/wp-json\/wp\/v2\/product"}],"about":[{"href":"https:\/\/www.magnolioworld.com\/green-ro\/wp-json\/wp\/v2\/types\/product"}],"wp:featuredmedia":[{"embeddable":true,"href":"https:\/\/www.magnolioworld.com\/green-ro\/wp-json\/wp\/v2\/media\/4174"}],"wp:attachment":[{"href":"https:\/\/www.magnolioworld.com\/green-ro\/wp-json\/wp\/v2\/media?parent=661"}],"wp:term":[{"taxonomy":"product_cat","embeddable":true,"href":"https:\/\/www.magnolioworld.com\/green-ro\/wp-json\/wp\/v2\/product_cat?post=661"},{"taxonomy":"product_tag","embeddable":true,"href":"https:\/\/www.magnolioworld.com\/green-ro\/wp-json\/wp\/v2\/product_tag?post=661"}],"curies":[{"name":"wp","href":"https:\/\/api.w.org\/{rel}","templated":true}]}}