{"id":658,"date":"2020-04-22T14:01:15","date_gmt":"2020-04-22T12:01:15","guid":{"rendered":"https:\/\/www.magnolio.shop\/petitgrain-petitgrain\/"},"modified":"2025-11-24T13:47:33","modified_gmt":"2025-11-24T12:47:33","slug":"ulei-de-portocale-amare-doterra-petitgrain","status":"publish","type":"product","link":"https:\/\/www.magnolioworld.com\/green-ro\/ulei-de-portocale-amare-doterra-petitgrain\/","title":{"rendered":"Ulei de portocale amare &#8211; doTERRA Petitgrain"},"content":{"rendered":"<p><strong>doTERRA Petitgrain<\/strong> &#8211; suport \u0219i echilibru pentru piele, digestie \u0219i nervi<\/p>\n<p>Portocala amar\u0103 este o plant\u0103 de citrice ve\u0219nic verde care cre\u0219te p\u00e2n\u0103 la 10 metri \u00een\u0103l\u021bime. La fel ca \u0219i portocala, provine probabil dintr-o \u00eencruci\u0219are \u00eentre grapefruit \u0219i mandarin\u0103. \u00cen timp ce uleiul esen\u021bial doTERRA <strong>Petitgrain<\/strong> este distilat din crengu\u021bele \u0219i frunzele de portocal amar, uleiul esen\u021bial doTERRA Neroli este extras din flori.  <\/p>\n<p>\u00cen naturopatie, uleiul de portocale amare este recomandat pentru probleme de piele, nereguli \u00een tractul digestiv \u0219i afec\u021biuni nervoase \u00een general. Cu aroma sa proasp\u0103t\u0103 \u0219i floral\u0103, acest ulei este un ingredient important \u00een parfumuri.<\/p>\n<p>Din punct de vedere emo\u021bional, uleiul str\u0103mo\u0219ilor ajut\u0103 \u00een toate problemele familiale. De asemenea, ideal pentru coaching, constela\u021bii sau practic\u0103 spiritual\u0103.<br \/>\nPentru a face acest lucru, nebuliza\u021bi uleiul \u00eentr-un difuzor sau inhala\u021bi ad\u00e2nc.<\/p>\n<p><strong>Recomandare<\/strong><br \/>\nAromatic: \u00cenv\u00e2rti\u021bi 3-4 pic\u0103turi pentru a v\u0103 \u00eent\u0103ri \u0219i a v\u0103 da r\u0103d\u0103cini. Ideal \u00eempreun\u0103 cu vetiverul pentru un somn lini\u0219tit \u0219i lini\u0219titor. Minunat \u00eenainte de culcare, \u00een combina\u021bie cu lev\u0103n\u021bic\u0103 \u0219i bergamot\u0103, pe pern\u0103 \u0219i pe lenjeria de pat. Pentru un efect emo\u021bional optim, inhala\u021bi uleiul pe punctele de puls sau \u00een palme.<br \/>\nTopic: Folosi\u021bi efectul de clarificare \u0219i \u00eent\u0103rire a pielii al doTERRA Petitgrain pentru \u00eengrijirea fe\u021bei, ad\u0103ug\u00e2nd 1-2 pic\u0103turi de ulei \u00een crema hidratant\u0103 sau aplic\u00e2ndu-l diluat pe piele.<br \/>\nPentru un masaj relaxant dup\u0103 o zi lung\u0103, amesteca\u021bi 5 pic\u0103turi cu 10 ml de ulei purt\u0103tor \u0219i savura\u021bi. Se amestec\u0103 5 pic\u0103turi cu 5 ml de ulei purt\u0103tor sau lapte sau crem\u0103 de migdale pentru o baie de wellness lini\u0219titoare.<br \/>\nParfum: Crea\u021bi-v\u0103 propriul amestec de parfum individual cu alte uleiuri preferate. Sunt deosebit de potrivite toate uleiurile de citrice, eucalipt, scor\u021bi\u0219oar\u0103, geraniu, lemongrass \u0219i cui\u0219oare.<\/p>\n<p><strong>Utilizare sigur\u0103<\/strong><br \/>\nPoate provoca irita\u021bii ale pielii. A nu se p\u0103stra la \u00eendem\u00e2na copiilor. Dac\u0103 sunte\u021bi \u00eens\u0103rcinat\u0103 sau urma\u021bi un tratament medical, v\u0103 rug\u0103m s\u0103 v\u0103 adresa\u021bi medicului dumneavoastr\u0103. Evita\u021bi contactul cu ochii, urechile interne, fa\u021ba, zonele sensibile \u0219i membranele mucoase. Pentru uz topic, v\u0103 rug\u0103m s\u0103 dilua\u021bi \u00eentotdeauna uleiurile cu un ulei purt\u0103tor (de exemplu, ulei de cocos frac\u021bionat).<\/p>\n","protected":false},"excerpt":{"rendered":"<h2 style=\"font-size: 28px\">Uleiul str\u0103mo\u0219ilor<\/h2>\n<p>doTERRA Petitgrain &#8211; Are un efect calmant asupra pielii \u0219i a min\u021bii. Uleiul de portocale amare se potrive\u0219te bine \u00eentr-un difuzor cu alte uleiuri de citrice. Din punct de vedere emo\u021bional, poate fi folosit pentru toate problemele familiale, precum \u0219i pentru constela\u021bii \u0219i coaching.<\/p>\n","protected":false},"featured_media":4151,"template":"","meta":{"_et_pb_use_builder":"","_et_pb_old_content":"","_et_gb_content_width":""},"product_cat":[15,50,48,45],"product_tag":[198],"_links":{"self":[{"href":"https:\/\/www.magnolioworld.com\/green-ro\/wp-json\/wp\/v2\/product\/658"}],"collection":[{"href":"https:\/\/www.magnolioworld.com\/green-ro\/wp-json\/wp\/v2\/product"}],"about":[{"href":"https:\/\/www.magnolioworld.com\/green-ro\/wp-json\/wp\/v2\/types\/product"}],"wp:featuredmedia":[{"embeddable":true,"href":"https:\/\/www.magnolioworld.com\/green-ro\/wp-json\/wp\/v2\/media\/4151"}],"wp:attachment":[{"href":"https:\/\/www.magnolioworld.com\/green-ro\/wp-json\/wp\/v2\/media?parent=658"}],"wp:term":[{"taxonomy":"product_cat","embeddable":true,"href":"https:\/\/www.magnolioworld.com\/green-ro\/wp-json\/wp\/v2\/product_cat?post=658"},{"taxonomy":"product_tag","embeddable":true,"href":"https:\/\/www.magnolioworld.com\/green-ro\/wp-json\/wp\/v2\/product_tag?post=658"}],"curies":[{"name":"wp","href":"https:\/\/api.w.org\/{rel}","templated":true}]}}