{"id":657,"date":"2020-04-22T14:01:15","date_gmt":"2020-04-22T12:01:15","guid":{"rendered":"https:\/\/www.magnolio.shop\/peppermint-pfefferminze\/"},"modified":"2026-04-20T13:45:55","modified_gmt":"2026-04-20T11:45:55","slug":"ulei-de-menta-doterra-peppermint","status":"publish","type":"product","link":"https:\/\/www.magnolioworld.com\/green-ro\/ulei-de-menta-doterra-peppermint\/","title":{"rendered":"Ulei de ment\u0103 &#8211; doTERRA Peppermint"},"content":{"rendered":"<p><strong>doTERRA Peppermint <\/strong>&#8211; U\u0219urarea r\u0103coritoare a inimii vesele &#8211; Uleiul inimii u\u0219oare<\/p>\n<p>Planta de ment\u0103 \u00ee\u0219i are originile \u00een Europa. Carl von Linn\u00e9 a descris-o \u00een 1753 ca fiind un hibrid de ment\u0103 de ap\u0103 \u0219i ment\u0103 verde. Con\u021binutul s\u0103u ridicat de mentol este caracteristic pentru menta de \u00eenalt\u0103 calitate, a\u0219a cum se poate g\u0103si \u0219i \u00een uleiul esen\u021bial de ment\u0103.  <\/p>\n<p>Uleiul de ment\u0103 este adesea folosit \u00een pasta de din\u021bi, guma de mestecat \u0219i alte produse de igien\u0103 oral\u0103. Menta este unul dintre cele mai bine v\u00e2ndute uleiuri esen\u021biale. Are un efect pl\u0103cut de r\u0103corire asupra pielii \u0219i revitalizeaz\u0103 mu\u0219chii dup\u0103 activitatea fizic\u0103.<\/p>\n<p>Din punct de vedere emo\u021bional, este uleiul inimii u\u0219oare sau vesele \u0219i este deosebit de util \u00een fazele dificile ale vie\u021bii. Pur \u0219i simplu inhala\u021bi 1-2 pic\u0103turi de ulei, aplica\u021bi-le pe \u00eencheieturi sau turna\u021bi-le \u00een difuzor. De asemenea, este ideal pentru a ajuta la combaterea oboselii la \u0219coal\u0103 \u0219i la locul de munc\u0103. Se poate aplica pe g\u00e2t \u0219i pe t\u00e2mple (nu prea aproape de ochi), de preferin\u021b\u0103 cu ulei de cocos frac\u021bionat.<\/p>\n<p>Pentru a u\u0219ura stomacul, se poate bea 1 pic\u0103tur\u0103 de ment\u0103 doTERRA Peppermint \u00eentr-un pahar de ap\u0103.<\/p>\n<p><strong>Recomandare<br \/>\n<\/strong>Aromatic: Ad\u0103uga\u021bi 3-4 pic\u0103turi \u00een difuzor pentru un aer ambiental pl\u0103cut \u0219i proasp\u0103t.<br \/>\nIntern: Da\u021bi max.1 Pic\u0103turi pentru rafinarea salatelor, deserturilor sau aperitivelor. De asemenea, este ideal pentru b\u0103uturi exotice mixte sau pentru ment\u0103 \u0219i limonad\u0103. V\u0103 rug\u0103m s\u0103 re\u021bine\u021bi: Mai pu\u021bin \u00eenseamn\u0103 mai mult. O cantitate mic\u0103 de ulei (v\u00e2rful unei scobitori) este adesea suficient\u0103.<br \/>\nUtiliza\u021bi 1 pic\u0103tur\u0103 \u00een 125 ml de ap\u0103 pentru o experien\u021b\u0103 r\u0103coritoare sau ca ap\u0103 de gur\u0103 pentru o respira\u021bie proasp\u0103t\u0103. <\/p>\n<p><strong>Utilizare sigur\u0103<\/strong><br \/>\nV\u0103 rug\u0103m s\u0103 ave\u021bi grij\u0103 s\u0103 nu folosi\u021bi mai mult de 1 pic\u0103tur\u0103 pe zi pe cale intern\u0103. Poate provoca irita\u021bii ale pielii. A nu se p\u0103stra la \u00eendem\u00e2na copiilor. Dac\u0103 sunte\u021bi \u00eens\u0103rcinat\u0103 sau urma\u021bi un tratament medical, v\u0103 rug\u0103m s\u0103 v\u0103 adresa\u021bi medicului dumneavoastr\u0103. Evita\u021bi contactul cu ochii, urechile interne, fa\u021ba, zonele sensibile \u0219i membranele mucoase. Pentru aplicarea local\u0103, dilua\u021bi uleiul cu un ulei purt\u0103tor (de exemplu, ulei de cocos frac\u021bionat).<\/p>\n","protected":false},"excerpt":{"rendered":"<h2 style=\"font-size: 28px\">Uleiul inimii pline de via\u021b\u0103<\/h2>\n<p>doTERRA Peppermint &#8211; Are un efect pl\u0103cut de r\u0103corire \u0219i \u00eemprosp\u0103tare. Ideal pentru oboseala de la \u0219coal\u0103 \u0219i de la locul de munc\u0103 sau \u00een timpul c\u0103l\u0103toriilor lungi cu ma\u0219ina sau la temperaturi ridicate. Pur \u0219i simplu se dilueaz\u0103 \u0219i se aplic\u0103 pe t\u00e2mple, \u00een punctele de puls sau pe g\u00e2t. Din punct de vedere emo\u021bional, uleiul de ment\u0103 ajut\u0103 la eliberarea inimii de balast \u0219i la revenirea la bucuria de a tr\u0103i \u0219i la lejeritate.<\/p>\n","protected":false},"featured_media":4201,"template":"","meta":{"_et_pb_use_builder":"","_et_pb_old_content":"","_et_gb_content_width":""},"product_cat":[47,15,50,36,37,41,42,48,2103,1938,1950,1955,1957,1965,1967,1968,1970,1981,1986,1987,1988,1904],"product_tag":[196,197],"_links":{"self":[{"href":"https:\/\/www.magnolioworld.com\/green-ro\/wp-json\/wp\/v2\/product\/657"}],"collection":[{"href":"https:\/\/www.magnolioworld.com\/green-ro\/wp-json\/wp\/v2\/product"}],"about":[{"href":"https:\/\/www.magnolioworld.com\/green-ro\/wp-json\/wp\/v2\/types\/product"}],"wp:featuredmedia":[{"embeddable":true,"href":"https:\/\/www.magnolioworld.com\/green-ro\/wp-json\/wp\/v2\/media\/4201"}],"wp:attachment":[{"href":"https:\/\/www.magnolioworld.com\/green-ro\/wp-json\/wp\/v2\/media?parent=657"}],"wp:term":[{"taxonomy":"product_cat","embeddable":true,"href":"https:\/\/www.magnolioworld.com\/green-ro\/wp-json\/wp\/v2\/product_cat?post=657"},{"taxonomy":"product_tag","embeddable":true,"href":"https:\/\/www.magnolioworld.com\/green-ro\/wp-json\/wp\/v2\/product_tag?post=657"}],"curies":[{"name":"wp","href":"https:\/\/api.w.org\/{rel}","templated":true}]}}