{"id":653,"date":"2020-04-22T14:01:15","date_gmt":"2020-04-22T12:01:15","guid":{"rendered":"https:\/\/www.magnolio.shop\/melissa-zitronenmelisse\/"},"modified":"2026-03-15T15:35:20","modified_gmt":"2026-03-15T14:35:20","slug":"ulei-de-melissa-doterra-melissa","status":"publish","type":"product","link":"https:\/\/www.magnolioworld.com\/green-ro\/ulei-de-melissa-doterra-melissa\/","title":{"rendered":"Ulei de Melissa &#8211; doTERRA Melissa"},"content":{"rendered":"<p><strong>doTERRA Melissa<\/strong> &#8211; Uleiul de \u00een\u0103l\u021bare \u0219i spirit luminos<\/p>\n<p>Balsamul de l\u0103m\u00e2ie este o plant\u0103 erbacee, peren\u0103, cu flori albe mici. Planta cre\u0219te p\u00e2n\u0103 la o \u00een\u0103l\u021bime de aproximativ 1 metru. Miroase dulce, proasp\u0103t \u0219i cu l\u0103m\u00e2ie. Compozi\u021bia uleiului esen\u021bial produs din frunze \u0219i v\u00e2rfuri depinde \u00een mare m\u0103sur\u0103 de originea, condi\u021biile climatice, momentul recolt\u0103rii \u0219i v\u00e2rsta plantei. Con\u021binutul de ulei esen\u021bial este de numai 0,5 p\u00e2n\u0103 la 3 la mie \u0219i, bine\u00een\u021beles, se poate folosi numai materialul vegetal de Melissa officinalis. Aproximativ 11 kg de frunze sunt necesare pentru 5 ml de Melissa doTERRA. Toate acestea fac ca <strong>doTERRA Melissa<\/strong> esen\u021bial\u0103 s\u0103 fie costisitoare.  <\/p>\n<p>Uleiul ofer\u0103 o gam\u0103 larg\u0103 de beneficii \u0219i op\u021biuni de aplicare \u0219i are un efect de echilibrare, \u00een special \u00een caz de tensiune, nervozitate \u0219i st\u0103ri negative. Uleiul de melisa este folosit \u0219i pentru irita\u021biile pielii, respiratorii \u0219i stomacale.<\/p>\n<p>Uleiul doTERRA Melissa aduce rapid lumin\u0103 \u00een sufletul \u0219i spiritul t\u0103u \u0219i \u00ee\u021bi permite s\u0103 te \u00eendrep\u021bi cu \u00eencredere spre viitor. Prin urmare, este ideal pentru coaching \u0219i terapie.<\/p>\n<p><strong>Recomandare<\/strong><br \/>\nAromatic: \u00cenmuia\u021bi 3-4 pic\u0103turi pentru o senza\u021bie de lejeritate \u0219i bun\u0103stare. De asemenea, este ideal pentru a favoriza un somn pl\u0103cut \u0219i lini\u0219tit. Pentru un efect emo\u021bional optim, inhala\u021bi uleiul pe punctele de puls sau \u00een palme.<br \/>\nTopic: Folosi\u021bi efectul de \u00eentinerire \u0219i de re\u00eemprosp\u0103tare pentru \u00eengrijirea fe\u021bei, ad\u0103ug\u00e2nd uleiul la crema hidratant\u0103 \u0219i la lo\u021biunea facial\u0103. Se dilueaz\u0103 \u0219i se aplic\u0103 pe frunte, umeri \u0219i zona pieptului pentru a promova bun\u0103starea emo\u021bional\u0103.<br \/>\nPentru un masaj relaxant dup\u0103 o zi lung\u0103, amesteca\u021bi 5 pic\u0103turi cu ulei purt\u0103tor \u0219i savura\u021bi. Se amestec\u0103 5 pic\u0103turi cu 5 ml de ulei purt\u0103tor sau lapte sau crem\u0103 de migdale pentru o baie de wellness lini\u0219titoare.<br \/>\nPoate fi folosit, de asemenea, cu ap\u0103 ca spray de aur\u0103 pentru mai mult\u0103 u\u0219urin\u021b\u0103 \u0219i lumin\u0103.<\/p>\n<p><strong>Utilizare sigur\u0103<\/strong><br \/>\nPoate provoca irita\u021bii ale pielii. A nu se p\u0103stra la \u00eendem\u00e2na copiilor. Dac\u0103 sunte\u021bi \u00eens\u0103rcinat\u0103 sau urma\u021bi un tratament medical, v\u0103 rug\u0103m s\u0103 v\u0103 adresa\u021bi medicului dumneavoastr\u0103. Evita\u021bi contactul cu ochii, urechile interne, fa\u021ba, zonele sensibile \u0219i membranele mucoase Dilua\u021bi \u00eentotdeauna uleiurile topic cu un ulei purt\u0103tor (de exemplu, ulei de cocos frac\u021bionat).<\/p>\n","protected":false},"excerpt":{"rendered":"<h2 style=\"font-size: 28px\">Uleiul de lumin\u0103<\/h2>\n<p>doTERRA Melissa &#8211; Pentru mai mult echilibru emo\u021bional, aplica\u021bi pe t\u00e2mple \u0219i pe g\u00e2t cu ulei purt\u0103tor sau aplica\u021bi \u00een palme sau \u00een punctele de puls \u0219i inspira\u021bi ad\u00e2nc. Din punct de vedere emo\u021bional, uleiul de melisa aduce lumin\u0103 \u0219i speran\u021b\u0103 chiar \u0219i \u00een cele mai \u00eentunecate ore.<\/p>\n","protected":false},"featured_media":4106,"template":"","meta":{"_et_pb_use_builder":"","_et_pb_old_content":"","_et_gb_content_width":""},"product_cat":[15,50,38],"product_tag":[187,188],"_links":{"self":[{"href":"https:\/\/www.magnolioworld.com\/green-ro\/wp-json\/wp\/v2\/product\/653"}],"collection":[{"href":"https:\/\/www.magnolioworld.com\/green-ro\/wp-json\/wp\/v2\/product"}],"about":[{"href":"https:\/\/www.magnolioworld.com\/green-ro\/wp-json\/wp\/v2\/types\/product"}],"wp:featuredmedia":[{"embeddable":true,"href":"https:\/\/www.magnolioworld.com\/green-ro\/wp-json\/wp\/v2\/media\/4106"}],"wp:attachment":[{"href":"https:\/\/www.magnolioworld.com\/green-ro\/wp-json\/wp\/v2\/media?parent=653"}],"wp:term":[{"taxonomy":"product_cat","embeddable":true,"href":"https:\/\/www.magnolioworld.com\/green-ro\/wp-json\/wp\/v2\/product_cat?post=653"},{"taxonomy":"product_tag","embeddable":true,"href":"https:\/\/www.magnolioworld.com\/green-ro\/wp-json\/wp\/v2\/product_tag?post=653"}],"curies":[{"name":"wp","href":"https:\/\/api.w.org\/{rel}","templated":true}]}}