{"id":652,"date":"2020-04-22T14:01:14","date_gmt":"2020-04-22T12:01:14","guid":{"rendered":"https:\/\/www.magnolio.shop\/melaleuca-teebaum\/"},"modified":"2026-02-10T13:28:05","modified_gmt":"2026-02-10T12:28:05","slug":"ulei-de-arbore-de-ceai-doterra-tea-tree","status":"publish","type":"product","link":"https:\/\/www.magnolioworld.com\/green-ro\/ulei-de-arbore-de-ceai-doterra-tea-tree\/","title":{"rendered":"Ulei de arbore de ceai &#8211; doTERRA Tea Tree"},"content":{"rendered":"<p><strong>doTERRA Tea Tree<\/strong> &#8211; Cur\u0103\u021bare purificatoare<\/p>\n<p>Arborele de ceai, un copac sau arbust originar din Australia, cre\u0219te p\u00e2n\u0103 la o \u00een\u0103l\u021bime cuprins\u0103 \u00eentre 2,5 \u0219i 14 metri. Uleiul esen\u021bial de arbore de ceai doTERRA Tea Tree, extras din frunze, are un parfum r\u0103coritor \u0219i propriet\u0103\u021bi de cur\u0103\u021bare remarcabile. Popula\u021bia indigen\u0103 din Australia folose\u0219te frunzele de arbore de ceai zdrobite pentru a-i ajuta s\u0103 respire din nou liber sau pentru efectul s\u0103u de r\u0103corire a pielii \u00een cazul m\u00e2nc\u0103rimilor dup\u0103 mu\u0219c\u0103turi de insecte \u0219i pentru a trata petele de pe piele. De asemenea, este folosit pentru probleme cu unghiile de la m\u00e2ini sau de la picioare.<\/p>\n<p>Uleiul esen\u021bial de arbore de ceai ofer\u0103 o gam\u0103 larg\u0103 de posibilit\u0103\u021bi \u00een \u00eengrijirea p\u0103rului \u0219i \u00een cas\u0103, unde efectul s\u0103u puternic de cur\u0103\u021bare este \u00een centrul aten\u021biei. De asemenea, este ideal pentru purificarea \u0219i cur\u0103\u021barea aerului din interior.  <\/p>\n<p>Datorit\u0103 semnifica\u021biei sale emo\u021bionale, poate fi folosit de minune pentru delimitarea exterioar\u0103 \u0219i protec\u021bia energetic\u0103. Ideal pentru practica spiritual\u0103 \u0219i terapeutic\u0103.<\/p>\n<p>Cel mai bun mod de a face acest lucru este s\u0103 o nebuliza\u021bi aromatic \u00eentr-un difuzor sau s\u0103 o inhala\u021bi prin \u00eencheieturi.<br \/>\n<strong><br \/>\nRecomandare<\/strong><br \/>\nAromatic: Ad\u0103uga\u021bi 3-4 pic\u0103turi de doTERRA Tea Tree \u00een difuzor pentru un aer curat \u0219i purificat \u00een camer\u0103.  <br \/>\nTopic: Aplica\u021bi 1-2 pic\u0103turi pe zonele dorite pentru a trata irita\u021biile pielii. Pentru un ten curat \u0219i proasp\u0103t, ad\u0103uga\u021bi 1-2 pic\u0103turi \u00een crema hidratant\u0103 sau \u00een toner. De asemenea, este ideal dup\u0103 b\u0103rbierit \u00eempreun\u0103 cu lemnul de cedru. Pentru unghii s\u0103n\u0103toase, aplica\u021bi uleiul pe unghiile de la m\u00e2ini \u0219i de la picioare dup\u0103 du\u0219.  <br \/>\nSe amestec\u0103 5 pic\u0103turi cu 10 ml de ulei purt\u0103tor pentru un masaj relaxant. Ca o baie de wellness, se amestec\u0103 5 pic\u0103turi cu 5 ml de ulei purt\u0103tor sau lapte sau crem\u0103 de migdale.<\/p>\n<p><strong>Utilizare sigur\u0103<\/strong><br \/>\nPoate provoca irita\u021bii ale pielii. A nu se p\u0103stra la \u00eendem\u00e2na copiilor. Dac\u0103 sunte\u021bi \u00eens\u0103rcinat\u0103 sau urma\u021bi un tratament medical, v\u0103 rug\u0103m s\u0103 v\u0103 adresa\u021bi medicului dumneavoastr\u0103. Evita\u021bi contactul cu ochii, urechile interne, fa\u021ba, zonele sensibile \u0219i membranele mucoase. Pentru uz topic, v\u0103 rug\u0103m s\u0103 dilua\u021bi \u00eentotdeauna uleiurile cu un ulei purt\u0103tor (de exemplu, ulei de cocos frac\u021bionat).<\/p>\n","protected":false},"excerpt":{"rendered":"<h2 style=\"font-size: 28px\">Uleiul de demarca\u021bie energetic\u0103<\/h2>\n<p>doTERRA Tea Tree &#8211; Este cunoscut pentru efectul s\u0103u de cur\u0103\u021bare \u0219i de calmare. Este un ulei pentru toate ocaziile. Poate fi folosit \u00eentr-un difuzor pentru a purifica aerul din \u00eenc\u0103pere. Datorit\u0103 semnifica\u021biei sale emo\u021bionale, uleiul de arbore de ceai poate fi folosit de minune pentru demarca\u021bie extern\u0103 \u0219i protec\u021bie energetic\u0103. Ideal pentru practica spiritual\u0103 \u0219i terapeutic\u0103.<\/p>\n","protected":false},"featured_media":4176,"template":"","meta":{"_et_pb_use_builder":"","_et_pb_old_content":"","_et_gb_content_width":""},"product_cat":[15,50,36,43],"product_tag":[185,186],"_links":{"self":[{"href":"https:\/\/www.magnolioworld.com\/green-ro\/wp-json\/wp\/v2\/product\/652"}],"collection":[{"href":"https:\/\/www.magnolioworld.com\/green-ro\/wp-json\/wp\/v2\/product"}],"about":[{"href":"https:\/\/www.magnolioworld.com\/green-ro\/wp-json\/wp\/v2\/types\/product"}],"wp:featuredmedia":[{"embeddable":true,"href":"https:\/\/www.magnolioworld.com\/green-ro\/wp-json\/wp\/v2\/media\/4176"}],"wp:attachment":[{"href":"https:\/\/www.magnolioworld.com\/green-ro\/wp-json\/wp\/v2\/media?parent=652"}],"wp:term":[{"taxonomy":"product_cat","embeddable":true,"href":"https:\/\/www.magnolioworld.com\/green-ro\/wp-json\/wp\/v2\/product_cat?post=652"},{"taxonomy":"product_tag","embeddable":true,"href":"https:\/\/www.magnolioworld.com\/green-ro\/wp-json\/wp\/v2\/product_tag?post=652"}],"curies":[{"name":"wp","href":"https:\/\/api.w.org\/{rel}","templated":true}]}}