{"id":651,"date":"2020-04-22T14:01:11","date_gmt":"2020-04-22T12:01:11","guid":{"rendered":"https:\/\/www.magnolio.shop\/lime-limette\/"},"modified":"2026-02-06T13:38:19","modified_gmt":"2026-02-06T12:38:19","slug":"ulei-de-var-doterra-lime","status":"publish","type":"product","link":"https:\/\/www.magnolioworld.com\/green-ro\/ulei-de-var-doterra-lime\/","title":{"rendered":"Ulei de var &#8211; doTERRA Lime"},"content":{"rendered":"<p><strong>doTERRA Lime<\/strong> &#8211; Uleiul de citrice r\u0103coritor \u0219i revitalizant<\/p>\n<p>Lemnul de tei este o plant\u0103 de citrice ve\u0219nic verde care cre\u0219te p\u00e2n\u0103 la 5 metri \u00een\u0103l\u021bime \u0219i se g\u0103se\u0219te \u00een principal \u00een regiunile tropicale din America Central\u0103 \u0219i Africa. Fructele foarte suculente sunt mai mici dec\u00e2t l\u0103m\u00e2ile \u0219i au o arom\u0103 intens\u0103. <strong>doTERRA Lime<\/strong> este presat la rece din coaja de lime \u0219i are un efect revigorant \u0219i revitalizant asupra corpului \u0219i min\u021bii.  <\/p>\n<p>Uleiul esen\u021bial de lime este antioxidant \u0219i promoveaz\u0103 s\u0103n\u0103tatea pielii. Este, de asemenea, foarte potrivit ca protec\u021bie pentru exterior \u00eentr-un difuzor sau atomizor.<br \/>\nDatorit\u0103 aromei sale proaspete, uleiul este, de asemenea, ideal pentru a amesteca b\u0103uturi lungi sau pur \u0219i simplu pentru a re\u00eemprosp\u0103ta apa normal\u0103.<\/p>\n<p>Din punct de vedere emo\u021bional, doTERRA Lime se comport\u0103 deosebit de bine \u00een perioadele dificile \u0219i creeaz\u0103 o stare de spirit pozitiv\u0103 \u0219i motivat\u0103, plin\u0103 de poft\u0103 de via\u021b\u0103.  <\/p>\n<p><strong>Recomandare<\/strong><br \/>\nAromatic: Nebuliza\u021bi 3-4 pic\u0103turi \u00eentr-un difuzor pentru a v\u0103 revigora.<br \/>\nIntern: Ad\u0103uga\u021bi 1 pic\u0103tur\u0103 la 125 ml de lichid. De asemenea, l\u0103m\u00e2ia verde este ideal\u0103 pentru aromatizarea alimentelor \u0219i a b\u0103uturilor.<br \/>\nDatorit\u0103 mirosului s\u0103u proasp\u0103t, uleiul de l\u0103m\u00e2ie este, de asemenea, minunat de folosit \u00een cas\u0103. Pur \u0219i simplu ad\u0103uga\u021bi 1-2 pic\u0103turi \u00een detergentul de uz casnic sau 1 pic\u0103tur\u0103 \u00een punga aspiratorului.<\/p>\n<p><strong>Utilizare sigur\u0103<\/strong><br \/>\nA nu se p\u0103stra la \u00eendem\u00e2na copiilor. Dac\u0103 sunte\u021bi \u00eens\u0103rcinat\u0103 sau urma\u021bi un tratament medical, v\u0103 rug\u0103m s\u0103 v\u0103 adresa\u021bi medicului dumneavoastr\u0103. Evita\u021bi contactul cu ochii, urechile interne, fa\u021ba, zonele sensibile \u0219i membranele mucoase Dilua\u021bi \u00eentotdeauna uleiurile topic cu un ulei purt\u0103tor (de exemplu, ulei de cocos frac\u021bionat). Deoarece uleiurile de citrice sunt fotosensibile, nu v\u0103 expune\u021bi la lumina soarelui sau la radia\u021bii UV timp de cel pu\u021bin 12 ore dup\u0103 contactul cu pielea.<\/p>\n","protected":false},"excerpt":{"rendered":"<h2 style=\"font-size: 28px\">Uleiul de joie de vivre<\/h2>\n<p>doTERRA Lime &#8211; Este ideal pentru aromatizarea alimentelor \u0219i b\u0103uturilor. Din punct de vedere emo\u021bional, ajut\u0103 la men\u021binerea unei st\u0103ri de spirit pozitive, motivate \u0219i pline de poft\u0103 de via\u021b\u0103 \u00een perioadele dificile.<\/p>\n","protected":false},"featured_media":4202,"template":"","meta":{"_et_pb_use_builder":"","_et_pb_old_content":"","_et_gb_content_width":""},"product_cat":[15,50,36,2103,1938,1951,1952],"product_tag":[158,159],"_links":{"self":[{"href":"https:\/\/www.magnolioworld.com\/green-ro\/wp-json\/wp\/v2\/product\/651"}],"collection":[{"href":"https:\/\/www.magnolioworld.com\/green-ro\/wp-json\/wp\/v2\/product"}],"about":[{"href":"https:\/\/www.magnolioworld.com\/green-ro\/wp-json\/wp\/v2\/types\/product"}],"wp:featuredmedia":[{"embeddable":true,"href":"https:\/\/www.magnolioworld.com\/green-ro\/wp-json\/wp\/v2\/media\/4202"}],"wp:attachment":[{"href":"https:\/\/www.magnolioworld.com\/green-ro\/wp-json\/wp\/v2\/media?parent=651"}],"wp:term":[{"taxonomy":"product_cat","embeddable":true,"href":"https:\/\/www.magnolioworld.com\/green-ro\/wp-json\/wp\/v2\/product_cat?post=651"},{"taxonomy":"product_tag","embeddable":true,"href":"https:\/\/www.magnolioworld.com\/green-ro\/wp-json\/wp\/v2\/product_tag?post=651"}],"curies":[{"name":"wp","href":"https:\/\/api.w.org\/{rel}","templated":true}]}}