{"id":650,"date":"2020-04-22T14:01:10","date_gmt":"2020-04-22T12:01:10","guid":{"rendered":"https:\/\/www.magnolio.shop\/lemon-zitrone\/"},"modified":"2026-04-20T13:45:48","modified_gmt":"2026-04-20T11:45:48","slug":"ulei-de-lamaie-doterra-lemon","status":"publish","type":"product","link":"https:\/\/www.magnolioworld.com\/green-ro\/ulei-de-lamaie-doterra-lemon\/","title":{"rendered":"Ulei de l\u0103m\u00e2ie &#8211; doTERRA Lemon"},"content":{"rendered":"<p><strong>doTERRA Lemon<\/strong> &#8211; Cur\u0103\u021barea \u0219i concentrarea asupra lucrurilor esen\u021biale<\/p>\n<p>L\u0103m\u00e2iul este o plant\u0103 de citrice ve\u0219nic verde de dimensiuni mici \u0219i medii. Este o \u00eencruci\u0219are \u00eentre portocala amar\u0103 \u0219i citrice \u0219i se g\u0103se\u0219te \u00een aproape toate \u021b\u0103rile subtropicale \u0219i \u00een Marea Mediteran\u0103. Fructul de culoare galben-verde este cunoscut pentru aroma sa acri\u0219oar\u0103 \u0219i picant\u0103.<\/p>\n<p>L\u0103m\u00e2ia doTERRA este extras\u0103 din coaja fructului \u0219i con\u021bine 23 de antioxidan\u021bi d-limonen. Uleiul esen\u021bial de l\u0103m\u00e2ie este apreciat pentru numeroasele sale aplica\u021bii \u0219i pentru efectul s\u0103u pozitiv asupra s\u0103n\u0103t\u0103\u021bii.<\/p>\n<p><strong>Recomandare<\/strong><br \/>\nAromatic: Poate fi folosit pentru a cre\u0219te concentrarea &#8211; mai ales atunci c\u00e2nd copiii se confrunt\u0103 cu provoc\u0103ri la \u0219coal\u0103. V\u0103 recomand\u0103m s\u0103 pulveriza\u021bi 3-4 pic\u0103turi \u00een difuzor. Ideal \u00eempreun\u0103 cu menta r\u0103coritoare.<br \/>\nPe plan intern: L\u0103m\u00e2ia este ideal\u0103 pentru echilibrarea acido-bazic\u0103 \u0219i cur\u0103\u021barea intern\u0103. V\u0103 recomand\u0103m s\u0103 ad\u0103uga\u021bi 1-2 pic\u0103turi de ulei la 125 ml de ap\u0103 c\u0103ldu\u021b\u0103 \u0219i s\u0103 include\u021bi acest lucru \u00een rutina zilnic\u0103 de diminea\u021b\u0103, dup\u0103 ce v\u0103 trezi\u021bi.  <br \/>\nPe l\u00e2ng\u0103 cur\u0103\u021benia intern\u0103, uleiul de l\u0103m\u00e2ie poate fi folosit de minune \u0219i pentru cur\u0103\u021barea f\u0103r\u0103 chimicale \u00een gospod\u0103rie. De asemenea, poate fi utilizat pentru a \u00eendep\u0103rta reziduurile de adeziv f\u0103r\u0103 a l\u0103sa urme.<br \/>\nL\u0103m\u00e2ia doTERRA poate fi folosit\u0103 foarte bine \u0219i la g\u0103tit \u0219i la copt \u0219i este un adaos minunat la b\u0103uturile amestecate.<\/p>\n<p><strong>Aplica\u021bie sigur\u0103<\/strong><br \/>\nPoate provoca irita\u021bii ale pielii. A nu se p\u0103stra la \u00eendem\u00e2na copiilor. Dac\u0103 sunte\u021bi \u00eens\u0103rcinat\u0103 sau urma\u021bi un tratament medical, v\u0103 rug\u0103m s\u0103 v\u0103 adresa\u021bi medicului dumneavoastr\u0103. Evita\u021bi contactul cu ochii, urechile interne, fa\u021ba, zonele sensibile \u0219i membranele mucoase Dilua\u021bi \u00eentotdeauna uleiurile topic cu un ulei purt\u0103tor (de exemplu, ulei de cocos frac\u021bionat). Deoarece uleiurile de citrice sunt fotosensibile, nu v\u0103 expune\u021bi la lumina soarelui sau la radia\u021bii UV timp de cel pu\u021bin 12 ore dup\u0103 contactul cu pielea.<\/p>\n","protected":false},"excerpt":{"rendered":"<h2 style=\"font-size: 28px\">Uleiul de concentrare<\/h2>\n<p>doTERRA Lemon &#8211; Are un puternic efect de cur\u0103\u021bare \u0219i de \u00eembun\u0103t\u0103\u021bire a dispozi\u021biei. De asemenea, poate fi folosit \u00een mod minunat pentru a completa b\u0103uturile. Din punct de vedere emo\u021bional, l\u0103m\u00e2ia ajut\u0103 la cre\u0219terea concentr\u0103rii, motiv pentru care aplicarea aromatic\u0103 \u00een difuzor este ideal\u0103 pentru sus\u021binerea \u0219colii \u0219i a muncii.<\/p>\n","protected":false},"featured_media":4175,"template":"","meta":{"_et_pb_use_builder":"","_et_pb_old_content":"","_et_gb_content_width":""},"product_cat":[15,50,44,36,37,41,46,2103,1938,1943,1944,1951,1952,1955,1957,1969,1972,1974,1978,1989,1904],"product_tag":[153,154],"_links":{"self":[{"href":"https:\/\/www.magnolioworld.com\/green-ro\/wp-json\/wp\/v2\/product\/650"}],"collection":[{"href":"https:\/\/www.magnolioworld.com\/green-ro\/wp-json\/wp\/v2\/product"}],"about":[{"href":"https:\/\/www.magnolioworld.com\/green-ro\/wp-json\/wp\/v2\/types\/product"}],"wp:featuredmedia":[{"embeddable":true,"href":"https:\/\/www.magnolioworld.com\/green-ro\/wp-json\/wp\/v2\/media\/4175"}],"wp:attachment":[{"href":"https:\/\/www.magnolioworld.com\/green-ro\/wp-json\/wp\/v2\/media?parent=650"}],"wp:term":[{"taxonomy":"product_cat","embeddable":true,"href":"https:\/\/www.magnolioworld.com\/green-ro\/wp-json\/wp\/v2\/product_cat?post=650"},{"taxonomy":"product_tag","embeddable":true,"href":"https:\/\/www.magnolioworld.com\/green-ro\/wp-json\/wp\/v2\/product_tag?post=650"}],"curies":[{"name":"wp","href":"https:\/\/api.w.org\/{rel}","templated":true}]}}