{"id":649,"date":"2020-04-22T14:01:10","date_gmt":"2020-04-22T12:01:10","guid":{"rendered":"https:\/\/www.magnolio.shop\/lavender-lavendel\/"},"modified":"2026-04-20T13:45:41","modified_gmt":"2026-04-20T11:45:41","slug":"ulei-de-lavanda-doterra-lavender","status":"publish","type":"product","link":"https:\/\/www.magnolioworld.com\/green-ro\/ulei-de-lavanda-doterra-lavender\/","title":{"rendered":"Ulei de lavand\u0103 &#8211; doTERRA Lavender"},"content":{"rendered":"<p><strong>doTERRA Lavender<\/strong> &#8211; Relaxare pur\u0103 \u0219i calmare lini\u0219titoare &#8211; Uleiul comunic\u0103rii \u0219i al lini\u0219tii<\/p>\n<p>Lev\u0103n\u021bica este un arbust gri, pufos \u0219i p\u0103ros, care cre\u0219te p\u00e2n\u0103 la o \u00een\u0103l\u021bime de aproximativ 1 metru \u0219i provine din regiunea mediteranean\u0103. <br \/>\nUleiul esen\u021bial de <strong>lavand\u0103 doTERRA Lavender<\/strong> are o arom\u0103 distinctiv\u0103 \u0219i are un efect floral, proasp\u0103t \u0219i calmant. Uleiul de lev\u0103n\u021bic\u0103 are nenum\u0103rate aplica\u021bii, nu numai \u00een cosmetice \u0219i parfumuri.<\/p>\n<p>Este adesea folosit pentru a reduce imperfec\u021biunile pielii, pentru a \u00eembun\u0103t\u0103\u021bi nelini\u0219tea \u0219i problemele de somn. Uleiul de lavand\u0103 poate avea, de asemenea, un efect calmant rapid asupra irita\u021biilor pielii dup\u0103 expunerea la soare. De asemenea, este minunat \u00een buc\u0103t\u0103rie pentru arsuri minore.<br \/>\nEste ideal s\u0103 pulveriza\u021bi uleiul de lavand\u0103 cu ajutorul difuzorului din dormitor sau s\u0103 pune\u021bi c\u00e2teva pic\u0103turi pe pern\u0103. De asemenea, poate fi folosit \u00eempreun\u0103 cu capsulele lini\u0219titoare doTERRA Serenity Softgels. Vi se garanteaz\u0103 un somn lini\u0219tit \u0219i profund.<\/p>\n<p><strong>Recomandare<\/strong><br \/>\nAromatic: Ad\u0103uga\u021bi 3-4 pic\u0103turi de lev\u0103n\u021bic\u0103 doTERRA \u00een difuzor pentru a echilibra \u0219i \u00eent\u0103ri comunicarea. Pentru un somn lini\u0219tit \u0219i odihnitor, nebuliza\u021bi \u00eentr-un difuzor sau aplica\u021bi 1-2 pic\u0103turi pe perne \u0219i pe lenjeria de pat. Pentru a sus\u021bine efectul emo\u021bional, inhala\u021bi uleiul peste \u00eencheieturi sau palme.<br \/>\nTopic\u0103: Pentru calmarea \u0219i \u00eempotriva irita\u021biilor pielii pe zonele afectate. Pentru un somn relaxat, aplica\u021bi seara pe t\u0103lpile picioarelor sau pe g\u00e2t. Se aplic\u0103 pe zona dorit\u0103 dup\u0103 expunerea la soare sau \u00een\u021bep\u0103turi de insecte.<br \/>\nPentru masaj, se amestec\u0103 5 pic\u0103turi cu 10 ml de ulei purt\u0103tor. Ca aditiv pentru baie, se amestec\u0103 5 pic\u0103turi cu 5 ml de ulei purt\u0103tor sau lapte sau crem\u0103 de migdale. Ca parfum, se amestec\u0103 1 pic\u0103tur\u0103 cu 10 pic\u0103turi de ulei purt\u0103tor. <\/p>\n<p><strong>Utilizare sigur\u0103<\/strong><br \/>\nPoate provoca irita\u021bii ale pielii. A nu se p\u0103stra la \u00eendem\u00e2na copiilor. Dac\u0103 sunte\u021bi \u00eens\u0103rcinat\u0103 sau urma\u021bi un tratament medical, v\u0103 rug\u0103m s\u0103 v\u0103 adresa\u021bi medicului dumneavoastr\u0103. Evita\u021bi contactul cu ochii, urechile interne, fa\u021ba, zonele sensibile \u0219i membranele mucoase. Pentru uz topic, v\u0103 rug\u0103m s\u0103 dilua\u021bi \u00eentotdeauna uleiurile cu un ulei purt\u0103tor (de exemplu, ulei de cocos frac\u021bionat).<\/p>\n","protected":false},"excerpt":{"rendered":"<h2 style=\"font-size: 28px;\">Uleiul de comunicare<\/h2>\n<p>doTERRA Lavender &#8211; Este relaxare \u0219i calmare pur\u0103. Pentru un somn mai bun, picura\u021bi pe pern\u0103 sau pulveriza\u021bi 2-3 pic\u0103turi \u00een difuzor. Din punct de vedere emo\u021bional, are un efect calmant \u0219i echilibrant \u0219i favorizeaz\u0103 o comunicare armonioas\u0103. Ideal\u0103 la locul de munc\u0103, acas\u0103 \u0219i pentru prezent\u0103ri.<\/p>\n","protected":false},"featured_media":5297,"template":"","meta":{"_et_pb_use_builder":"","_et_pb_old_content":"","_et_gb_content_width":""},"product_cat":[15,50,36,37,38,42,46,45,2103,1948,1957,1958,1960,1968,1970,1972,1974,1976,1984,1985],"product_tag":[152,151],"_links":{"self":[{"href":"https:\/\/www.magnolioworld.com\/green-ro\/wp-json\/wp\/v2\/product\/649"}],"collection":[{"href":"https:\/\/www.magnolioworld.com\/green-ro\/wp-json\/wp\/v2\/product"}],"about":[{"href":"https:\/\/www.magnolioworld.com\/green-ro\/wp-json\/wp\/v2\/types\/product"}],"wp:featuredmedia":[{"embeddable":true,"href":"https:\/\/www.magnolioworld.com\/green-ro\/wp-json\/wp\/v2\/media\/5297"}],"wp:attachment":[{"href":"https:\/\/www.magnolioworld.com\/green-ro\/wp-json\/wp\/v2\/media?parent=649"}],"wp:term":[{"taxonomy":"product_cat","embeddable":true,"href":"https:\/\/www.magnolioworld.com\/green-ro\/wp-json\/wp\/v2\/product_cat?post=649"},{"taxonomy":"product_tag","embeddable":true,"href":"https:\/\/www.magnolioworld.com\/green-ro\/wp-json\/wp\/v2\/product_tag?post=649"}],"curies":[{"name":"wp","href":"https:\/\/api.w.org\/{rel}","templated":true}]}}