{"id":648,"date":"2020-04-22T14:01:09","date_gmt":"2020-04-22T12:01:09","guid":{"rendered":"https:\/\/www.magnolio.shop\/juniper-berry-wacholderbeere\/"},"modified":"2026-01-08T17:31:32","modified_gmt":"2026-01-08T16:31:32","slug":"ulei-de-fructe-de-ienupar-doterra-juniper-berry","status":"publish","type":"product","link":"https:\/\/www.magnolioworld.com\/green-ro\/ulei-de-fructe-de-ienupar-doterra-juniper-berry\/","title":{"rendered":"Ulei de fructe de ienup\u0103r &#8211; doTERRA Juniper Berry"},"content":{"rendered":"<p><strong>doTERRA Juniper Berry<\/strong> &#8211; Pentru a sus\u021bine mu\u0219chii \u0219i articula\u021biile \u0219i pentru a aromatiza alimentele<\/p>\n<p>Boabele de ienup\u0103r sunt fructele arborelui de ienup\u0103r ve\u0219nic verde, care poate ajunge p\u00e2n\u0103 la 6 metri \u00een\u0103l\u021bime \u0219i cre\u0219te pe soluri uscate \u0219i nisipoase.  <br \/>\nUleiul esen\u021bial de boabe de ienup\u0103r, care se extrage din conifere, are un parfum pur, bl\u00e2nd \u0219i lemnos.<\/p>\n<p>Naturopatia atribuie multe aspecte pozitive boabelor de ienup\u0103r. Are apoi un efect benefic asupra pielii \u0219i a tractului urinar \u0219i sus\u021bine, de asemenea, func\u021biile nervoase importante. De asemenea, este folosit pentru afec\u021biuni musculare \u0219i articulare \u0219i pentru irita\u021bii ale tractului respirator.  <\/p>\n<p>\u00cen plus, doTERRA Juniper Berry adaug\u0103 o arom\u0103 nea\u0219teptat\u0103 la o varietate de m\u00e2nc\u0103ruri.<\/p>\n<p><strong>Recomandare<br \/>\n<\/strong>Aromatic: Ad\u0103uga\u021bi 3-4 pic\u0103turi de ulei \u00een difuzor pentru nebulizare sau inhala\u021bi uleiul direct din flacon sau prin punctele de puls. Poate fi, de asemenea, minunat completat cu bergamot\u0103<br \/>\nIntern: Da\u021bi max.1 Pic\u0103turi de ulei pentru a rafina m\u00e2nc\u0103ruri din carne, legume \u0219i m\u00e2nc\u0103ruri de varz\u0103 \u00een loc de boabe de ienup\u0103r uscate.  <br \/>\nV\u0103 rug\u0103m s\u0103 re\u021bine\u021bi: Mai pu\u021bin \u00eenseamn\u0103 mai mult. O cantitate mic\u0103 de ulei (v\u00e2rful unei scobitori) este adesea suficient\u0103.<br \/>\nLua\u021bi 1 pic\u0103tur\u0103 \u00een 125 ml de ap\u0103 sau \u00eentr-o capsul\u0103 vegan\u0103.<\/p>\n<p><strong>Utilizare sigur\u0103<\/strong><br \/>\nPoate provoca irita\u021bii ale pielii. A nu se p\u0103stra la \u00eendem\u00e2na copiilor. Utiliza\u021bi cel mult o pic\u0103tur\u0103 pe plan intern. Dac\u0103 sunte\u021bi \u00eens\u0103rcinat\u0103 sau urma\u021bi un tratament medical, v\u0103 rug\u0103m s\u0103 v\u0103 adresa\u021bi medicului dumneavoastr\u0103. Evita\u021bi contactul cu ochii, urechile interne, fa\u021ba, zonele sensibile \u0219i membranele mucoase. Pentru uz topic, v\u0103 rug\u0103m s\u0103 dilua\u021bi \u00eentotdeauna uleiurile cu un ulei purt\u0103tor (de exemplu, ulei de cocos frac\u021bionat).<\/p>\n","protected":false},"excerpt":{"rendered":"<h2 style=\"font-size: 28px\">Uleiul de noapte \u0219i de calmare<\/h2>\n<p>doTERRA Juniper Berry &#8211; Poate fi folosit pentru a aromatiza m\u00e2nc\u0103rurile. Din punct de vedere emo\u021bional, are un efect foarte calmant \u0219i de ameliorare a anxiet\u0103\u021bii \u0219i favorizeaz\u0103 un somn calm \u0219i echilibrat.<\/p>\n","protected":false},"featured_media":4149,"template":"","meta":{"_et_pb_use_builder":"","_et_pb_old_content":"","_et_gb_content_width":""},"product_cat":[15,50],"product_tag":[149,150],"_links":{"self":[{"href":"https:\/\/www.magnolioworld.com\/green-ro\/wp-json\/wp\/v2\/product\/648"}],"collection":[{"href":"https:\/\/www.magnolioworld.com\/green-ro\/wp-json\/wp\/v2\/product"}],"about":[{"href":"https:\/\/www.magnolioworld.com\/green-ro\/wp-json\/wp\/v2\/types\/product"}],"wp:featuredmedia":[{"embeddable":true,"href":"https:\/\/www.magnolioworld.com\/green-ro\/wp-json\/wp\/v2\/media\/4149"}],"wp:attachment":[{"href":"https:\/\/www.magnolioworld.com\/green-ro\/wp-json\/wp\/v2\/media?parent=648"}],"wp:term":[{"taxonomy":"product_cat","embeddable":true,"href":"https:\/\/www.magnolioworld.com\/green-ro\/wp-json\/wp\/v2\/product_cat?post=648"},{"taxonomy":"product_tag","embeddable":true,"href":"https:\/\/www.magnolioworld.com\/green-ro\/wp-json\/wp\/v2\/product_tag?post=648"}],"curies":[{"name":"wp","href":"https:\/\/api.w.org\/{rel}","templated":true}]}}