{"id":647,"date":"2020-04-22T14:01:09","date_gmt":"2020-04-22T12:01:09","guid":{"rendered":"https:\/\/www.magnolio.shop\/jasmine-touch-jasmin-touch\/"},"modified":"2025-11-17T15:39:47","modified_gmt":"2025-11-17T14:39:47","slug":"ulei-de-iasomie-roll-on-doterra-jasmine-touch","status":"publish","type":"product","link":"https:\/\/www.magnolioworld.com\/green-ro\/ulei-de-iasomie-roll-on-doterra-jasmine-touch\/","title":{"rendered":"Ulei de iasomie Roll-On &#8211; doTERRA Jasmine Touch"},"content":{"rendered":"<p><strong>doTERRA Jasmine Touch<\/strong> &#8211; Experien\u021ba parfumului floral pur<\/p>\n<p>Iasomia este o plant\u0103 c\u0103\u021b\u0103r\u0103toare care cre\u0219te la peste 10 metri \u00een\u0103l\u021bime, cu flori albe, \u00een form\u0103 de stea. Parfumul s\u0103u intens o face &#8220;regina florilor&#8221;. Uleiul esen\u021bial este cunoscut pentru efectul s\u0103u pozitiv asupra pielii, ajut\u00e2nd la reducerea imperfec\u021biunilor \u0219i oferind un ten s\u0103n\u0103tos \u0219i radiant. Aplicat\u0103 pe punctele reflexe, calmeaz\u0103 \u0219i confer\u0103 optimism prin aroma sa euforic\u0103. Iasomia este \u00een general cunoscut\u0103 pentru efectul s\u0103u pozitiv asupra pielii \u0219i a senza\u021biei corporale \u0219i, de asemenea, promoveaz\u0103 \u00eencrederea \u00een sine. <\/p>\n<p>Aici \u00eentr-un roll-on gata de utilizare pentru a fi folosit \u00een deplasare. doTERRA Jasmine Touch este ideal\u0103 \u0219i ca parfum. <\/p>\n<p><strong>Recomandare<\/strong><br \/>\nAromatic: Inhala\u021bi atingerea prin punctele de puls sau prin palmele m\u00e2inilor pentru a ridica starea de spirit \u0219i starea general\u0103 de bine.<br \/>\nTopic: Aplica\u021bi pe g\u00e2t sau pe zonele reflexe ale picioarelor \u0219i pe chakrele dorite.<br \/>\nPentru a fi folosit ca parfum exotic.<\/p>\n<p><strong>Utilizare sigur\u0103<\/strong><br \/>\nA nu se p\u0103stra la \u00eendem\u00e2na copiilor. Dac\u0103 sunte\u021bi \u00eens\u0103rcinat\u0103 sau urma\u021bi un tratament medical, v\u0103 rug\u0103m s\u0103 v\u0103 adresa\u021bi medicului dumneavoastr\u0103. Evita\u021bi contactul cu ochii, urechile interne, fa\u021ba, zonele sensibile \u0219i membranele mucoase.<strong><br \/>\n<\/strong><\/p>\n","protected":false},"excerpt":{"rendered":"<h2 style=\"font-size: 28px;\">Un vis floral exotic<\/h2>\n<p>doTERRA Jasmine Touch &#8211; Experien\u021ba parfumului floral pur. Aplica\u021bi atingerea pe t\u0103lpile picioarelor \u0219i pe punctele reflexe diminea\u021ba pentru a v\u0103 ridica starea de spirit sau ca un parfum care v\u0103 \u00eenv\u0103luie ca un vis floral exotic.<\/p>\n","protected":false},"featured_media":4124,"template":"","meta":{"_et_pb_use_builder":"","_et_pb_old_content":"","_et_gb_content_width":""},"product_cat":[15,50,42,1939,1941,1968],"product_tag":[148,147],"_links":{"self":[{"href":"https:\/\/www.magnolioworld.com\/green-ro\/wp-json\/wp\/v2\/product\/647"}],"collection":[{"href":"https:\/\/www.magnolioworld.com\/green-ro\/wp-json\/wp\/v2\/product"}],"about":[{"href":"https:\/\/www.magnolioworld.com\/green-ro\/wp-json\/wp\/v2\/types\/product"}],"wp:featuredmedia":[{"embeddable":true,"href":"https:\/\/www.magnolioworld.com\/green-ro\/wp-json\/wp\/v2\/media\/4124"}],"wp:attachment":[{"href":"https:\/\/www.magnolioworld.com\/green-ro\/wp-json\/wp\/v2\/media?parent=647"}],"wp:term":[{"taxonomy":"product_cat","embeddable":true,"href":"https:\/\/www.magnolioworld.com\/green-ro\/wp-json\/wp\/v2\/product_cat?post=647"},{"taxonomy":"product_tag","embeddable":true,"href":"https:\/\/www.magnolioworld.com\/green-ro\/wp-json\/wp\/v2\/product_tag?post=647"}],"curies":[{"name":"wp","href":"https:\/\/api.w.org\/{rel}","templated":true}]}}