{"id":646,"date":"2020-04-22T14:01:09","date_gmt":"2020-04-22T12:01:09","guid":{"rendered":"https:\/\/www.magnolio.shop\/helichrysum-strohblume\/"},"modified":"2025-11-17T18:06:23","modified_gmt":"2025-11-17T17:06:23","slug":"ulei-de-imortele-doterra-helichrysum","status":"publish","type":"product","link":"https:\/\/www.magnolioworld.com\/green-ro\/ulei-de-imortele-doterra-helichrysum\/","title":{"rendered":"Ulei de imortele &#8211; doTERRA Helichrysum"},"content":{"rendered":"<p><strong>doTERRA Helichrysum <\/strong>&#8211; Uleiul de floare nemuritoare &#8211; Doar ce e mai bun e suficient de bun pentru bun\u0103starea ta.<\/p>\n<p>Privind imortelele discrete, nu ai ghici niciodat\u0103 ce comoar\u0103 de\u021bine aceast\u0103 floare galben-aurie pentru bun\u0103starea noastr\u0103.  <br \/>\nNumai numele sugereaz\u0103 ceva special: Heli = aur \u0219i chrysum = cer. Pentru mine, uleiul luminii de aur a cerului. Datorit\u0103 specialit\u0103\u021bii sale, a fost folosit \u0219i \u00een Grecia antic\u0103. Deoarece florile r\u0103m\u00e2n intacte pentru o perioad\u0103 lung\u0103 de timp, chiar \u0219i dup\u0103 t\u0103iere, ele sunt denumite \u0219i flori nemuritoare.<\/p>\n<p>Helichrysum italicum este un semiarbust peren de p\u00e2n\u0103 la 60 cm \u00een\u0103l\u021bime. Frunzele argintii sunt \u00eenguste, iar florile \u00een form\u0103 de bil\u0103 sunt galben-aurii.<br \/>\nExtrac\u021bia acestui ulei necesit\u0103 foarte mult\u0103 munc\u0103 \u0219i trebuie recoltat manual. Acesta este motivul pentru care majoritatea uleiurilor de imortele con\u021bin foarte pu\u021bin material vegetal. Cu toate acestea, calitatea depinde de o recoltare atent\u0103, de cea mai bun\u0103 calitate organic\u0103 \u0219i de condi\u021bii optime de cre\u0219tere \u0219i de via\u021b\u0103. Numai atunci c\u00e2nd plantele sunt de cea mai mare poten\u021b\u0103 \u0219i c\u00e2nd se utilizeaz\u0103 suficient material vegetal se poate ob\u021bine efectul optim pentru corp, minte \u0219i suflet.  <br \/>\nPentru a ob\u021bine 5 ml de doTERRA Helichrysum, se folosesc 1,8 kg de flori.<\/p>\n<p>Uleiul esen\u021bial din aceast\u0103 floare nemuritoare este utilizat pentru \u00eengrijirea regeneratoare a pielii \u0219i este, de asemenea, ideal pentru \u00eengrijirea dup\u0103 expunerea la soare.  <br \/>\n\u00cempreun\u0103 cu uleiul frac\u021bionat de cocos, lavand\u0103, smirn\u0103 \u0219i m\u0103ce\u0219 pom, ob\u021bine\u021bi un produs de \u00eengrijire solar\u0103 minunat de natural.<\/p>\n<p><strong>Uleiul<\/strong> esen\u021bial <strong>de imortele<\/strong> este cunoscut \u00een naturopatie pentru propriet\u0103\u021bile sale de regenerare a pielii. Uleiul esen\u021bial de imortele din amestecul de frumuse\u021be doTERRA Salubelle este folosit pentru efectul s\u0103u de \u00eentinerire a pielii. De asemenea, scopul este de a reduce impurit\u0103\u021bile pielii \u0219i de a ob\u021bine un aspect radiant, tineresc. De asemenea, poate ajuta la reducerea petelor de pe piele.<\/p>\n<p>\u00cen plus, doTERRA Helichrysum poate fi folosit pentru v\u00e2n\u0103t\u0103i \u0219i r\u0103ni fizice de toate tipurile, datorit\u0103 propriet\u0103\u021bilor sale de sus\u021binere a circula\u021biei. De asemenea, ajut\u0103 la activarea metabolismului \u0219i la sus\u021binerea diferitelor sisteme ale organismului. De asemenea, este ideal pentru c\u0103l\u0103torii \u0219i perioade lungi de \u0219edere.<\/p>\n<p>Uleiul de imortele (doTERRA Helichrysum) poate fi aplicat extern cu ulei de cocos frac\u021bionat pe fa\u021b\u0103 \u0219i decolteu, precum \u0219i pe zonele afectate ale corpului. De asemenea, poate fi aplicat pe punctele reflexe ale picioarelor pentru un efect optim. Bine\u00een\u021beles, efectul relaxant al aromei sale incomparabile poate fi ob\u021binut \u0219i prin inhalare prin palmele m\u00e2inilor, punctele de puls sau prin nebulizare cu ajutorul difuzorului.<\/p>\n<p>Sub form\u0103 de roll-on de imortele gata de utilizare, diluat cu ulei de cocos frac\u021bionat (doTERRA Helichrysum Touch), acest ulei valoros poate fi folosit \u00een mod convenabil \u0219i \u00een timpul c\u0103l\u0103toriilor. De asemenea, este ideal\u0103 \u0219i atunci c\u00e2nd c\u0103l\u0103tori\u021bi.<\/p>\n<p>Imortelle este un ulei popular pentru ten \u0219i este adesea folosit \u00een produsele anti-\u00eemb\u0103tr\u00e2nire. De asemenea, are multe propriet\u0103\u021bi puternice de promovare a s\u0103n\u0103t\u0103\u021bii, care pot fi benefice pentru s\u0103n\u0103tatea pielii atunci c\u00e2nd sunt aplicate local. Pentru a experimenta beneficiile acestui ulei uimitor, ad\u0103uga\u021bi-l la toner sau la crema hidratant\u0103.<\/p>\n<p><strong>Recomandare<\/strong><br \/>\nAromatic: \u00cenmuia\u021bi 3-4 pic\u0103turi pentru o senza\u021bie de bun\u0103stare dup\u0103 o zi lung\u0103.<br \/>\nTopical: Se aplic\u0103 local pentru tratarea irita\u021biilor minore ale pielii \u0219i pentru un ten clar \u0219i radiant. Uleiul este, de asemenea, ideal pentru a reduce primele semne de \u00eemb\u0103tr\u00e2nire. Aplica\u021bi 1-2 pic\u0103turi direct pe zona dorit\u0103 sau ad\u0103uga\u021bi-o la \u00eengrijirea fe\u021bei ca ritual zilnic.<br \/>\n\u00cempreun\u0103 cu uleiul frac\u021bionat de nuc\u0103 de cocos, acesta poate avea, de asemenea, un efect calmant dup\u0103 expunerea la soare.<br \/>\nMasa\u021bi u\u0219or uleiul \u00een zona g\u00e2tului pentru o senza\u021bie de calmare.<br \/>\nSe aplic\u0103 pe picioare \u00eempreun\u0103 cu ulei de cocos frac\u021bionat \u00eenainte \u0219i \u00een timpul c\u0103l\u0103toriilor lungi sau \u00een timpul \u0219ederii. Ca o baie de wellness, se amestec\u0103 5 pic\u0103turi cu 5 ml de ulei purt\u0103tor sau lapte sau crem\u0103 de migdale.<\/p>\n<p><strong>Utilizare sigur\u0103<\/strong><br \/>\nPoate provoca irita\u021bii ale pielii. A nu se p\u0103stra la \u00eendem\u00e2na copiilor. Dac\u0103 sunte\u021bi \u00eens\u0103rcinat\u0103 sau urma\u021bi un tratament medical, v\u0103 rug\u0103m s\u0103 v\u0103 adresa\u021bi medicului dumneavoastr\u0103. Evita\u021bi contactul cu ochii, urechile interne, fa\u021ba, zonele sensibile \u0219i membranele mucoase Dilua\u021bi \u00eentotdeauna uleiurile topic cu un ulei purt\u0103tor (de exemplu, ulei de cocos frac\u021bionat).<\/p>\n","protected":false},"excerpt":{"rendered":"<h2 style=\"font-size: 28px\">Uleiul \u00eempotriva durerii<\/h2>\n<p>doTERRA Helichrysum &#8211; Poate fi folosit \u00eempotriva disconfortului fizic. Se aplic\u0103 pe zonele stresate pentru a sus\u021bine regenerarea pielii \u0219i circula\u021bia s\u00e2ngelui. Uleiul de imortele &#8211; uleiul de floare nemuritoare &#8211; numai ce este mai bun este suficient de bun pentru bun\u0103starea dumneavoastr\u0103 &#8211; fizic \u0219i emo\u021bional.<\/p>\n","protected":false},"featured_media":5295,"template":"","meta":{"_et_pb_use_builder":"","_et_pb_old_content":"","_et_gb_content_width":""},"product_cat":[15,50],"product_tag":[146,145,143,144],"_links":{"self":[{"href":"https:\/\/www.magnolioworld.com\/green-ro\/wp-json\/wp\/v2\/product\/646"}],"collection":[{"href":"https:\/\/www.magnolioworld.com\/green-ro\/wp-json\/wp\/v2\/product"}],"about":[{"href":"https:\/\/www.magnolioworld.com\/green-ro\/wp-json\/wp\/v2\/types\/product"}],"wp:featuredmedia":[{"embeddable":true,"href":"https:\/\/www.magnolioworld.com\/green-ro\/wp-json\/wp\/v2\/media\/5295"}],"wp:attachment":[{"href":"https:\/\/www.magnolioworld.com\/green-ro\/wp-json\/wp\/v2\/media?parent=646"}],"wp:term":[{"taxonomy":"product_cat","embeddable":true,"href":"https:\/\/www.magnolioworld.com\/green-ro\/wp-json\/wp\/v2\/product_cat?post=646"},{"taxonomy":"product_tag","embeddable":true,"href":"https:\/\/www.magnolioworld.com\/green-ro\/wp-json\/wp\/v2\/product_tag?post=646"}],"curies":[{"name":"wp","href":"https:\/\/api.w.org\/{rel}","templated":true}]}}