{"id":644,"date":"2020-04-22T14:01:09","date_gmt":"2020-04-22T12:01:09","guid":{"rendered":"https:\/\/www.magnolio.shop\/grapefruit-grapefrucht\/"},"modified":"2025-12-09T11:13:49","modified_gmt":"2025-12-09T10:13:49","slug":"ulei-de-grapefruit-doterra-grapefruit","status":"publish","type":"product","link":"https:\/\/www.magnolioworld.com\/green-ro\/ulei-de-grapefruit-doterra-grapefruit\/","title":{"rendered":"Ulei de grapefruit &#8211; doTERRA Grapefruit"},"content":{"rendered":"<p><strong>doTERRA Grapefruit<\/strong> &#8211; Ideal pentru aromatizarea alimentelor \u0219i a b\u0103uturilor \u0219i pentru sus\u021binerea controlului greut\u0103\u021bii<\/p>\n<p>Grapefruit este un citric ve\u0219nic verde cu o \u00een\u0103l\u021bime de peste 10 metri. Este o \u00eencruci\u0219are \u00eentre o portocal\u0103 \u0219i un grapefruit \u0219i se g\u0103se\u0219te \u00een aproape toate \u021b\u0103rile subtropicale. Grapefruitul galben-portocaliu este cunoscut pentru gustul s\u0103u acri\u0219or \u0219i picant. Uleiul esen\u021bial de grapefruit este extras din coaja fructului \u0219i este apreciat pentru numeroasele sale aplica\u021bii \u0219i pentru efectul s\u0103u pozitiv asupra s\u0103n\u0103t\u0103\u021bii. Esen\u021bialul de <strong>grapefruit doTERRA<\/strong> adaug\u0103 o arom\u0103 proasp\u0103t\u0103 la o varietate de m\u00e2nc\u0103ruri \u0219i este, de asemenea, cunoscut pentru propriet\u0103\u021bile sale de cur\u0103\u021bare.<\/p>\n<p>Dar uleiul de onoare corporal\u0103 sus\u021bine, de asemenea, o stare de spirit pozitiv\u0103 din punct de vedere emo\u021bional \u0219i v\u0103 ajut\u0103 s\u0103 v\u0103 accepta\u021bi propriul corp a\u0219a cum este \u0219i s\u0103 fi\u021bi ferici\u021bi cu el.<\/p>\n<p><strong>Recomandare<\/strong><br \/>\nAromatic: Pentru o mai bun\u0103 concentrare, ad\u0103uga\u021bi 3-4 pic\u0103turi la un difuzor. De asemenea, este ideal pentru a oferi un sprijin stabil din punct de vedere emo\u021bional pentru diete.<br \/>\nIntern: Ad\u0103uga\u021bi 1 pic\u0103tur\u0103 la 125 ml de lichid. Grapefruitul este ideal pentru a ad\u0103uga o arom\u0103 subtil\u0103 b\u0103uturilor amestecate, deserturilor sau smoothie-urilor \u0219i, de asemenea, ajut\u0103 la combaterea poftei de m\u00e2ncare.<\/p>\n<p><strong>Utilizare sigur\u0103<\/strong><br \/>\nPoate provoca irita\u021bii ale pielii. A nu se p\u0103stra la \u00eendem\u00e2na copiilor. Dac\u0103 sunte\u021bi \u00eens\u0103rcinat\u0103 sau urma\u021bi un tratament medical, v\u0103 rug\u0103m s\u0103 v\u0103 adresa\u021bi medicului dumneavoastr\u0103. Evita\u021bi contactul cu ochii, urechile interne, fa\u021ba, zonele sensibile \u0219i membranele mucoase Dilua\u021bi \u00eentotdeauna uleiurile topic cu un ulei purt\u0103tor (de exemplu, ulei de cocos frac\u021bionat). Deoarece uleiurile de citrice sunt fotosensibile, nu v\u0103 expune\u021bi la lumina soarelui sau la radia\u021bii UV timp de cel pu\u021bin 12 ore dup\u0103 contactul cu pielea.<\/p>\n","protected":false},"excerpt":{"rendered":"<h2 style=\"font-size: 28px\">Uleiul de onoare pentru corp<\/h2>\n<p>doTERRA Grapefruit &#8211; Pentru a sprijini gestionarea optim\u0103 a greut\u0103\u021bii. De asemenea, ajut\u0103 \u00eempotriva poftelor alimentare. Din punct de vedere emo\u021bional, v\u0103 ajut\u0103 s\u0103 v\u0103 accepta\u021bi propriul corp.<\/p>\n","protected":false},"featured_media":4115,"template":"","meta":{"_et_pb_use_builder":"","_et_pb_old_content":"","_et_gb_content_width":""},"product_cat":[15,50,44,42,2103,1937,1938,1946,1969],"product_tag":[139,138],"_links":{"self":[{"href":"https:\/\/www.magnolioworld.com\/green-ro\/wp-json\/wp\/v2\/product\/644"}],"collection":[{"href":"https:\/\/www.magnolioworld.com\/green-ro\/wp-json\/wp\/v2\/product"}],"about":[{"href":"https:\/\/www.magnolioworld.com\/green-ro\/wp-json\/wp\/v2\/types\/product"}],"wp:featuredmedia":[{"embeddable":true,"href":"https:\/\/www.magnolioworld.com\/green-ro\/wp-json\/wp\/v2\/media\/4115"}],"wp:attachment":[{"href":"https:\/\/www.magnolioworld.com\/green-ro\/wp-json\/wp\/v2\/media?parent=644"}],"wp:term":[{"taxonomy":"product_cat","embeddable":true,"href":"https:\/\/www.magnolioworld.com\/green-ro\/wp-json\/wp\/v2\/product_cat?post=644"},{"taxonomy":"product_tag","embeddable":true,"href":"https:\/\/www.magnolioworld.com\/green-ro\/wp-json\/wp\/v2\/product_tag?post=644"}],"curies":[{"name":"wp","href":"https:\/\/api.w.org\/{rel}","templated":true}]}}