{"id":643,"date":"2020-04-22T14:01:09","date_gmt":"2020-04-22T12:01:09","guid":{"rendered":"https:\/\/www.magnolio.shop\/ginger-ingwer\/"},"modified":"2026-03-15T15:35:13","modified_gmt":"2026-03-15T14:35:13","slug":"ulei-de-ghimbir-doterra-ginger","status":"publish","type":"product","link":"https:\/\/www.magnolioworld.com\/green-ro\/ulei-de-ghimbir-doterra-ginger\/","title":{"rendered":"Ulei de ghimbir &#8211; doTERRA Ginger"},"content":{"rendered":"<p><strong>doTERRA Ginger<\/strong> &#8211; Uleiul r\u0103zboinicului (bl\u00e2nd) &#8211; Ideal pentru rafinarea alimentelor \u0219i b\u0103uturilor \u0219i pentru afec\u021biunile de c\u0103l\u0103torie<\/p>\n<p>Planta de ghimbir cre\u0219te p\u00e2n\u0103 la o \u00een\u0103l\u021bime de peste 1,5 metri \u0219i formeaz\u0103 un portaltoi extins, rizomul. Uleiul esen\u021bial de ghimbir se extrage din rizomul proasp\u0103t al plantei de ghimbir.<\/p>\n<p>Ghimbirul este unul dintre cele mai importante ingrediente din multe feluri de m\u00e2ncare asiatice \u0219i are o arom\u0103 \u00een\u021bep\u0103toare \u0219i aromat\u0103 atunci c\u00e2nd este folosit ca \u0219i condiment \u00een buc\u0103t\u0103rie. \u00cen tradi\u021bia occidental\u0103, ghimbirul este folosit cel mai des \u00een dulciuri: Turta dulce \u0219i biscui\u021bii cu ghimbir sunt doar dou\u0103 exemple.  <\/p>\n<p>Uleiul poate fi folosit \u0219i pentru a trata disconfortul \u00een timpul c\u0103l\u0103toriilor.<\/p>\n<p>Din punct de vedere emo\u021bional, uleiul r\u0103zboinicului ne ajut\u0103 s\u0103 ne sim\u021bim puternici \u00een toate situa\u021biile de via\u021b\u0103 \u0219i s\u0103 r\u0103m\u00e2nem fermi chiar \u0219i \u00een momentele dificile.<\/p>\n<p><strong>Recomandare<\/strong><br \/>\nAromatic: Nebuliza\u021bi 3-4 pic\u0103turi de doTERRA Ginger \u00eentr-un difuzor pentru \u00eent\u0103rire interioar\u0103.<br \/>\nIntern: Ad\u0103uga\u021bi 1 pic\u0103tur\u0103 de ulei de ghimbir la 125 ml de lichid pentru a contracara disconfortul. Ghimbirul este ideal pentru a ad\u0103uga o arom\u0103 subtil\u0103 b\u0103uturilor amestecate, produselor de patiserie, deserturilor sau m\u00e2nc\u0103rurilor asiatice. Se poate combina bine cu cardamomul \u0219i menta verde.<\/p>\n<p><strong>Utilizare sigur\u0103<\/strong><br \/>\nPoate provoca irita\u021bii ale pielii. A nu se p\u0103stra la \u00eendem\u00e2na copiilor. Dac\u0103 sunte\u021bi \u00eens\u0103rcinat\u0103 sau urma\u021bi un tratament medical, v\u0103 rug\u0103m s\u0103 v\u0103 adresa\u021bi medicului dumneavoastr\u0103. Evita\u021bi contactul cu ochii, urechile interne, fa\u021ba, zonele sensibile \u0219i membranele mucoase Dilua\u021bi \u00eentotdeauna uleiurile topic cu un ulei purt\u0103tor (de exemplu, ulei de cocos frac\u021bionat).<\/p>\n","protected":false},"excerpt":{"rendered":"<h2 style=\"font-size: 28px\">Uleiul r\u0103zboinicului (bl\u00e2nd)<\/h2>\n<p>doTERRA Ginger &#8211; Ideal pentru rafinarea deserturilor, a produselor de patiserie \u0219i a m\u00e2nc\u0103rurilor asiatice. Din punct de vedere emo\u021bional, ofer\u0103 for\u021b\u0103 interioar\u0103 \u0219i o u\u0219oar\u0103 disponibilitate de ap\u0103rare. On ajut\u0103 \u00eempotriva disconfortului &#8211; mai ales \u00een timpul c\u0103l\u0103toriilor.<\/p>\n","protected":false},"featured_media":4113,"template":"","meta":{"_et_pb_use_builder":"","_et_pb_old_content":"","_et_gb_content_width":""},"product_cat":[15,50,41,42,47,1938,1944,1946,1969,1987,1988],"product_tag":[136,137],"_links":{"self":[{"href":"https:\/\/www.magnolioworld.com\/green-ro\/wp-json\/wp\/v2\/product\/643"}],"collection":[{"href":"https:\/\/www.magnolioworld.com\/green-ro\/wp-json\/wp\/v2\/product"}],"about":[{"href":"https:\/\/www.magnolioworld.com\/green-ro\/wp-json\/wp\/v2\/types\/product"}],"wp:featuredmedia":[{"embeddable":true,"href":"https:\/\/www.magnolioworld.com\/green-ro\/wp-json\/wp\/v2\/media\/4113"}],"wp:attachment":[{"href":"https:\/\/www.magnolioworld.com\/green-ro\/wp-json\/wp\/v2\/media?parent=643"}],"wp:term":[{"taxonomy":"product_cat","embeddable":true,"href":"https:\/\/www.magnolioworld.com\/green-ro\/wp-json\/wp\/v2\/product_cat?post=643"},{"taxonomy":"product_tag","embeddable":true,"href":"https:\/\/www.magnolioworld.com\/green-ro\/wp-json\/wp\/v2\/product_tag?post=643"}],"curies":[{"name":"wp","href":"https:\/\/api.w.org\/{rel}","templated":true}]}}