{"id":642,"date":"2020-04-22T14:01:09","date_gmt":"2020-04-22T12:01:09","guid":{"rendered":"https:\/\/www.magnolio.shop\/geranium-geranie\/"},"modified":"2026-04-10T13:25:00","modified_gmt":"2026-04-10T11:25:00","slug":"ulei-de-geranium-doterra-geranium","status":"publish","type":"product","link":"https:\/\/www.magnolioworld.com\/green-ro\/ulei-de-geranium-doterra-geranium\/","title":{"rendered":"Ulei de geranium &#8211; doTERRA Geranium"},"content":{"rendered":"<p><strong>doTERRA Geranium<\/strong> &#8211; Promoveaz\u0103 echilibrul \u0219i ne \u00eenv\u0103luie minunat \u00een parfumuri florale iubitoare<\/p>\n<p>Geraniile fac parte din genul de plante Pelargonium. De\u0219i exist\u0103 peste 200 de soiuri diferite de flori de pelargonium, doar c\u00e2teva dintre ele sunt folosite ca uleiuri esen\u021biale. Uleiul esen\u021bial de geranium favorizeaz\u0103 o piele curat\u0103 \u0219i un p\u0103r s\u0103n\u0103tos. Prin urmare, poate fi g\u0103sit \u00een multe produse de \u00eengrijire a pielii \u0219i a p\u0103rului.<\/p>\n<p>Aroma floral\u0103 lini\u0219titoare a uleiului de geranium promoveaz\u0103, de asemenea, un sentiment de calm, echilibru \u0219i d\u0103 senza\u021bia de a putea renun\u021ba. Ca toate uleiurile de flori, este \u00een\u0103l\u021b\u0103tor pentru inim\u0103 \u0219i sim\u021buri. Nu degeaba uleiul de geranium este numit uleiul iubirii \u0219i al \u00eencrederii. At\u00e2t de important, mai ales \u00een aceste vremuri dificile.<\/p>\n<p>Arom\u0103 ideal\u0103 \u00een difuzor sau ca adaos la \u00eengrijirea fe\u021bei \u0219i a corpului.<\/p>\n<p><strong>Recomandare<\/strong><br \/>\nAromatic: Ad\u0103uga\u021bi 3-4 pic\u0103turi \u00eentr-un difuzor pentru o relaxare optim\u0103 \u0219i o atmosfer\u0103 plin\u0103 de iubire. Inhala\u021bi profund uleiul prin \u00eencheieturile m\u00e2inilor pentru efectul emo\u021bional de iubire \u0219i \u00eencredere.<br \/>\nTopic: Ad\u0103uga\u021bi 1 pic\u0103tur\u0103 \u00een crema hidratant\u0103 \u0219i r\u0103sf\u0103\u021ba\u021bi-v\u0103 pielea cu parfumul floral. Pentru un p\u0103r str\u0103lucitor, este suficient s\u0103 ad\u0103uga\u021bi 1-2 pic\u0103turi \u00een \u0219ampon sau balsam. C\u00e2teva pic\u0103turi \u00een \u00eengrijirea corpului v\u0103 vor r\u0103sf\u0103\u021ba pielea toat\u0103 ziua cu acest minunat parfum floral.<\/p>\n<p><strong>Utilizare sigur\u0103<\/strong><br \/>\nPoate provoca irita\u021bii ale pielii. A nu se p\u0103stra la \u00eendem\u00e2na copiilor. Dac\u0103 sunte\u021bi \u00eens\u0103rcinat\u0103 sau urma\u021bi un tratament medical, v\u0103 rug\u0103m s\u0103 v\u0103 adresa\u021bi medicului dumneavoastr\u0103. Evita\u021bi contactul cu ochii, urechile interne, fa\u021ba, zonele sensibile \u0219i membranele mucoase. Pentru uz topic, v\u0103 rug\u0103m s\u0103 dilua\u021bi \u00eentotdeauna uleiurile cu un ulei purt\u0103tor (de exemplu, ulei de cocos frac\u021bionat).<\/p>\n","protected":false},"excerpt":{"rendered":"<h2 style=\"font-size: 28px\">Uleiul iubirii \u0219i al \u00eencrederii<\/h2>\n<p><strong>doTERRA Geranium &#8211; ideal pentru<\/strong> \u00eengrijirea intensiv\u0103 a p\u0103rului \u0219i a pielii. Aroma floral\u0103 lini\u0219titoare a uleiului de geraniu promoveaz\u0103 un sentiment de calm, echilibru \u0219i v\u0103 ajut\u0103 s\u0103 ave\u021bi \u00eencredere, s\u0103 ar\u0103ta\u021bi \u0219i s\u0103 tr\u0103i\u021bi iubirea. Ideal pentru coaching \u0219i practic\u0103 terapeutic\u0103.<\/p>\n","protected":false},"featured_media":4146,"template":"","meta":{"_et_pb_use_builder":"","_et_pb_old_content":"","_et_gb_content_width":""},"product_cat":[15,50,42,1968,1970],"product_tag":[135,134],"_links":{"self":[{"href":"https:\/\/www.magnolioworld.com\/green-ro\/wp-json\/wp\/v2\/product\/642"}],"collection":[{"href":"https:\/\/www.magnolioworld.com\/green-ro\/wp-json\/wp\/v2\/product"}],"about":[{"href":"https:\/\/www.magnolioworld.com\/green-ro\/wp-json\/wp\/v2\/types\/product"}],"wp:featuredmedia":[{"embeddable":true,"href":"https:\/\/www.magnolioworld.com\/green-ro\/wp-json\/wp\/v2\/media\/4146"}],"wp:attachment":[{"href":"https:\/\/www.magnolioworld.com\/green-ro\/wp-json\/wp\/v2\/media?parent=642"}],"wp:term":[{"taxonomy":"product_cat","embeddable":true,"href":"https:\/\/www.magnolioworld.com\/green-ro\/wp-json\/wp\/v2\/product_cat?post=642"},{"taxonomy":"product_tag","embeddable":true,"href":"https:\/\/www.magnolioworld.com\/green-ro\/wp-json\/wp\/v2\/product_tag?post=642"}],"curies":[{"name":"wp","href":"https:\/\/api.w.org\/{rel}","templated":true}]}}