{"id":640,"date":"2020-04-22T14:01:08","date_gmt":"2020-04-22T12:01:08","guid":{"rendered":"https:\/\/www.magnolio.shop\/fennel-fenchel\/"},"modified":"2026-02-09T17:40:55","modified_gmt":"2026-02-09T16:40:55","slug":"ulei-de-fenicul-doterra-fennel","status":"publish","type":"product","link":"https:\/\/www.magnolioworld.com\/green-ro\/ulei-de-fenicul-doterra-fennel\/","title":{"rendered":"Ulei de fenicul &#8211; doTERRA Fennel"},"content":{"rendered":"<p><strong>doTERRA Fennel <\/strong>&#8211; echilibrant \u0219i calmant pentru digestie \u0219i respira\u021bie<\/p>\n<p>Feniculul poate cre\u0219te p\u00e2n\u0103 la doi metri \u00een\u0103l\u021bime \u0219i are frunze delicate, pline de pene. Aroma dulce, p\u0103m\u00e2ntie, asem\u0103n\u0103toare cu cea a anasonului, a uleiului esen\u021bial de fenicul doTERRA este foarte intens\u0103, revitalizant\u0103 \u0219i echilibrant\u0103. Naturopatia atribuie feniculului influen\u021be pozitive asupra sistemelor circulator, glandular, respirator \u0219i digestiv. Aceasta poate fi folosit\u0103 \u00een acest ulei \u00eentr-un mod minunat de eficient.<br \/>\nPentru a sus\u021bine stomacul \u0219i digestia, uleiul de fenicul poate fi administrat \u00een ap\u0103 (a se vedea recomandarea de mai jos) sau administrat intern sub form\u0103 de capsule:<\/p>\n<p>Fiind un ulei al responsabilit\u0103\u021bii, doTERRA Fennel ne ajut\u0103 s\u0103 ne asum\u0103m responsabilitatea pentru noi \u00een\u0219ine \u0219i pentru via\u021ba noastr\u0103 \u0219i s\u0103 ne sus\u021binem ac\u021biunile.<\/p>\n<p><strong>Recomandare<br \/>\n<\/strong>Aromatic: Ad\u0103uga\u021bi 3-4 pic\u0103turi de ulei \u00een difuzor pentru nebulizare. Pentru a ob\u021bine un efect calmant \u0219i relaxant, este suficient s\u0103 amesteca\u021bi 3-4 pic\u0103turi de uleiuri esen\u021biale de chiparos, ment\u0103 \u0219i brad Douglas.<br \/>\nIntern: Da\u021bi max.1 Ad\u0103uga\u021bi pic\u0103turi de ulei de fenicul pentru a aromatiza m\u00e2nc\u0103rurile, \u00een loc de plante de fenicul. Ad\u0103uga\u021bi o cantitate mic\u0103 \u00een salata de castrave\u021bi sau \u00een pasta de fasole alb\u0103 pentru o arom\u0103 puternic\u0103 \u0219i picant\u0103. V\u0103 rug\u0103m s\u0103 re\u021bine\u021bi: Mai pu\u021bin \u00eenseamn\u0103 mai mult. O cantitate mic\u0103 de ulei (v\u00e2rful unei scobitori) este adesea suficient\u0103.<br \/>\nLua\u021bi 1 pic\u0103tur\u0103 \u00een 125 ml de ap\u0103 pentru a ameliora senza\u021bia de sa\u021bietate dup\u0103 ce m\u00e2nca\u021bi sau \u00een caz de poft\u0103 de m\u00e2ncare.<br \/>\nTopic: Pentru masaj, se amestec\u0103 5 pic\u0103turi cu 10 ml de ulei purt\u0103tor. Ca aditiv pentru baie, se amestec\u0103 5 pic\u0103turi cu 5 ml de ulei purt\u0103tor.<\/p>\n<p><strong>Utilizare sigur\u0103<\/strong><br \/>\nSe utilizeaz\u0103 intern maximum 1 pic\u0103tur\u0103 pe zi. Poate provoca irita\u021bii ale pielii. A nu se p\u0103stra la \u00eendem\u00e2na copiilor. Dac\u0103 sunte\u021bi \u00eens\u0103rcinat\u0103 sau urma\u021bi un tratament medical, v\u0103 rug\u0103m s\u0103 v\u0103 adresa\u021bi medicului dumneavoastr\u0103. Evita\u021bi contactul cu ochii, urechile interne, fa\u021ba, zonele sensibile \u0219i membranele mucoase Dilua\u021bi \u00eentotdeauna uleiurile topic cu un ulei purt\u0103tor (de exemplu, ulei de cocos frac\u021bionat).<\/p>\n","protected":false},"excerpt":{"rendered":"<h2 style=\"font-size: 28px;\">Uleiul responsabilit\u0103\u021bii<\/h2>\n<p>doTERRA Fennel &#8211; Pentru echilibrarea \u0219i calmarea digestiei \u0219i a respira\u021biei. Dizolva\u021bi uleiul de fenicul \u00een 125 ml de ap\u0103 dup\u0103 o mas\u0103 mare \u0219i be\u021bi pentru a evita senza\u021bia de sa\u021bietate. Din punct de vedere emo\u021bional, ne ajut\u0103 s\u0103 ne asum\u0103m responsabilitatea pentru via\u021ba noastr\u0103 \u0219i s\u0103 o punem \u00een practic\u0103.<\/p>\n","protected":false},"featured_media":4208,"template":"","meta":{"_et_pb_use_builder":"","_et_pb_old_content":"","_et_gb_content_width":""},"product_cat":[15,50,47,1987,1988],"product_tag":[129,128],"_links":{"self":[{"href":"https:\/\/www.magnolioworld.com\/green-ro\/wp-json\/wp\/v2\/product\/640"}],"collection":[{"href":"https:\/\/www.magnolioworld.com\/green-ro\/wp-json\/wp\/v2\/product"}],"about":[{"href":"https:\/\/www.magnolioworld.com\/green-ro\/wp-json\/wp\/v2\/types\/product"}],"wp:featuredmedia":[{"embeddable":true,"href":"https:\/\/www.magnolioworld.com\/green-ro\/wp-json\/wp\/v2\/media\/4208"}],"wp:attachment":[{"href":"https:\/\/www.magnolioworld.com\/green-ro\/wp-json\/wp\/v2\/media?parent=640"}],"wp:term":[{"taxonomy":"product_cat","embeddable":true,"href":"https:\/\/www.magnolioworld.com\/green-ro\/wp-json\/wp\/v2\/product_cat?post=640"},{"taxonomy":"product_tag","embeddable":true,"href":"https:\/\/www.magnolioworld.com\/green-ro\/wp-json\/wp\/v2\/product_tag?post=640"}],"curies":[{"name":"wp","href":"https:\/\/api.w.org\/{rel}","templated":true}]}}