{"id":637,"date":"2020-04-22T14:01:08","date_gmt":"2020-04-22T12:01:08","guid":{"rendered":"https:\/\/www.magnolio.shop\/cypress-zypresse\/"},"modified":"2025-05-23T13:09:38","modified_gmt":"2025-05-23T11:09:38","slug":"ulei-de-chiparos-doterra-cypress","status":"publish","type":"product","link":"https:\/\/www.magnolioworld.com\/green-ro\/ulei-de-chiparos-doterra-cypress\/","title":{"rendered":"Ulei de chiparos &#8211; doTERRA Cypress"},"content":{"rendered":"<p><strong>doTERRA Cypress<\/strong> &#8211; Face ca totul s\u0103 curg\u0103<br \/>\n<strong><br \/>\n<\/strong>Uleiul esen\u021bial de chiparos aduce totul \u00een flux, at\u00e2t fizic, c\u00e2t \u0219i mental. Se ob\u021bine prin distilare cu aburi din ramurile de chiparos ve\u0219nic verde \u0219i cu cre\u0219tere \u00eenalt\u0103.  <\/p>\n<p>Uleiul de <strong>chirpici doTERRA <\/strong>are un parfum proasp\u0103t, limpede, cu efect energizant \u0219i revigorant. Printre altele, chiparosul are un efect de echilibrare \u0219i, prin urmare, este adesea folosit pentru tratamente de wellness \u0219i masaje.  <br \/>\nFiind un ulei al mi\u0219c\u0103rii \u0219i al fluxului, uleiul de chiparos ajut\u0103 \u00een cazul problemelor de circula\u021bie \u0219i al tensiunii musculare. De asemenea, are un efect motivant \u0219i ajut\u0103 la punerea \u00een practic\u0103 a lucrurilor.<\/p>\n<p>Ideal pentru a fi aplicat diluat cu ulei purt\u0103tor \u00een zonele stresate sau pentru a fi pulverizat aromatic \u00een camer\u0103 \u00eentr-un difuzor.<\/p>\n<p><strong>Recomandare<\/strong><br \/>\nAromatic: Ad\u0103uga\u021bi 3-4 pic\u0103turi de doTERRA Cypress \u00eentr-un difuzor. Ideal \u00eempreun\u0103 cu uleiuri de citrice.  <br \/>\nTopic\u0103: Poate fi inclus\u0103 \u00een \u00eengrijirea zilnic\u0103 a fe\u021bei pentru o piele curat\u0103 \u0219i proasp\u0103t\u0103. Pur \u0219i simplu ad\u0103uga\u021bi 1-2 pic\u0103turi de ulei \u00een toner sau \u00een crema de fa\u021b\u0103. Ideal pentru echilibrarea pielii grase.  <br \/>\nPentru mai mult\u0103 energie, se aplic\u0103 pe picioare \u00eempreun\u0103 cu ulei purt\u0103tor \u00eenainte de activit\u0103\u021bile sportive.<br \/>\nAmesteca\u021bi 5 pic\u0103turi cu 10 ml de ulei purt\u0103tor pentru un masaj relaxant dup\u0103 o zi obositoare.  <br \/>\nPentru o baie relaxant\u0103, se amestec\u0103 5 pic\u0103turi cu 5 ml de ulei purt\u0103tor sau lapte sau crem\u0103 de migdale.<\/p>\n<p><strong>Utilizare sigur\u0103<\/strong><br \/>\nPoate provoca irita\u021bii ale pielii. A nu se p\u0103stra la \u00eendem\u00e2na copiilor. Dac\u0103 sunte\u021bi \u00eens\u0103rcinat\u0103 sau urma\u021bi un tratament medical, v\u0103 rug\u0103m s\u0103 v\u0103 adresa\u021bi medicului dumneavoastr\u0103. Evita\u021bi contactul cu ochii, urechile interne, fa\u021ba, zonele sensibile \u0219i membranele mucoase. Pentru uz topic, v\u0103 rug\u0103m s\u0103 dilua\u021bi \u00eentotdeauna uleiurile cu un ulei purt\u0103tor (de exemplu, ulei de cocos frac\u021bionat).<\/p>\n","protected":false},"excerpt":{"rendered":"<h2 style=\"font-size: 28px\">Ulei de mi\u0219care \u0219i de curgere<\/h2>\n<p>doTERRA Cypress &#8211; Sus\u021bine problemele de circula\u021bie a s\u00e2ngelui \u0219i tensiunea muscular\u0103. Din punct de vedere emo\u021bional, are un efect motivant, pune \u00een mi\u0219care procesele ezitante \u0219i ajut\u0103 la punerea \u00een practic\u0103 a lucrurilor.<\/p>\n","protected":false},"featured_media":4178,"template":"","meta":{"_et_pb_use_builder":"","_et_pb_old_content":"","_et_gb_content_width":""},"product_cat":[15,50,42,1937,1942,1944,1968,1970],"product_tag":[122,123],"_links":{"self":[{"href":"https:\/\/www.magnolioworld.com\/green-ro\/wp-json\/wp\/v2\/product\/637"}],"collection":[{"href":"https:\/\/www.magnolioworld.com\/green-ro\/wp-json\/wp\/v2\/product"}],"about":[{"href":"https:\/\/www.magnolioworld.com\/green-ro\/wp-json\/wp\/v2\/types\/product"}],"wp:featuredmedia":[{"embeddable":true,"href":"https:\/\/www.magnolioworld.com\/green-ro\/wp-json\/wp\/v2\/media\/4178"}],"wp:attachment":[{"href":"https:\/\/www.magnolioworld.com\/green-ro\/wp-json\/wp\/v2\/media?parent=637"}],"wp:term":[{"taxonomy":"product_cat","embeddable":true,"href":"https:\/\/www.magnolioworld.com\/green-ro\/wp-json\/wp\/v2\/product_cat?post=637"},{"taxonomy":"product_tag","embeddable":true,"href":"https:\/\/www.magnolioworld.com\/green-ro\/wp-json\/wp\/v2\/product_tag?post=637"}],"curies":[{"name":"wp","href":"https:\/\/api.w.org\/{rel}","templated":true}]}}