{"id":636,"date":"2020-04-22T14:01:08","date_gmt":"2020-04-22T12:01:08","guid":{"rendered":"https:\/\/www.magnolio.shop\/coriander-koriander\/"},"modified":"2025-05-23T13:09:12","modified_gmt":"2025-05-23T11:09:12","slug":"ulei-de-coriandru-doterra-coriandru","status":"publish","type":"product","link":"https:\/\/www.magnolioworld.com\/green-ro\/ulei-de-coriandru-doterra-coriandru\/","title":{"rendered":"Ulei de coriandru &#8211; doTERRA Coriandru"},"content":{"rendered":"<p><strong>doTERRA Coriandru<\/strong> &#8211; Ideal pentru detoxifiere \u0219i pentru a renun\u021ba la vechi.  <\/p>\n<p>Coriandrul este o plant\u0103 anual\u0103 care cre\u0219te p\u00e2n\u0103 la o \u00een\u0103l\u021bime de pu\u021bin sub un metru \u0219i este foarte aromat\u0103. Semin\u021bele de coriandru au un con\u021binut ridicat de linalool, care ajut\u0103 pielea s\u0103 dezvolte un ten cu aspect proasp\u0103t. Uleiul de plante dulci poate avea un efect calmant \u0219i este at\u00e2t relaxant, c\u00e2t \u0219i stimulativ. Un amestec de uleiuri cu <strong>doTERRA Coriandru<\/strong> este caracterizat de o not\u0103 proasp\u0103t\u0103, organic\u0103.<\/p>\n<p>Din punct de vedere emo\u021bional, este uleiul loialit\u0103\u021bii \u0219i ajut\u0103 la stabilirea limitelor atunci c\u00e2nd loialitatea este \u00een\u021beleas\u0103 gre\u0219it \u0219i pentru a evita s\u0103 se profite de ea. Pentru uz emo\u021bional, se recomand\u0103 nebulizarea uleiului. sau inspira\u021bi ad\u00e2nc prin palmele m\u00e2inilor.<\/p>\n<p><strong>Recomandare<br \/>\n<\/strong>Aromatic: Ad\u0103uga\u021bi 3-4 pic\u0103turi \u00een difuzor pentru un aer ambiental pl\u0103cut \u0219i dezodorizat. Pentru o atitudine optimist\u0103 \u0219i pozitiv\u0103, amesteca\u021bi 2 pic\u0103turi de coriandru, amestecul doTERRA Balance \u0219i ment\u0103.<br \/>\nIntern: Da\u021bi max.1 Ad\u0103uga\u021bi pic\u0103turi pentru a rafina m\u00e2nc\u0103rurile asiatice \u0219i curry. V\u0103 rug\u0103m s\u0103 re\u021bine\u021bi: Mai pu\u021bin \u00eenseamn\u0103 mai mult. O cantitate mic\u0103 de ulei (v\u00e2rful unei scobitori) este adesea suficient\u0103.<br \/>\nLua\u021bi 1 pic\u0103tur\u0103 \u00een 125 ml de ap\u0103 pentru a ameliora balonarea dup\u0103 mese sau diminea\u021ba cu ap\u0103 c\u0103ldu\u021b\u0103 pentru a sus\u021bine detoxifierea.<\/p>\n<p><strong>Utilizare sigur\u0103<\/strong><br \/>\nV\u0103 rug\u0103m s\u0103 ave\u021bi grij\u0103 s\u0103 nu folosi\u021bi mai mult de 1 pic\u0103tur\u0103 pe zi pe cale intern\u0103. A nu se p\u0103stra la \u00eendem\u00e2na copiilor. Dac\u0103 sunte\u021bi \u00eens\u0103rcinat\u0103 sau urma\u021bi un tratament medical, v\u0103 rug\u0103m s\u0103 v\u0103 adresa\u021bi medicului dumneavoastr\u0103. Evita\u021bi contactul cu ochii, urechile interne, fa\u021ba, zonele sensibile \u0219i membranele mucoase. Atunci c\u00e2nd sunt utilizate local, dilua\u021bi \u00eentotdeauna uleiurile cu un ulei purt\u0103tor (de exemplu, ulei de cocos frac\u021bionat).<\/p>\n","protected":false},"excerpt":{"rendered":"<h2 style=\"font-size: 28px\">Uleiul de loialitate  <\/h2>\n<p>doTERRA Coriandru &#8211; Poate fi folosit pentru a aromatiza m\u00e2nc\u0103rurile \u0219i curry-urile asiatice. Din punct de vedere emo\u021bional, ajut\u0103 s\u0103 renun\u021bi la lucrurile vechi \u0219i s\u0103 adop\u021bi o atitudine pozitiv\u0103 \u0219i optimist\u0103.<\/p>\n","protected":false},"featured_media":4156,"template":"","meta":{"_et_pb_use_builder":"","_et_pb_old_content":"","_et_gb_content_width":""},"product_cat":[15,50],"product_tag":[120,121],"_links":{"self":[{"href":"https:\/\/www.magnolioworld.com\/green-ro\/wp-json\/wp\/v2\/product\/636"}],"collection":[{"href":"https:\/\/www.magnolioworld.com\/green-ro\/wp-json\/wp\/v2\/product"}],"about":[{"href":"https:\/\/www.magnolioworld.com\/green-ro\/wp-json\/wp\/v2\/types\/product"}],"wp:featuredmedia":[{"embeddable":true,"href":"https:\/\/www.magnolioworld.com\/green-ro\/wp-json\/wp\/v2\/media\/4156"}],"wp:attachment":[{"href":"https:\/\/www.magnolioworld.com\/green-ro\/wp-json\/wp\/v2\/media?parent=636"}],"wp:term":[{"taxonomy":"product_cat","embeddable":true,"href":"https:\/\/www.magnolioworld.com\/green-ro\/wp-json\/wp\/v2\/product_cat?post=636"},{"taxonomy":"product_tag","embeddable":true,"href":"https:\/\/www.magnolioworld.com\/green-ro\/wp-json\/wp\/v2\/product_tag?post=636"}],"curies":[{"name":"wp","href":"https:\/\/api.w.org\/{rel}","templated":true}]}}