{"id":633,"date":"2020-04-22T14:01:06","date_gmt":"2020-04-22T12:01:06","guid":{"rendered":"https:\/\/www.magnolio.shop\/cinnamon-bark-zimtrinde\/"},"modified":"2025-11-24T17:16:12","modified_gmt":"2025-11-24T16:16:12","slug":"ulei-de-scortisoara-doterra-cinnamon-bark","status":"publish","type":"product","link":"https:\/\/www.magnolioworld.com\/green-ro\/ulei-de-scortisoara-doterra-cinnamon-bark\/","title":{"rendered":"Ulei de scor\u021bi\u0219oar\u0103 &#8211; doTERRA Cinnamon Bark"},"content":{"rendered":"<p><strong>doTERRA Cinnamon Bark<\/strong> &#8211; Ideal\u0103 pentru aromatizarea natural\u0103 a alimentelor \u0219i b\u0103uturilor \u0219i pentru sus\u021binerea \u00eenc\u0103lzirii \u00een sezonul rece<\/p>\n<p>Scor\u021bi\u0219oara provine de la un copac tropical, ve\u0219nic verde, care cre\u0219te p\u00e2n\u0103 la 14 metri \u00een\u0103l\u021bime \u0219i are scoar\u021ba, frunzele \u0219i florile puternic parfumate. Con\u021binutul ridicat de cinnamaldehid\u0103 din uleiul esen\u021bial de scor\u021bi\u0219oar\u0103 din scoar\u021ba copacului \u00eenseamn\u0103 c\u0103 este necesar\u0103 doar o singur\u0103 pic\u0103tur\u0103 pentru uz intern.  <\/p>\n<p><strong>Scoar\u021ba de scor\u021bi\u0219oar\u0103 doTERRA<\/strong> este adesea folosit\u0103 pentru apa de gur\u0103 \u0219i \u00een guma de mestecat. A fost folosit ca arom\u0103 pentru deserturi, antreuri \u0219i b\u0103uturi calde din timpuri imemoriale.<\/p>\n<p><strong>Recomandare<\/strong><br \/>\nAromatic: Pentru o atmosfer\u0103 cald\u0103 \u0219i primitoare, ad\u0103uga\u021bi 3-4 pic\u0103turi de scor\u021bi\u0219oar\u0103 doTERRA Cinnamon Bark.<br \/>\nIntern: Da\u021bi max.1 Pic\u0103turi \u00een 125 ml \u00een lichid rece sau cald. De asemenea, potrivit pentru rafinarea m\u00e2nc\u0103rurilor \u0219i a produselor de patiserie \u0219i \u00een loc de scor\u021bi\u0219oar\u0103. V\u0103 rug\u0103m s\u0103 re\u021bine\u021bi: Mai pu\u021bin \u00eenseamn\u0103 mai mult. O cantitate foarte mic\u0103 este adesea suficient\u0103 pentru o arom\u0103 plin\u0103 de substan\u021b\u0103 (v\u00e2rful unei scobitori).<br \/>\nPentru o respira\u021bie proasp\u0103t\u0103, pute\u021bi folosi, de asemenea, 1 pic\u0103tur\u0103 de scor\u021bi\u0219oar\u0103 doTERRA Cinnamon Bark \u00een 100 ml de ap\u0103 ca ap\u0103 de gur\u0103.<br \/>\nTopic: ca masaj de \u00eenc\u0103lzire pentru articula\u021bii \u0219i mu\u0219chi, se amestec\u0103 5 pic\u0103turi cu 10 ml de ulei purt\u0103tor. Se dilueaz\u0103 5 pic\u0103turi cu 5 ml de ulei purt\u0103tor sau lapte sau crem\u0103 de migdale pentru o baie relaxant\u0103, cald\u0103 \u0219i lini\u0219titoare.  <\/p>\n<p><strong>Utilizare sigur\u0103<\/strong><br \/>\nV\u0103 rug\u0103m s\u0103 ave\u021bi grij\u0103 s\u0103 nu folosi\u021bi mai mult de 1 pic\u0103tur\u0103 pe zi pe cale intern\u0103. A nu se p\u0103stra la \u00eendem\u00e2na copiilor. Dac\u0103 sunte\u021bi \u00eens\u0103rcinat\u0103 \u0219i urma\u021bi un tratament medical, v\u0103 rug\u0103m s\u0103 v\u0103 adresa\u021bi medicului dumneavoastr\u0103. Evita\u021bi contactul cu ochii, urechile interne, fa\u021ba, zonele sensibile \u0219i membranele mucoase. Atunci c\u00e2nd sunt utilizate local, dilua\u021bi \u00eentotdeauna uleiurile cu un ulei purt\u0103tor (de exemplu, ulei de cocos frac\u021bionat).<\/p>\n","protected":false},"excerpt":{"rendered":"<h2 style=\"font-size: 28px\">Uleiul de armonie<\/h2>\n<p>Uleiul esen\u021bial de scoar\u021b\u0103 de scor\u021bi\u0219oar\u0103 poate fi folosit pentru a rafina alimentele \u0219i b\u0103uturile \u0219i creeaz\u0103 imediat o atmosfer\u0103 cald\u0103 \u0219i armonioas\u0103.<\/p>\n","protected":false},"featured_media":4209,"template":"","meta":{"_et_pb_use_builder":"","_et_pb_old_content":"","_et_gb_content_width":""},"product_cat":[15,50,42,1938,1969],"product_tag":[110,106,104,109,107,108,105],"_links":{"self":[{"href":"https:\/\/www.magnolioworld.com\/green-ro\/wp-json\/wp\/v2\/product\/633"}],"collection":[{"href":"https:\/\/www.magnolioworld.com\/green-ro\/wp-json\/wp\/v2\/product"}],"about":[{"href":"https:\/\/www.magnolioworld.com\/green-ro\/wp-json\/wp\/v2\/types\/product"}],"wp:featuredmedia":[{"embeddable":true,"href":"https:\/\/www.magnolioworld.com\/green-ro\/wp-json\/wp\/v2\/media\/4209"}],"wp:attachment":[{"href":"https:\/\/www.magnolioworld.com\/green-ro\/wp-json\/wp\/v2\/media?parent=633"}],"wp:term":[{"taxonomy":"product_cat","embeddable":true,"href":"https:\/\/www.magnolioworld.com\/green-ro\/wp-json\/wp\/v2\/product_cat?post=633"},{"taxonomy":"product_tag","embeddable":true,"href":"https:\/\/www.magnolioworld.com\/green-ro\/wp-json\/wp\/v2\/product_tag?post=633"}],"curies":[{"name":"wp","href":"https:\/\/api.w.org\/{rel}","templated":true}]}}