{"id":631,"date":"2020-04-22T14:01:06","date_gmt":"2020-04-22T12:01:06","guid":{"rendered":"https:\/\/www.magnolio.shop\/cedarwood-zeder\/"},"modified":"2025-11-17T17:44:55","modified_gmt":"2025-11-17T16:44:55","slug":"ulei-de-lemn-de-cedru-doterra-cedarwood","status":"publish","type":"product","link":"https:\/\/www.magnolioworld.com\/green-ro\/ulei-de-lemn-de-cedru-doterra-cedarwood\/","title":{"rendered":"Ulei de lemn de cedru &#8211; doTERRA Cedarwood"},"content":{"rendered":"<p><strong>  doTERRA Cedarwood &#8211; Minunat de calmant \u0219i de \u00eemp\u0103m\u00e2ntenire<\/strong><\/p>\n<p>Uleiul esen\u021bial de lemn de cedru are un efect foarte calmant \u0219i \u00eemp\u0103m\u00e2ntenitor. Cedrul se g\u0103se\u0219te \u00een climatele reci, unde se dezvolt\u0103 la altitudini mari \u0219i poate atinge o \u00een\u0103l\u021bime de p\u00e2n\u0103 la 30 de metri. Aroma sa de p\u0103m\u00e2nt reflect\u0103 puterea \u0219i dimensiunea cedrului. Uleiul de lemn de cedru are un parfum cald, lemnos \u0219i are numeroase propriet\u0103\u021bi de promovare a s\u0103n\u0103t\u0103\u021bii. Parfumul de cedru ofer\u0103 o senza\u021bie de bun\u0103stare \u0219i vitalitate. Masat local pe piele are un efect de clarificare \u0219i cur\u0103\u021bare. Uleiul de cedru calmeaz\u0103 corpul \u0219i mintea \u00een timpul unui masaj.<\/p>\n<p>Ca ulei comunitar, lemnul de cedru doTERRA are un efect unificator, sus\u021bine comunicarea pozitiv\u0103 \u0219i deschide \u00eent\u00e2lnirile cu alte persoane.<br \/>\nIdeal pentru inhalare \u00eentr-un difuzor sau prin intermediul \u00eencheieturilor. Efectul calmant este cel mai bine gustat \u00een timpul masajelor de wellness sau a unei b\u0103i de binefacere.<\/p>\n<p><strong>Recomandare<\/strong><br \/>\nAromatic: \u00cenmuia\u021bi 3-4 pic\u0103turi pentru mai mult\u0103 \u00eencredere \u00een sine, precum \u0219i pentru echilibru \u0219i relaxare dup\u0103 o zi lung\u0103.  <br \/>\nDe actualitate: Ideal ca motiva\u021bie \u00eenainte de sport. Aplica\u021bi 1-2 pic\u0103turi \u00eempreun\u0103 cu ulei purt\u0103tor pe piept. Pentru imperfec\u021biuni, aplica\u021bi direct pe zona dorit\u0103. Uleiul de lemn de cedru poate fi, de asemenea, \u00eencorporat \u00een rutina zilnic\u0103 de \u00eengrijire a fe\u021bei prin ad\u0103ugarea a 1-2 pic\u0103turi \u00een crema hidratant\u0103 sau \u00een toner. Se amestec\u0103 5 pic\u0103turi cu 10 ml de ulei purt\u0103tor pentru un masaj relaxant. Ca o baie de wellness, se amestec\u0103 5 pic\u0103turi cu 5 ml de ulei purt\u0103tor sau lapte sau crem\u0103 de migdale.<br \/>\nPentru protec\u021bie \u00een aer liber: Aplica\u021bi 1-2 pic\u0103turi \u00eempreun\u0103 cu un ulei purt\u0103tor pe zona care trebuie protejat\u0103.<\/p>\n<p><strong>Utilizare sigur\u0103<\/strong><br \/>\nPoate provoca irita\u021bii ale pielii. A nu se p\u0103stra la \u00eendem\u00e2na copiilor. Dac\u0103 sunte\u021bi \u00eens\u0103rcinat\u0103 sau urma\u021bi un tratament medical, v\u0103 rug\u0103m s\u0103 v\u0103 adresa\u021bi medicului dumneavoastr\u0103. Evita\u021bi contactul cu ochii, urechile interne, fa\u021ba, zonele sensibile \u0219i membranele mucoase. Pentru uz topic, v\u0103 rug\u0103m s\u0103 dilua\u021bi \u00eentotdeauna uleiurile cu un ulei purt\u0103tor (de exemplu, ulei de cocos frac\u021bionat).<\/p>\n","protected":false},"excerpt":{"rendered":"<h2 style=\"font-size: 28px\">Uleiul comunit\u0103\u021bii<\/h2>\n<p>lemn de cedru doTERRA &#8211; Este minunat de calmant \u0219i de \u00eemp\u0103m\u00e2ntenitor. Fiind un ulei comunitar, uleiul de cedru creeaz\u0103 leg\u0103turi \u00eentre oameni \u0219i sprijin\u0103 comunicarea pozitiv\u0103. Ideal pentru munc\u0103 \u0219i acas\u0103. De asemenea, are un efect de sus\u021binere \u00eempotriva irita\u021biilor pielii \u0219i este ideal pentru utilizarea \u00een masaj \u0219i \u00een tratamentele de wellness.<\/p>\n","protected":false},"featured_media":4210,"template":"","meta":{"_et_pb_use_builder":"","_et_pb_old_content":"","_et_gb_content_width":""},"product_cat":[15,50,38,45,1937,1958,1985],"product_tag":[95,97,96,98,99],"_links":{"self":[{"href":"https:\/\/www.magnolioworld.com\/green-ro\/wp-json\/wp\/v2\/product\/631"}],"collection":[{"href":"https:\/\/www.magnolioworld.com\/green-ro\/wp-json\/wp\/v2\/product"}],"about":[{"href":"https:\/\/www.magnolioworld.com\/green-ro\/wp-json\/wp\/v2\/types\/product"}],"wp:featuredmedia":[{"embeddable":true,"href":"https:\/\/www.magnolioworld.com\/green-ro\/wp-json\/wp\/v2\/media\/4210"}],"wp:attachment":[{"href":"https:\/\/www.magnolioworld.com\/green-ro\/wp-json\/wp\/v2\/media?parent=631"}],"wp:term":[{"taxonomy":"product_cat","embeddable":true,"href":"https:\/\/www.magnolioworld.com\/green-ro\/wp-json\/wp\/v2\/product_cat?post=631"},{"taxonomy":"product_tag","embeddable":true,"href":"https:\/\/www.magnolioworld.com\/green-ro\/wp-json\/wp\/v2\/product_tag?post=631"}],"curies":[{"name":"wp","href":"https:\/\/api.w.org\/{rel}","templated":true}]}}