{"id":6302,"date":"2024-02-13T18:55:12","date_gmt":"2024-02-13T17:55:12","guid":{"rendered":"https:\/\/www.magnolio.at\/doterra-aromatouch-training-kit\/"},"modified":"2025-05-06T10:56:36","modified_gmt":"2025-05-06T08:56:36","slug":"doterra-aromatouch-training-kit","status":"publish","type":"product","link":"https:\/\/www.magnolioworld.com\/green-ro\/doterra-aromatouch-training-kit\/","title":{"rendered":"doTERRA AromaTouch Training Kit"},"content":{"rendered":"<p><strong>doTERRA AromaTouch Training Kit\u00a0<\/strong>&#8211; Tot ce ave\u021bi nevoie pentru un \u00eenceput de succes \u00een senza\u021bionala tehnic\u0103 doTERRA AromaTouch, cu acces la cursul de certificare.<\/p>\n<p>Acest kit con\u021bine toate uleiurile de care ave\u021bi nevoie pentru a efectua tehnica relaxant\u0103 Aromatouch. Fie ca un tratament spa lini\u0219titor acas\u0103, fie \u00eentr-un centru spa \u0219i de masaj profesionist.<\/p>\n<p>Setul de formare la un pre\u021b rezonabil con\u021bine tot ce ave\u021bi nevoie pentru a v\u0103 optimiza utilizarea tehnicii unice doTERRA Aromatouch.<br \/>\nVe\u021bi primi 8 uleiuri \u0219i amestecuri de uleiuri (c\u00e2te 15 ml fiecare), precum \u0219i uleiul de cocos frac\u021bionat, hr\u0103nitor \u0219i hidratant, ideal pentru tratament. Ve\u021bi primi acces la cursul de certificare pentru utilizarea optim\u0103 \u0219i profesional\u0103 a tehnicii Aromatouch. <br \/>\nAceasta se va desf\u0103\u0219ura sub conducerea personal\u0103 a inventatorului AromaTouch, fondatorul executiv Dr. David Hill. Imediat ce ve\u021bi primi kitul, ve\u021bi g\u0103si un card voucher cu un cod unic pentru acces gratuit la cursul online.<\/p>\n<p>Aceast\u0103 tehnic\u0103 Aromatouch, dezvoltat\u0103 special de doTERRA, este o modalitate minunat\u0103 de a atenua stresul cronic \u0219i de a ob\u021bine un echilibru mental \u0219i fizic optim.<\/p>\n<p><span style=\"text-decoration: underline;\">Aplicarea are loc \u00een 4 etape succesive:<\/span><\/p>\n<p>1. Echilibrarea stresului: Cu amestecul de uleiuri de \u00eemp\u0103m\u00e2ntare doTERRA Balance \u0219i ulei de lavand\u0103.<br \/>\n2. \u00eent\u0103rirea sistemului imunitar: Cu ulei de arbore de ceai \u0219i amestecul protector doTERRA On Guard<br \/>\n3. echilibreaz\u0103 procesele inflamatorii: Cu amestecul de masaj doTERRA Aromatouch \u0219i amestecul calmant doTERRA Deep Blue.<br \/>\n4. homeostazia (echilibru fizic \u0219i psihic) \u0219i \u00eemprosp\u0103tarea: cu uleiuri de portocal\u0103 s\u0103lbatic\u0103 \u0219i ment\u0103.<\/p>\n<p>Cu doar c\u00e2teva pic\u0103turi din aceste amestecuri \u0219i uleiuri naturale complexe \u0219i parfumate din doTERRA AromaTouch Training Kit, pute\u021bi evoca r\u0103spunsuri emo\u021bionale \u0219i fizice relaxante profunde. Te po\u021bi elibera de poveri, po\u021bi g\u0103si alinare \u0219i \u00eencurajare, po\u021bi fi inspirat sau po\u021bi visa din nou cu pasiune. Dup\u0103 tratament, v\u0103 \u00eentoarce\u021bi acas\u0103 revigorat, echilibrat \u0219i revigorat.<\/p>\n<p>Kitul de reumplere Aromatouch este acum disponibil pentru a v\u0103 reumple setul.<\/p>\n<div class=\"flex flex-grow flex-col gap-3 max-w-full\">\n<div class=\"min-h-[20px] flex flex-col items-start gap-3 whitespace-pre-wrap break-words overflow-x-auto\">\n<div class=\"markdown prose w-full break-words dark:prose-invert dark\">\n<p><strong>doTERRA AromaTouch Training Kit<\/strong> &#8211; Setul ideal pentru o introducere profesional\u0103 \u00een lumea unic\u0103 a tehnologiei doTERRA AromaTouch.<\/p>\n<p>Un cadou deosebit de valoros pentru to\u021bi iubitorii de ulei \u0219i, de asemenea, pentru a v\u0103 r\u0103sf\u0103\u021ba cu el.<\/p>\n<p><strong>Recomandare<\/strong><br \/>\nRe\u021bine\u021bi recomand\u0103rile pentru fiecare produs \u00een parte.<\/p>\n<p><strong>Utilizare sigur\u0103<br \/>\n<\/strong>Respecta\u021bi instruc\u021biunile pentru fiecare produs \u00een parte.<\/p>\n<\/div>\n<\/div>\n<\/div>\n","protected":false},"excerpt":{"rendered":"<h2 style=\"font-size: 28px;\">Setul ideal de ini\u021biere \u00een lumea tehnologiei Aromatouch cu curs de certificare<\/h2>\n<p style=\"font-size: 28px; color: #e20000; font-weight: bold;\">Economisi\u021bi 43 %<\/p>\n<p><strong>doTERRA AromaTouch Training Kit<\/strong> &#8211; Cu acest kit primi\u021bi tot ce ave\u021bi nevoie pentru un \u00eenceput de succes \u00een tehnica senza\u021bional\u0103 doTERRA AromaTouch, cu acces la cursul de certificare. Include 8 uleiuri individuale \u0219i amestecuri de uleiuri (15 ml), precum \u0219i ulei de cocos frac\u021bionat \u0219i un cod voucher pentru cursul de certificare online. Pute\u021bi utiliza tehnica Aromatouch fie ca tratament balnear lini\u0219titor la domiciliu, fie \u00een sectorul spa \u0219i masaj profesional. Tehnica Aromatouch este extraordinar de potrivit\u0103 pentru a aduce corpul \u00een echilibru mental \u0219i fizic.<\/p>\n","protected":false},"featured_media":6306,"template":"","meta":{"_et_pb_use_builder":"","_et_pb_old_content":"","_et_gb_content_width":""},"product_cat":[15,1921,36,38,39,40,41,43,45,1948,1950,1951,1952,1958,1959,1960,1961,1962,2087,1965,1972,1984,1985],"product_tag":[400],"_links":{"self":[{"href":"https:\/\/www.magnolioworld.com\/green-ro\/wp-json\/wp\/v2\/product\/6302"}],"collection":[{"href":"https:\/\/www.magnolioworld.com\/green-ro\/wp-json\/wp\/v2\/product"}],"about":[{"href":"https:\/\/www.magnolioworld.com\/green-ro\/wp-json\/wp\/v2\/types\/product"}],"wp:featuredmedia":[{"embeddable":true,"href":"https:\/\/www.magnolioworld.com\/green-ro\/wp-json\/wp\/v2\/media\/6306"}],"wp:attachment":[{"href":"https:\/\/www.magnolioworld.com\/green-ro\/wp-json\/wp\/v2\/media?parent=6302"}],"wp:term":[{"taxonomy":"product_cat","embeddable":true,"href":"https:\/\/www.magnolioworld.com\/green-ro\/wp-json\/wp\/v2\/product_cat?post=6302"},{"taxonomy":"product_tag","embeddable":true,"href":"https:\/\/www.magnolioworld.com\/green-ro\/wp-json\/wp\/v2\/product_tag?post=6302"}],"curies":[{"name":"wp","href":"https:\/\/api.w.org\/{rel}","templated":true}]}}