{"id":6301,"date":"2024-02-13T18:27:25","date_gmt":"2024-02-13T17:27:25","guid":{"rendered":"https:\/\/www.magnolio.at\/doterra-aromatouch-refill-kit\/"},"modified":"2025-05-06T10:56:59","modified_gmt":"2025-05-06T08:56:59","slug":"doterra-aromatouch-refill-kit","status":"publish","type":"product","link":"https:\/\/www.magnolioworld.com\/green-ro\/doterra-aromatouch-refill-kit\/","title":{"rendered":"doTERRA AromaTouch Refill Kit"},"content":{"rendered":"<p><strong>doTERRA AromaTouch Refill Kit<\/strong> &#8211; Ideal pentru reumplerea produselor cu tehnologie doTERRA AromaTouch<\/p>\n<p>Acest kit con\u021bine toate uleiurile de care ave\u021bi nevoie pentru a efectua tehnica relaxant\u0103 Aromatouch. Fie ca un tratament spa lini\u0219titor acas\u0103, fie \u00eentr-un centru spa \u0219i de masaj profesionist.<br \/>\nSetul ieftin de reumplere con\u021bine 8 uleiuri esen\u021biale (15 ml).<\/p>\n<p>Recomand\u0103m kitul Aromatouch Technique Kit (5 ml + ulei de cocos frac\u021bionat) sau kitul Aromatouch Diffused Kit (de asemenea cu difuzor de petale) pentru \u00eencep\u0103torii \u00een tehnica Aromatouch.<br \/>\nNou \u00een gam\u0103 este setul profesional Aromatouch Training Kit de pornire (8 uleiuri de 15 ml, ulei de cocos frac\u021bionat \u0219i acces la un curs de certificare online).<\/p>\n<p>Aceast\u0103 tehnic\u0103 Aromatouch, dezvoltat\u0103 special de doTERRA, este o modalitate minunat\u0103 de a atenua stresul cronic \u0219i de a ob\u021bine un echilibru mental \u0219i fizic optim.<\/p>\n<p><span style=\"text-decoration: underline;\">Aplicarea are loc \u00een 4 etape succesive:<\/span><\/p>\n<p>1. Echilibrarea stresului: Cu amestecul de uleiuri de \u00eemp\u0103m\u00e2ntare doTERRA Balance \u0219i ulei de lavand\u0103.<br \/>\n2. \u00eent\u0103rirea sistemului imunitar: Cu ulei de arbore de ceai \u0219i amestecul protector doTERRA On Guard<br \/>\n3. echilibreaz\u0103 procesele inflamatorii: Cu amestecul de masaj doTERRA Aromatouch \u0219i amestecul calmant doTERRA Deep Blue.<br \/>\n4. homeostazia (echilibru fizic \u0219i psihic) \u0219i \u00eemprosp\u0103tarea: cu uleiuri de portocal\u0103 s\u0103lbatic\u0103 \u0219i ment\u0103.<\/p>\n<p>Cu doar c\u00e2teva pic\u0103turi din aceste amestecuri \u0219i uleiuri naturale complexe \u0219i parfumate din doTERRA AromaTouch Refill Kit, pute\u021bi evoca r\u0103spunsuri emo\u021bionale \u0219i fizice relaxante profunde. Te po\u021bi elibera de poveri, po\u021bi g\u0103si alinare \u0219i \u00eencurajare, po\u021bi fi inspirat sau po\u021bi visa din nou cu pasiune. Dup\u0103 tratament, v\u0103 \u00eentoarce\u021bi acas\u0103 revigorat, echilibrat \u0219i revigorat.<\/p>\n<div class=\"flex flex-grow flex-col gap-3 max-w-full\">\n<div class=\"min-h-[20px] flex flex-col items-start gap-3 whitespace-pre-wrap break-words overflow-x-auto\">\n<div class=\"markdown prose w-full break-words dark:prose-invert dark\">\n<p><strong>doTERRA AromaTouch Refill Kit<\/strong> &#8211; Setul ideal \u0219i ieftin de 15 ml pentru a reumple produsele AromaTouch existente.<br \/>\nDe asemenea, un cadou valoros pentru to\u021bi utilizatorii tehnologiei Aromatouch.<\/p>\n<p><strong>Recomandare<\/strong><br \/>\nRe\u021bine\u021bi recomand\u0103rile pentru fiecare produs \u00een parte.<\/p>\n<p><strong>Utilizare sigur\u0103<br \/>\n<\/strong>Respecta\u021bi instruc\u021biunile pentru fiecare produs \u00een parte.<\/p>\n<\/div>\n<\/div>\n<\/div>\n","protected":false},"excerpt":{"rendered":"<h2 style=\"font-size: 28px;\">Setul de reumplere ieftin pentru tehnologia Aromatouch<\/h2>\n<p style=\"font-size: 28px; color: #e20000; font-weight: bold;\">Salva\u021bi 45 %<\/p>\n<p><strong>doTERRA AromaTouch Refill Kit<\/strong> &#8211; Cu acest kit ve\u021bi primi toate uleiurile necesare pentru a reumple produsele dumneavoastr\u0103 cu tehnologie AromaTouch. Setul con\u021bine toate cele 8 uleiuri \u00een 15 ml (uleiul de cocos frac\u021bionat \u0219i cursul de certificare nu sunt incluse). Pute\u021bi utiliza tehnica Aromatouch fie ca tratament balnear lini\u0219titor la domiciliu, fie \u00een sectorul spa \u0219i masaj profesional. Tehnica Aromatouch este extraordinar de potrivit\u0103 pentru a aduce corpul \u00een echilibru mental \u0219i fizic.<\/p>\n","protected":false},"featured_media":6305,"template":"","meta":{"_et_pb_use_builder":"","_et_pb_old_content":"","_et_gb_content_width":""},"product_cat":[15,1921,36,38,39,40,41,43,45,1948,1950,1951,1952,1958,1959,1960,1961,1962,2087,1965,1972,1984,1985],"product_tag":[400],"_links":{"self":[{"href":"https:\/\/www.magnolioworld.com\/green-ro\/wp-json\/wp\/v2\/product\/6301"}],"collection":[{"href":"https:\/\/www.magnolioworld.com\/green-ro\/wp-json\/wp\/v2\/product"}],"about":[{"href":"https:\/\/www.magnolioworld.com\/green-ro\/wp-json\/wp\/v2\/types\/product"}],"wp:featuredmedia":[{"embeddable":true,"href":"https:\/\/www.magnolioworld.com\/green-ro\/wp-json\/wp\/v2\/media\/6305"}],"wp:attachment":[{"href":"https:\/\/www.magnolioworld.com\/green-ro\/wp-json\/wp\/v2\/media?parent=6301"}],"wp:term":[{"taxonomy":"product_cat","embeddable":true,"href":"https:\/\/www.magnolioworld.com\/green-ro\/wp-json\/wp\/v2\/product_cat?post=6301"},{"taxonomy":"product_tag","embeddable":true,"href":"https:\/\/www.magnolioworld.com\/green-ro\/wp-json\/wp\/v2\/product_tag?post=6301"}],"curies":[{"name":"wp","href":"https:\/\/api.w.org\/{rel}","templated":true}]}}