{"id":6300,"date":"2024-02-13T12:51:23","date_gmt":"2024-02-13T11:51:23","guid":{"rendered":"https:\/\/www.magnolio.at\/blauer-lotus-roll-on-doterra-blue-lotus-touch\/"},"modified":"2026-04-10T13:27:53","modified_gmt":"2026-04-10T11:27:53","slug":"ulei-de-blue-lotus-roll-on-doterra-blue-lotus-touch","status":"publish","type":"product","link":"https:\/\/www.magnolioworld.com\/green-ro\/ulei-de-blue-lotus-roll-on-doterra-blue-lotus-touch\/","title":{"rendered":"Ulei de Blue Lotus Roll-On &#8211; doTERRA Blue Lotus Touch"},"content":{"rendered":"<p><strong>doTERRA Blue Lotus Touch<\/strong> &#8211; O raritate valoroas\u0103 \u0219i deosebit de mistic\u0103<\/p>\n<p>Lotusul albastru este o plant\u0103 sacr\u0103 \u00een Egipt. Ca \u0219i scarabeul, simbolizeaz\u0103 \u00eenvierea \u0219i regenerarea. Noaptea se \u00eenchide \u0219i se scufund\u0103, pentru a ie\u0219i \u0219i a se deschide din nou \u00een zori. Cu frunzele sale albastre \u0219i centrul galben, planta este o frumuse\u021be unic\u0103 a naturii. Datorit\u0103 acestei frumuse\u021bi, floarea de lotus a fost adesea reprezentat\u0103 \u00een arta egiptean\u0103 antic\u0103. Aceasta a vizat arhitectura, de exemplu, bordurile grafice \u0219i coloanele, dar \u0219i pictura \u0219i orfevr\u0103ria. Au existat obiecte \u00een form\u0103 de lotus, de exemplu, pahare \u00een form\u0103 de floare de lotus.<\/p>\n<p>Ca \u0219i iasomia, uleiul esen\u021bial din florile delicate ale plantei Nymphaea caerulea nu se ob\u021bine prin distilare cu aburi, ci prin extrac\u021bie. Acest proces deosebit de delicat p\u0103streaz\u0103 parfumul inimitabil, dulce \u0219i mistic.<\/p>\n<p>Florile de lotus albastru sunt cunoscute pentru capacitatea lor de a induce visele lucide \u0219i halucina\u021biile. Cu toate acestea, <strong>doTERRA Blue Lotus Touch<\/strong> nu are efecte secundare sau pericole halucinogene \u0219i poate fi folosit\u0103 \u00een siguran\u021b\u0103. <\/p>\n<p>Datorit\u0103 parfumului s\u0103u extraordinar \u0219i seduc\u0103tor, Blue Lotus poate fi folosit de minune ca un parfum foarte individual, care s\u0103 v\u0103 sublinieze propria personalitate. Aplica\u021bi u\u0219or atingerea pe punctele de puls sau \u00een spatele urechilor.<\/p>\n<p>Blue Lotus poate fi folosit \u00een rutina zilnic\u0103 de \u00eengrijire a pielii datorit\u0103 propriet\u0103\u021bilor sale de regenerare \u0219i hidratare a pielii. Principalul ingredient chimic din Blue Lotus, squalenul, este cunoscut pentru capacitatea sa de a hidrata \u0219i de a men\u021bine pielea hidratat\u0103. \u00cen plus, uleiul de cocos frac\u021bionat din Blue Lotus Touch ofer\u0103 \u0219i mai multe propriet\u0103\u021bi de hidratare \u0219i hidratare.<\/p>\n<p>Fiind un ulei al \u00eenvierii, al regener\u0103rii \u0219i al re\u00eennoirii, Lotus Albastru este minunat pentru a \u00eenso\u021bi medita\u021bia \u0219i yoga \u00een practica spiritual\u0103. De asemenea, are un efect deosebit de calmant \u0219i de echilibrare senzual\u0103 \u00een timpul masajului. Ofer\u0103 o senza\u021bie de relaxare \u0219i regenerare \u0219i, prin urmare, este ideal pentru toate procesele de transformare \u0219i re\u00eennoire.<\/p>\n<p><strong>doTERRA Blue Lotus Touch<\/strong> este un cadou special, senzual \u0219i seduc\u0103tor &#8211; \u0219i pentru a v\u0103 r\u0103sf\u0103\u021ba pe dumneavoastr\u0103.<\/p>\n<p>Sub form\u0103 de stick gata de utilizare, amestecat cu ulei frac\u021bionat de nuc\u0103 de cocos, <strong>doTERRA Blue Lotus Touch<\/strong> are un efect calmant asupra pielii.<\/p>\n<p><strong>Recomandare<\/strong><br \/>\nAromatic: Inhala\u021bi <strong>doTERRA Blue Lotus Touch<\/strong> pe punctele de puls sau \u00een palmele m\u00e2inilor pentru a ridica starea de spirit \u0219i a promova calmul \u0219i relaxarea.<br \/>\nTopic\u0103: \u00cencorpora\u021bi-o \u00een rutina zilnic\u0103 de \u00eengrijire a pielii pentru a regenera \u0219i hidrata optim pielea.<br \/>\nSe aplic\u0103 ca un parfum exotic \u0219i senzual \u00een punctele de puls sau pe g\u00e2t.<\/p>\n<p><strong>Utilizare sigur\u0103<\/strong><br \/>\nA nu se p\u0103stra la \u00eendem\u00e2na copiilor. Dac\u0103 sunte\u021bi \u00eens\u0103rcinat\u0103 sau urma\u021bi un tratament medical, v\u0103 rug\u0103m s\u0103 v\u0103 adresa\u021bi medicului dumneavoastr\u0103. Evita\u021bi contactul cu ochii, urechile interne, fa\u021ba, zonele sensibile \u0219i membranele mucoase.<br \/>\nEste posibil\u0103 iritarea pielii. Numai pentru uz extern.<\/p>\n","protected":false},"excerpt":{"rendered":"<h2 style=\"font-size: 28px;\">Uleiul de \u00eenviere \u0219i regenerare &#8211; o raritate<\/h2>\n<p>doTERRA Blue Lotus Touch &#8211; Lotus albastru este o plant\u0103 sacr\u0103 \u00een Egipt. La fel ca \u0219i scarabeul, simbolizeaz\u0103 \u00eenvierea \u0219i regenerarea, iar uleiul esen\u021bial extras din el este ceva foarte rar \u0219i special. Are un parfum extrem de seduc\u0103tor. Ideal pentru \u00eengrijirea pielii sau ca suport senzual special pentru medita\u021bie \u0219i yoga. Ofer\u0103 o senza\u021bie de relaxare \u0219i regenerare. Ideal pentru toate procesele de transformare \u0219i re\u00eennoire. O experien\u021b\u0103 exotic\u0103, senzual\u0103 \u0219i pl\u0103cut\u0103 &#8211; ideal\u0103 \u0219i ca parfum.<\/p>\n","protected":false},"featured_media":6304,"template":"","meta":{"_et_pb_use_builder":"","_et_pb_old_content":"","_et_gb_content_width":""},"product_cat":[15,50,42,1939,1941,1968],"product_tag":[231,232],"_links":{"self":[{"href":"https:\/\/www.magnolioworld.com\/green-ro\/wp-json\/wp\/v2\/product\/6300"}],"collection":[{"href":"https:\/\/www.magnolioworld.com\/green-ro\/wp-json\/wp\/v2\/product"}],"about":[{"href":"https:\/\/www.magnolioworld.com\/green-ro\/wp-json\/wp\/v2\/types\/product"}],"wp:featuredmedia":[{"embeddable":true,"href":"https:\/\/www.magnolioworld.com\/green-ro\/wp-json\/wp\/v2\/media\/6304"}],"wp:attachment":[{"href":"https:\/\/www.magnolioworld.com\/green-ro\/wp-json\/wp\/v2\/media?parent=6300"}],"wp:term":[{"taxonomy":"product_cat","embeddable":true,"href":"https:\/\/www.magnolioworld.com\/green-ro\/wp-json\/wp\/v2\/product_cat?post=6300"},{"taxonomy":"product_tag","embeddable":true,"href":"https:\/\/www.magnolioworld.com\/green-ro\/wp-json\/wp\/v2\/product_tag?post=6300"}],"curies":[{"name":"wp","href":"https:\/\/api.w.org\/{rel}","templated":true}]}}