{"id":628,"date":"2020-04-22T14:01:03","date_gmt":"2020-04-22T12:01:03","guid":{"rendered":"https:\/\/www.magnolio.shop\/black-pepper-schwarzer-pfeffer\/"},"modified":"2025-11-17T17:37:46","modified_gmt":"2025-11-17T16:37:46","slug":"ulei-de-piper-negru-doterra-black-pepper","status":"publish","type":"product","link":"https:\/\/www.magnolioworld.com\/green-ro\/ulei-de-piper-negru-doterra-black-pepper\/","title":{"rendered":"Ulei de piper negru &#8211; doTERRA Black Pepper"},"content":{"rendered":"<p><strong>DoTERRA Black Pepper<\/strong> &#8211; condiment de buc\u0103t\u0103rie, precum \u0219i c\u0103ldur\u0103 interioar\u0103 \u0219i \u00eent\u0103rirea sistemului imunitar<\/p>\n<p>Piperul negru este bine cunoscut pentru capacitatea sa de a aromatiza m\u00e2nc\u0103rurile \u0219i de a spori gustul alimentelor. Dar uleiul s\u0103u esen\u021bial ofer\u0103, de asemenea, o gam\u0103 larg\u0103 de aplica\u021bii. Gustul \u00een\u021bep\u0103tor al piperului negru \u00eel face un accesoriu ideal pentru carne, supe \u0219i antreuri. Datorit\u0103 compozi\u021biei chimice a piperului negru, acest ulei esen\u021bial de piper este mult mai mult dec\u00e2t un simplu condiment practic pentru buc\u0103t\u0103rie.<br \/>\n<strong>DoTERRA Black Pepper<\/strong> este bogat \u00een monoterpene \u0219i sesquiterpene, substan\u021be chimice naturale cunoscute pentru efectele lor antioxidante.  <\/p>\n<p>Din punct de vedere emo\u021bional, uleiul de demascare v\u0103 poate ajuta s\u0103 v\u0103 ar\u0103ta\u021bi adev\u0103ratul sine \u0219i s\u0103 tr\u0103i\u021bi \u00een consecin\u021b\u0103. De asemenea, ajut\u0103 s\u0103 fii sincer cu tine \u00eensu\u021bi \u0219i cu sentimentele tale. Pentru a ob\u021bine acest efect, uleiul poate fi inhalat direct din flacon cu respira\u021bii profunde sau inhalat prin \u00eencheieturi.<\/p>\n<p><strong>Recomandare<br \/>\n<\/strong>Aromatic: 3-4 pic\u0103turi \u00eempreun\u0103 cu Wild Orange sau alte uleiuri de citrice \u00een difuzor.<br \/>\nIntern: Da\u021bi max.1 Pic\u0103turi de DoTERRA Black Pepper pentru a rafina m\u00e2nc\u0103rurile din carne, supele \u0219i salatele. V\u0103 rug\u0103m s\u0103 re\u021bine\u021bi: Mai pu\u021bin \u00eenseamn\u0103 mai mult. O cantitate mic\u0103 de ulei (v\u00e2rful unei scobitori) este adesea suficient\u0103. Poate fi combinat minunat \u0219i cu coriandru (coriandru de plante).<br \/>\nTopic: ca masaj de \u00eenc\u0103lzire pentru articula\u021bii \u0219i mu\u0219chi, se amestec\u0103 5 pic\u0103turi cu 10 ml de ulei purt\u0103tor.<\/p>\n<p><strong>Utilizare sigur\u0103<\/strong><br \/>\nV\u0103 rug\u0103m s\u0103 ave\u021bi grij\u0103 s\u0103 nu folosi\u021bi mai mult de 1 pic\u0103tur\u0103 pe zi pe cale intern\u0103. A nu se p\u0103stra la \u00eendem\u00e2na copiilor. Dac\u0103 sunte\u021bi \u00eens\u0103rcinat\u0103 sau urma\u021bi un tratament medical, v\u0103 rug\u0103m s\u0103 v\u0103 adresa\u021bi medicului dumneavoastr\u0103. Evita\u021bi contactul cu ochii, urechile interne, fa\u021ba, zonele sensibile \u0219i membranele mucoase. \u00centotdeauna dilua\u021bi uleiul cu un ulei purt\u0103tor (de exemplu, ulei de cocos frac\u021bionat) pentru aplicarea local\u0103.<\/p>\n","protected":false},"excerpt":{"rendered":"<h2 style=\"font-size: 28px\">Uleiul de demascare<\/h2>\n<p>DoTERRA Black Pepper &#8211; Este un adaos deosebit de valoros \u00een buc\u0103t\u0103rie pentru a rotunji \u0219i intensifica m\u00e2nc\u0103rurile. Datorit\u0103 efectului s\u0103u \u00eenc\u0103lzitor \u0219i lini\u0219titor, poate fi folosit de asemenea minunat pentru masaje sau \u00een arom\u0103 pentru a \u00eenc\u0103lzi sufletul. Din punct de vedere emo\u021bional, poate fi de ajutor s\u0103 dai jos m\u0103\u0219tile \u0219i s\u0103 vezi \u00een spatele fa\u021badei.<\/p>\n","protected":false},"featured_media":4135,"template":"","meta":{"_et_pb_use_builder":"","_et_pb_old_content":"","_et_gb_content_width":""},"product_cat":[15,50,1938,1941],"product_tag":[79,75,80,78,76,77],"_links":{"self":[{"href":"https:\/\/www.magnolioworld.com\/green-ro\/wp-json\/wp\/v2\/product\/628"}],"collection":[{"href":"https:\/\/www.magnolioworld.com\/green-ro\/wp-json\/wp\/v2\/product"}],"about":[{"href":"https:\/\/www.magnolioworld.com\/green-ro\/wp-json\/wp\/v2\/types\/product"}],"wp:featuredmedia":[{"embeddable":true,"href":"https:\/\/www.magnolioworld.com\/green-ro\/wp-json\/wp\/v2\/media\/4135"}],"wp:attachment":[{"href":"https:\/\/www.magnolioworld.com\/green-ro\/wp-json\/wp\/v2\/media?parent=628"}],"wp:term":[{"taxonomy":"product_cat","embeddable":true,"href":"https:\/\/www.magnolioworld.com\/green-ro\/wp-json\/wp\/v2\/product_cat?post=628"},{"taxonomy":"product_tag","embeddable":true,"href":"https:\/\/www.magnolioworld.com\/green-ro\/wp-json\/wp\/v2\/product_tag?post=628"}],"curies":[{"name":"wp","href":"https:\/\/api.w.org\/{rel}","templated":true}]}}