{"id":626,"date":"2020-04-22T14:01:02","date_gmt":"2020-04-22T12:01:02","guid":{"rendered":"https:\/\/www.magnolio.shop\/basil-basilikum\/"},"modified":"2026-03-02T16:49:50","modified_gmt":"2026-03-02T15:49:50","slug":"ulei-de-busuioc-doterra-basil","status":"publish","type":"product","link":"https:\/\/www.magnolioworld.com\/green-ro\/ulei-de-busuioc-doterra-basil\/","title":{"rendered":"Ulei de busuioc &#8211; doTERRA Basil"},"content":{"rendered":"<p><strong>dotERRA Busuioc <\/strong>&#8211; Ideal pentru buc\u0103t\u0103rie \u0219i pentru relaxarea mu\u0219chilor<\/p>\n<p>Aroma cald\u0103, condimentat\u0103 \u0219i totu\u0219i erbacee a busuiocului, care cre\u0219te p\u00e2n\u0103 la 60 cm \u00een\u0103l\u021bime, este cunoscut\u0103 pentru c\u0103 d\u0103 un sentiment de calm \u0219i de concentrare. Busuiocul are propriet\u0103\u021bi benefice pentru corp \u0219i minte datorit\u0103 con\u021binutului ridicat de linalol. Prin urmare, este modalitatea ideal\u0103 de a reduce senza\u021bia de tensiune. Pur \u0219i simplu aplica\u021bi doTERRA Basil pe t\u00e2mple \u0219i pe ceaf\u0103.  <br \/>\n\u00cen buc\u0103t\u0103rie, uleiul de busuioc confer\u0103 o arom\u0103 proasp\u0103t\u0103, ierboas\u0103, \u00een special c\u0103rnii, dar \u0219i pastelor \u0219i antreurilor.<\/p>\n<p>Din punct de vedere emo\u021bional, este uleiul re\u00eennoirii \u0219i ajut\u0103 la acceptarea mai rapid\u0103 \u0219i f\u0103r\u0103 team\u0103 a situa\u021biilor noi. Pentru a face acest lucru, v\u0103 recomand\u0103m s\u0103 turna\u021bi uleiul \u00een difuzor sau s\u0103 \u00eel inhala\u021bi intensiv prin palmele m\u00e2inilor.<\/p>\n<p><strong>Recomandare<\/strong><br \/>\nAromatic: Ad\u0103uga\u021bi 3-4 pic\u0103turi de busuioc doTERRA la un difuzor. Ideal \u00eempreun\u0103 cu Geranium \u0219i Wild Orange.<br \/>\nIntern: Ad\u0103uga\u021bi 1 pic\u0103tur\u0103 \u00eentr-o vinegret\u0103 sau pentru a rafina m\u00e2nc\u0103rurile italiene preferate. Re\u021bine\u021bi c\u0103 mai pu\u021bin \u00eenseamn\u0103 mai mult. O cantitate mic\u0103 de ulei (v\u00e2rful unei scobitori) este adesea suficient\u0103.<br \/>\nTopic: Ca masaj relaxant, se amestec\u0103 5 pic\u0103turi cu 10 ml de ulei purt\u0103tor. Se amestec\u0103 5 pic\u0103turi cu 5 ml de ulei purt\u0103tor sau lapte sau crem\u0103 de migdale ca baie de wellness.  <\/p>\n<p><strong>Utilizare sigur\u0103<\/strong><br \/>\nUtiliza\u021bi maxim 1 pic\u0103tur\u0103 pe zi pe cale intern\u0103. Poate provoca irita\u021bii ale pielii. A nu se p\u0103stra la \u00eendem\u00e2na copiilor. Utiliza\u021bi cel mult o pic\u0103tur\u0103 pe plan intern. Dac\u0103 sunte\u021bi \u00eens\u0103rcinat\u0103 sau urma\u021bi un tratament medical, v\u0103 rug\u0103m s\u0103 v\u0103 adresa\u021bi medicului dumneavoastr\u0103. Evita\u021bi contactul cu ochii, urechile interne, fa\u021ba, zonele sensibile \u0219i membranele mucoase. Pentru uz topic, v\u0103 rug\u0103m s\u0103 dilua\u021bi \u00eentotdeauna uleiurile cu un ulei purt\u0103tor (de exemplu, ulei de cocos frac\u021bionat).<\/p>\n","protected":false},"excerpt":{"rendered":"<h2 style=\"font-size: 28px\">Uleiul de re\u00eennoire<\/h2>\n<p>Uleiul de busuioc de la doTERRA are un efect relaxant \u0219i regenerator asupra corpului \u0219i min\u021bii. Este gustos \u00een m\u00e2nc\u0103ruri din carne, paste \u0219i antreuri.<\/p>\n","protected":false},"featured_media":4179,"template":"","meta":{"_et_pb_use_builder":"","_et_pb_old_content":"","_et_gb_content_width":""},"product_cat":[15,50,1938,1942],"product_tag":[67,70,68,69],"_links":{"self":[{"href":"https:\/\/www.magnolioworld.com\/green-ro\/wp-json\/wp\/v2\/product\/626"}],"collection":[{"href":"https:\/\/www.magnolioworld.com\/green-ro\/wp-json\/wp\/v2\/product"}],"about":[{"href":"https:\/\/www.magnolioworld.com\/green-ro\/wp-json\/wp\/v2\/types\/product"}],"wp:featuredmedia":[{"embeddable":true,"href":"https:\/\/www.magnolioworld.com\/green-ro\/wp-json\/wp\/v2\/media\/4179"}],"wp:attachment":[{"href":"https:\/\/www.magnolioworld.com\/green-ro\/wp-json\/wp\/v2\/media?parent=626"}],"wp:term":[{"taxonomy":"product_cat","embeddable":true,"href":"https:\/\/www.magnolioworld.com\/green-ro\/wp-json\/wp\/v2\/product_cat?post=626"},{"taxonomy":"product_tag","embeddable":true,"href":"https:\/\/www.magnolioworld.com\/green-ro\/wp-json\/wp\/v2\/product_tag?post=626"}],"curies":[{"name":"wp","href":"https:\/\/api.w.org\/{rel}","templated":true}]}}