{"id":6080,"date":"2024-01-16T17:46:23","date_gmt":"2024-01-16T16:46:23","guid":{"rendered":"https:\/\/www.magnolio.at\/doterra-plant-protein-chocolate\/"},"modified":"2025-09-23T18:32:53","modified_gmt":"2025-09-23T16:32:53","slug":"doterra-plant-protein-chocolate","status":"publish","type":"product","link":"https:\/\/www.magnolioworld.com\/green-ro\/doterra-plant-protein-chocolate\/","title":{"rendered":"doTERRA Plant Protein Chocolate"},"content":{"rendered":"<p><strong>doTERRA Plant Protein Chocolate <\/strong>&#8211; Putere proteic\u0103 pe baz\u0103 de plante de \u00eenalt\u0103 calitate cu arom\u0103 de ciocolat\u0103<\/p>\n<p>Acest produs proteic de \u00eenalt\u0103 calitate, bazat exclusiv pe plante, a fost produs special pentru Europa pentru a furniza organismului proteine vitale \u0219i, prin urmare, aminoacizi. Acest lucru se datoreaz\u0103 faptului c\u0103 proteinele sunt formate din lan\u021buri lungi de 20 de aminoacizi diferi\u021bi. Corpul nostru are nevoie de proteine pentru func\u021bii corporale importante, cum ar fi construirea \u0219i repararea mu\u0219chilor \u0219i a oaselor. Acestea sunt, de asemenea, importante pentru regenerarea \u0219i re\u00eennoirea celular\u0103.  <\/p>\n<p><strong>Ciocolata cu proteine vegetale doTERRA Plant Protein Chocolate <\/strong>este fabricat\u0103 pe o baz\u0103 pur vegetal\u0103 din proteine vegetale de \u00eenalt\u0103 calitate, cum ar fi maz\u0103rea, orezul brun, n\u0103utul \u0219i cartofii. Proteina vegetal\u0103 acoper\u0103 necesarul zilnic de to\u021bi cei 9 aminoacizi esen\u021biali (EAA) \u0219i 3 aminoacizi cu lan\u021b ramificat (BGAA) \u00eentr-un mod complet natural. Acesta con\u021bine 17 din 20 de aminoacizi.<\/p>\n<p>Esen\u021bial pentru formarea optim\u0103 a oaselor \u0219i pentru cre\u0219terea muscular\u0103 \u0219i men\u021binerea masei musculare. Fie c\u0103 este vorba de formare sau pur \u0219i simplu pentru a men\u021bine \u0219i \u00eembun\u0103t\u0103\u021bi calitatea vie\u021bii. De asemenea, este ideal pentru echilibrarea ciclului menstrual, pentru sus\u021binerea mu\u0219chilor \u0219i oaselor \u00een timpul menopauzei sau pentru dezvoltarea oaselor la copii. Studiile arat\u0103, de asemenea, c\u0103 optimizarea aportului de proteine \u0219i alegerea surselor corecte de proteine poate avea un impact semnificativ asupra capacit\u0103\u021bilor cognitive la v\u00e2rste \u00eenaintate. Cu alte cuvinte, un important produs anti-\u00eemb\u0103tr\u00e2nire.<br \/>\nIdeal pentru a completa dieta vegetarienilor sau veganilor.<\/p>\n<p><strong>Utilizare recomandat\u0103<br \/>\n<\/strong>Amesteca\u021bi sau amesteca\u021bi 2 linguri (aprox. 32 g) de doTERRA Plant Protein Chocolate cu 250 ml de ap\u0103, lapte sau o b\u0103utur\u0103 la alegere p\u00e2n\u0103 c\u00e2nd devine omogen\u0103 \u0219i cremoas\u0103. Pentru a intensifica aroma \u0219i a \u00eembun\u0103t\u0103\u021bi valoarea nutritiv\u0103, ad\u0103uga\u021bi fructe \u0219i legume. Nu ezita\u021bi s\u0103 ad\u0103uga\u021bi o pic\u0103tur\u0103 din uleiul dumneavoastr\u0103 preferat.  <strong><br \/>\n<\/strong>Poate fi utilizat \u0219i \u00eempreun\u0103 cu MetaPWR Advantage.<strong><br \/>\n<\/strong>O por\u021bie con\u021bine 22 g de proteine vegane.<strong><\/p>\n<p>Sigur de utilizat<\/strong><br \/>\nA nu se p\u0103stra la \u00eendem\u00e2na copiilor. Ave\u021bi grij\u0103 s\u0103 nu dep\u0103\u0219i\u021bi doza zilnic\u0103 recomandat\u0103. V\u0103 rug\u0103m s\u0103 re\u021bine\u021bi c\u0103 suplimentele alimentare nu pot \u00eenlocui o diet\u0103 complet\u0103 \u0219i echilibrat\u0103 \u0219i un stil de via\u021b\u0103 s\u0103n\u0103tos. Femeile \u00eens\u0103rcinate \u0219i care al\u0103pteaz\u0103, precum \u0219i persoanele cu probleme de s\u0103n\u0103tate cunoscute trebuie s\u0103 solicite sfatul medicului \u00eenainte de a lua acest produs. Depozita\u021bi \u00eentr-un loc r\u0103coros \u0219i uscat. V\u0103 rug\u0103m s\u0103 re\u021bine\u021bi data limit\u0103 de consum.<\/p>\n","protected":false},"excerpt":{"rendered":"<h2>Putere proteic\u0103 ciocolat\u0103<\/h2>\n<p><strong>doTERRA Plant Protein Chocolate <\/strong>&#8211; Pentru a sus\u021bine un aport optim de proteine vegetale de \u00eenalt\u0103 calitate, cum ar fi maz\u0103rea, orezul brun, n\u0103utul \u0219i cartofii. Proteina vegetal\u0103 acoper\u0103 necesarul zilnic de to\u021bi cei 9 aminoacizi esen\u021biali \u00eentr-un mod complet natural. Esen\u021bial pentru formarea optim\u0103 a oaselor \u0219i cre\u0219terea muscular\u0103, fie \u00een timpul antrenamentului, fie pur \u0219i simplu pentru men\u021binerea \u0219i \u00eembun\u0103t\u0103\u021birea calit\u0103\u021bii vie\u021bii. De asemenea, este ideal pentru echilibrarea ciclului menstrual, \u00een timpul menopauzei sau pentru dezvoltarea oaselor la copii. Ideal pentru a completa dieta vegetarienilor sau veganilor. Disponibil \u00een arome de vanilie \u0219i ciocolat\u0103.<\/p>\n","protected":false},"featured_media":6083,"template":"","meta":{"_et_pb_use_builder":"","_et_pb_old_content":"","_et_gb_content_width":""},"product_cat":[15,52,36,39,42,1945,1946,2083,2002,1952,1953,1963,1964,1968,1970],"product_tag":[581],"_links":{"self":[{"href":"https:\/\/www.magnolioworld.com\/green-ro\/wp-json\/wp\/v2\/product\/6080"}],"collection":[{"href":"https:\/\/www.magnolioworld.com\/green-ro\/wp-json\/wp\/v2\/product"}],"about":[{"href":"https:\/\/www.magnolioworld.com\/green-ro\/wp-json\/wp\/v2\/types\/product"}],"wp:featuredmedia":[{"embeddable":true,"href":"https:\/\/www.magnolioworld.com\/green-ro\/wp-json\/wp\/v2\/media\/6083"}],"wp:attachment":[{"href":"https:\/\/www.magnolioworld.com\/green-ro\/wp-json\/wp\/v2\/media?parent=6080"}],"wp:term":[{"taxonomy":"product_cat","embeddable":true,"href":"https:\/\/www.magnolioworld.com\/green-ro\/wp-json\/wp\/v2\/product_cat?post=6080"},{"taxonomy":"product_tag","embeddable":true,"href":"https:\/\/www.magnolioworld.com\/green-ro\/wp-json\/wp\/v2\/product_tag?post=6080"}],"curies":[{"name":"wp","href":"https:\/\/api.w.org\/{rel}","templated":true}]}}