{"id":5959,"date":"2023-11-29T13:20:39","date_gmt":"2023-11-29T12:20:39","guid":{"rendered":"https:\/\/www.magnolio.at\/doterra-spa-basics-kit\/"},"modified":"2025-05-06T10:53:16","modified_gmt":"2025-05-06T08:53:16","slug":"doterra-spa-basics-kit","status":"publish","type":"product","link":"https:\/\/www.magnolioworld.com\/green-ro\/doterra-spa-basics-kit\/","title":{"rendered":"doTERRA SPA Basics Kit"},"content":{"rendered":"<p><strong>doTERRA SPA Basics Kit<\/strong> &#8211; Setul de \u00eenceput pentru \u00eengrijirea natural\u0103 a corpului<\/p>\n<div class=\"spotlight__head-copy u--mb-20 u--mt-20\">\n<p>R\u0103sf\u0103\u021bul poate fi at\u00e2t de u\u0219or: pur \u0219i simplu cele mai bune substan\u021be vegetale naturale \u0219i uleiuri esen\u021biale valoroase.<\/p>\n<p>Cu <strong>doTERRA SPA Basics Kit<\/strong>, acest lucru este foarte u\u0219or. Bucura\u021bi-v\u0103 de cur\u0103\u021barea delicat\u0103 \u0219i de parfumul stimulativ al gelului de du\u0219 revigorant. Apoi hidrateaz\u0103 \u0219i hr\u0103ne\u0219te-\u021bi corpul cu lo\u021biunea u\u0219oar\u0103 \u0219i m\u0103t\u0103soas\u0103 pentru m\u00e2ini \u0219i corp.<\/p>\n<\/div>\n<p>\n<span style=\"text-decoration: underline;\">Produse incluse \u00een kitul SPA Basics:<\/span><\/p>\n<p>&#8211; doTERRA Body Wash<br \/>\n&#8211; doTERRA Hand Lotion<\/p>\n<p>R\u0103sf\u0103\u021ba\u021bi-v\u0103 cu o \u00eengrijire corporal\u0103 perfect\u0103, revigorant\u0103 diminea\u021ba \u0219i relaxant\u0103 seara, dup\u0103 o zi lung\u0103.<\/p>\n<p>De asemenea, ideal ca un cadou valoros. Aici, \u00eentr-un set economic.<\/p>\n<p>Dac\u0103 dori\u021bi s\u0103 folosi\u021bi mai multe produse din gama SPA, pute\u021bi face acest lucru cu seturile ieftine SPA Luxury Kit \u0219i Total SPA Kit.<\/p>\n<p><strong>Recomandare<\/strong><br \/>\nRe\u021bine\u021bi recomand\u0103rile pentru fiecare produs \u00een parte.<\/p>\n<p><strong>Utilizare sigur\u0103<br \/>\n<\/strong>Respecta\u021bi instruc\u021biunile pentru fiecare produs \u00een parte.<\/p>\n","protected":false},"excerpt":{"rendered":"<h2>Setul de r\u0103sf\u0103\u021b pentru \u00eenceput pentru corp<\/h2>\n<p style=\"font-size: 28px; color: #e20000; font-weight: bold;\">Salva\u021bi 41 %<\/p>\n<p>doTERRA SPA Basics Kit &#8211; Setul de \u00eenceput pentru r\u0103sf\u0103\u021b pentru \u00eengrijirea natural\u0103 a corpului cu puterea pur\u0103 a naturii.<\/p>\n","protected":false},"featured_media":5973,"template":"","meta":{"_et_pb_use_builder":"","_et_pb_old_content":"","_et_gb_content_width":""},"product_cat":[15,1921],"product_tag":[],"_links":{"self":[{"href":"https:\/\/www.magnolioworld.com\/green-ro\/wp-json\/wp\/v2\/product\/5959"}],"collection":[{"href":"https:\/\/www.magnolioworld.com\/green-ro\/wp-json\/wp\/v2\/product"}],"about":[{"href":"https:\/\/www.magnolioworld.com\/green-ro\/wp-json\/wp\/v2\/types\/product"}],"wp:featuredmedia":[{"embeddable":true,"href":"https:\/\/www.magnolioworld.com\/green-ro\/wp-json\/wp\/v2\/media\/5973"}],"wp:attachment":[{"href":"https:\/\/www.magnolioworld.com\/green-ro\/wp-json\/wp\/v2\/media?parent=5959"}],"wp:term":[{"taxonomy":"product_cat","embeddable":true,"href":"https:\/\/www.magnolioworld.com\/green-ro\/wp-json\/wp\/v2\/product_cat?post=5959"},{"taxonomy":"product_tag","embeddable":true,"href":"https:\/\/www.magnolioworld.com\/green-ro\/wp-json\/wp\/v2\/product_tag?post=5959"}],"curies":[{"name":"wp","href":"https:\/\/api.w.org\/{rel}","templated":true}]}}