{"id":5083,"date":"2023-07-18T12:53:25","date_gmt":"2023-07-18T10:53:25","guid":{"rendered":"https:\/\/www.magnolio.at\/doterra-aromatouch-kit\/"},"modified":"2025-05-06T11:00:19","modified_gmt":"2025-05-06T09:00:19","slug":"doterra-aromatouch-kit","status":"publish","type":"product","link":"https:\/\/www.magnolioworld.com\/green-ro\/doterra-aromatouch-kit\/","title":{"rendered":"doTERRA AromaTouch Kit"},"content":{"rendered":"<p><strong>doTERRA AromaTouch Kit<\/strong> &#8211; Intrarea \u00een lumea tehnologiei doTERRA AromaTouch.<\/p>\n<p>Acest kit con\u021bine toate uleiurile de care ave\u021bi nevoie pentru a efectua tehnica relaxant\u0103 Aromatouch. Fie ca un tratament spa lini\u0219titor acas\u0103, fie \u00eentr-un centru spa \u0219i de masaj profesionist.<br \/>\nPe l\u00e2ng\u0103 cele 8 (5 ml) uleiuri relaxante, regeneratoare \u0219i r\u0103coritoare, ve\u021bi primi \u0219i ulei de cocos ca ulei suport hr\u0103nitor pentru masaj.<\/p>\n<p>Aceast\u0103 tehnic\u0103 Aromatouch, dezvoltat\u0103 special de doTERRA, este o modalitate minunat\u0103 de a atenua stresul cronic \u0219i de a ob\u021bine un echilibru mental \u0219i fizic optim.<\/p>\n<p><span style=\"text-decoration: underline;\">Aplicarea are loc \u00een 4 etape succesive:<\/span><\/p>\n<p>1. Echilibrarea stresului: Cu amestecul de uleiuri de \u00eemp\u0103m\u00e2ntare doTERRA Balance \u0219i ulei de lavand\u0103.<br \/>\n2. \u00eent\u0103rirea sistemului imunitar: Cu ulei de arbore de ceai \u0219i amestecul protector doTERRA On Guard.<br \/>\n3. echilibreaz\u0103 procesele inflamatorii: Cu ajutorul amestecului de masaj Aromatouch \u0219i al amestecului lini\u0219titor Deep Blue.<br \/>\n4. homeostazia (echilibru fizic \u0219i psihic) \u0219i \u00eemprosp\u0103tarea: cu uleiuri de portocal\u0103 s\u0103lbatic\u0103 \u0219i ment\u0103.<\/p>\n<p>Cu doar c\u00e2teva pic\u0103turi din aceste amestecuri naturale complexe \u0219i parfumate din doTERRA AromaTouch Kit, pute\u021bi evoca r\u0103spunsuri emo\u021bionale \u0219i fizice profunde. V\u0103 pute\u021bi elibera de poveri, pute\u021bi g\u0103si alinare \u0219i \u00eencurajare, v\u0103 pute\u021bi inspira sau visa din nou cu pasiune.<\/p>\n<div class=\"flex flex-grow flex-col gap-3 max-w-full\">\n<div class=\"min-h-[20px] flex flex-col items-start gap-3 whitespace-pre-wrap break-words overflow-x-auto\">\n<div class=\"markdown prose w-full break-words dark:prose-invert dark\">\n<p><strong>doTERRA AromaTouch Kit<\/strong> &#8211; Un start ideal \u00een lumea fascinant\u0103 a tehnologiei AromaTouch sau pentru aplica\u021bii profesionale \u00een spa-uri. <br \/>\nKitul de formare Aromatouch cu curs de certificare de la inventatorul Aromatouch, Dr. Hill, este ideal pentru \u00eencep\u0103tori \u00een utilizarea tehnicii Aromatouch. Acesta con\u021bine 15 ml de uleiuri \u0219i amestecuri de uleiuri.<\/p>\n<p>De asemenea, o noutate este kitul de reumplere doTERRA AromaTouch pentru reumplerea uleiurilor Aromatouch.<\/p>\n<p>De asemenea, ideal ca un cadou valoros.<\/p>\n<p><strong>Recomandare<\/strong><br \/>\nRe\u021bine\u021bi recomand\u0103rile pentru fiecare produs \u00een parte.<\/p>\n<p><strong>Utilizare sigur\u0103<br \/>\n<\/strong>Respecta\u021bi instruc\u021biunile pentru fiecare produs \u00een parte.<\/p>\n<\/div>\n<\/div>\n<\/div>\n","protected":false},"excerpt":{"rendered":"<h2 style=\"font-size: 28px;\">Kitul pentru tehnica Aromatouch<\/h2>\n<p style=\"font-size: 28px; color: #e20000; font-weight: bold;\">Salva\u021bi 26 %<\/p>\n<p><strong>doTERRA AromaTouch Kit<\/strong> &#8211; Cu acest kit ve\u021bi primi toate uleiurile necesare pentru a realiza tehnica relaxant\u0103 AromaTouch. Fie ca un tratament spa lini\u0219titor acas\u0103, fie \u00eentr-un centru spa \u0219i de masaj profesionist. Pe l\u00e2ng\u0103 cele 8 (5 ml) uleiuri relaxante, regeneratoare \u0219i r\u0103coritoare, ve\u021bi primi \u0219i ulei de cocos frac\u021bionat ca ulei suport hr\u0103nitor pentru masaj. Tehnica Aromatouch este extraordinar de potrivit\u0103 pentru a aduce corpul \u00een echilibru mental \u0219i fizic.<\/p>\n","protected":false},"featured_media":5087,"template":"","meta":{"_et_pb_use_builder":"","_et_pb_old_content":"","_et_gb_content_width":""},"product_cat":[15,1921,36,38,39,40,41,43,45,1948,1950,1951,1952,1958,1959,1960,1961,1962,2087,1965,1972,1984,1985],"product_tag":[400],"_links":{"self":[{"href":"https:\/\/www.magnolioworld.com\/green-ro\/wp-json\/wp\/v2\/product\/5083"}],"collection":[{"href":"https:\/\/www.magnolioworld.com\/green-ro\/wp-json\/wp\/v2\/product"}],"about":[{"href":"https:\/\/www.magnolioworld.com\/green-ro\/wp-json\/wp\/v2\/types\/product"}],"wp:featuredmedia":[{"embeddable":true,"href":"https:\/\/www.magnolioworld.com\/green-ro\/wp-json\/wp\/v2\/media\/5087"}],"wp:attachment":[{"href":"https:\/\/www.magnolioworld.com\/green-ro\/wp-json\/wp\/v2\/media?parent=5083"}],"wp:term":[{"taxonomy":"product_cat","embeddable":true,"href":"https:\/\/www.magnolioworld.com\/green-ro\/wp-json\/wp\/v2\/product_cat?post=5083"},{"taxonomy":"product_tag","embeddable":true,"href":"https:\/\/www.magnolioworld.com\/green-ro\/wp-json\/wp\/v2\/product_tag?post=5083"}],"curies":[{"name":"wp","href":"https:\/\/api.w.org\/{rel}","templated":true}]}}